{"id":38880,"date":"2026-04-18T18:12:53","date_gmt":"2026-04-18T18:12:53","guid":{"rendered":"https:\/\/singuli.wpress.me\/index.php\/proizvod\/barbie-osnovna-sirena\/"},"modified":"2026-04-20T12:33:26","modified_gmt":"2026-04-20T12:33:26","slug":"barbie-osnovna-sirena","status":"publish","type":"product","link":"https:\/\/singuli.wpress.me\/index.php\/proizvod\/barbie-osnovna-sirena\/","title":{"rendered":"BARBIE, osnovna sirena"},"content":{"rendered":"<p>Barbie sirena je idealna igra\u010dka za sve ljubitelje bajki i morskog svijeta!<\/p>\n<p>Djeca se mogu prepustiti ma\u0161ti i zamisliti razli\u010dite pri\u010de sa svojom Barbie sirenom. Njen duga\u010dak rep ima pa\u017eljivo izra\u0111ene ljuske, a uz svoj top od \u0161koljki i prekasnu dugu kosu izgleda \u010darobno!<\/p>\n<p>Boje i dekoracije mogu se razlikovati od onih prikazanih na pakiranju.<\/p>\n<p>Igra\u010dka dolazi u vi\u0161e razli\u010ditih modela, a isporuka ovisi o njihovoj trenutnoj raspolo\u017eivosti. <\/p>\n","protected":false},"excerpt":{"rendered":"<p>Idealna igra\u010dka za sve ljubitelje bajki i morskog svijeta<br \/>\nBoje i dekoracije mogu se razlikovati od onih prikazanih na pakiranju<br \/>\nIgra\u010dka dolazi u vi\u0161e razli\u010ditih modela<\/p>\n","protected":false},"featured_media":38881,"template":"","meta":{"_seopress_robots_primary_cat":"","_seopress_titles_title":"","_seopress_titles_desc":"","_seopress_robots_index":"","iawp_total_views":0},"product_brand":[324],"product_cat":[221,291],"product_tag":[],"class_list":{"0":"post-38880","1":"product","2":"type-product","3":"status-publish","4":"has-post-thumbnail","6":"product_brand-barbie","7":"product_cat-igracke","8":"product_cat-igracke-za-djecu-221","10":"first","11":"instock","12":"shipping-taxable","13":"purchasable","14":"product-type-simple"},"_links":{"self":[{"href":"https:\/\/singuli.wpress.me\/index.php\/wp-json\/wp\/v2\/product\/38880","targetHints":{"allow":["GET"]}}],"collection":[{"href":"https:\/\/singuli.wpress.me\/index.php\/wp-json\/wp\/v2\/product"}],"about":[{"href":"https:\/\/singuli.wpress.me\/index.php\/wp-json\/wp\/v2\/types\/product"}],"version-history":[{"count":0,"href":"https:\/\/singuli.wpress.me\/index.php\/wp-json\/wp\/v2\/product\/38880\/revisions"}],"wp:featuredmedia":[{"embeddable":true,"href":"https:\/\/singuli.wpress.me\/index.php\/wp-json\/wp\/v2\/media\/38881"}],"wp:attachment":[{"href":"https:\/\/singuli.wpress.me\/index.php\/wp-json\/wp\/v2\/media?parent=38880"}],"wp:term":[{"taxonomy":"product_brand","embeddable":true,"href":"https:\/\/singuli.wpress.me\/index.php\/wp-json\/wp\/v2\/product_brand?post=38880"},{"taxonomy":"product_cat","embeddable":true,"href":"https:\/\/singuli.wpress.me\/index.php\/wp-json\/wp\/v2\/product_cat?post=38880"},{"taxonomy":"product_tag","embeddable":true,"href":"https:\/\/singuli.wpress.me\/index.php\/wp-json\/wp\/v2\/product_tag?post=38880"}],"curies":[{"name":"wp","href":"https:\/\/api.w.org\/{rel}","templated":true}]}}