{"id":38886,"date":"2026-04-18T18:12:55","date_gmt":"2026-04-18T18:12:55","guid":{"rendered":"https:\/\/singuli.wpress.me\/index.php\/proizvod\/spirax-s4-tx-super-univerzalno-traktorsko-ulje-stou-20-l\/"},"modified":"2026-04-20T12:33:26","modified_gmt":"2026-04-20T12:33:26","slug":"spirax-s4-tx-super-univerzalno-traktorsko-ulje-stou-20-l","status":"publish","type":"product","link":"https:\/\/singuli.wpress.me\/index.php\/proizvod\/spirax-s4-tx-super-univerzalno-traktorsko-ulje-stou-20-l\/","title":{"rendered":"SPIRAX S4 TX, super univerzalno traktorsko ulje (STOU), 20\u00a0l"},"content":{"rendered":"<p>Vrhunsko super univerzalno traktorsko ulje (STOU) dizajnirano na bazi Shellovih HXVI tehnologiji baznih ulja i naprednih paketa aditiva. Omogu\u0107ava odli\u010dne performanse motora, prijenosa i hidrauli\u010dkih sustava u \u0161irokom spektru poljoprivredne opreme.Produljuje trajanje mehani\u010dkih komponenti sprje\u010davaju\u0107i zaribavanje svih radnih dijelova te sprje\u010dava o\u0161te\u0107enja metala. Osigurava znatno ve\u0107u razinu \u010disto\u0107e motora zahvaljuju\u0107i polimernim aditivima kojima se pobolj\u0161avaju karakteristike viskoznosti pri \u0161irokom spektru temperatura. Smanjena potro\u0161nja goriva, odli\u010dna za\u0161tita zup\u010danika, dobra oksidacijska stabilnost i izvrsna za\u0161tita od korozije su dodatne prednosti.<\/p>\n<p>Specifikacija: Massey-Ferguson MF M1139, MF M 1145, John Deere JDM J27, Caterpillar CAT TO-2, ZF TE-ML 06B, 06D, 06F, 06N, 07B, API GL-4, Pogodno za aplikacije koje zahtijevaju API CF-4\/SF.<\/p>\n","protected":false},"excerpt":{"rendered":"<p>Odr\u017eava znatno ve\u0107u \u010disto\u0107u motora<br \/>\nDobra oksidacijska stabilnost i za\u0161tita od korozije<br \/>\nUlje za motore traktora i \u017eetelica<\/p>\n","protected":false},"featured_media":38887,"template":"","meta":{"_seopress_robots_primary_cat":"","_seopress_titles_title":"","_seopress_titles_desc":"","_seopress_robots_index":"","iawp_total_views":0},"product_brand":[371],"product_cat":[243,276],"product_tag":[],"class_list":{"0":"post-38886","1":"product","2":"type-product","3":"status-publish","4":"has-post-thumbnail","6":"product_brand-spirax","7":"product_cat-automobili-i-motori","8":"product_cat-industrijska-i-specijalna-ulja-243","10":"first","11":"instock","12":"shipping-taxable","13":"purchasable","14":"product-type-simple"},"_links":{"self":[{"href":"https:\/\/singuli.wpress.me\/index.php\/wp-json\/wp\/v2\/product\/38886","targetHints":{"allow":["GET"]}}],"collection":[{"href":"https:\/\/singuli.wpress.me\/index.php\/wp-json\/wp\/v2\/product"}],"about":[{"href":"https:\/\/singuli.wpress.me\/index.php\/wp-json\/wp\/v2\/types\/product"}],"version-history":[{"count":0,"href":"https:\/\/singuli.wpress.me\/index.php\/wp-json\/wp\/v2\/product\/38886\/revisions"}],"wp:featuredmedia":[{"embeddable":true,"href":"https:\/\/singuli.wpress.me\/index.php\/wp-json\/wp\/v2\/media\/38887"}],"wp:attachment":[{"href":"https:\/\/singuli.wpress.me\/index.php\/wp-json\/wp\/v2\/media?parent=38886"}],"wp:term":[{"taxonomy":"product_brand","embeddable":true,"href":"https:\/\/singuli.wpress.me\/index.php\/wp-json\/wp\/v2\/product_brand?post=38886"},{"taxonomy":"product_cat","embeddable":true,"href":"https:\/\/singuli.wpress.me\/index.php\/wp-json\/wp\/v2\/product_cat?post=38886"},{"taxonomy":"product_tag","embeddable":true,"href":"https:\/\/singuli.wpress.me\/index.php\/wp-json\/wp\/v2\/product_tag?post=38886"}],"curies":[{"name":"wp","href":"https:\/\/api.w.org\/{rel}","templated":true}]}}