{"id":38891,"date":"2026-04-18T18:12:56","date_gmt":"2026-04-18T18:12:56","guid":{"rendered":"https:\/\/singuli.wpress.me\/index.php\/proizvod\/old-spice-booster-antiperspirantni-dezodorans-gel-150-ml\/"},"modified":"2026-04-20T12:33:26","modified_gmt":"2026-04-20T12:33:26","slug":"old-spice-booster-antiperspirantni-dezodorans-gel-150-ml","status":"publish","type":"product","link":"https:\/\/singuli.wpress.me\/index.php\/proizvod\/old-spice-booster-antiperspirantni-dezodorans-gel-150-ml\/","title":{"rendered":"OLD SPICE Booster, antiperspirantni dezodorans gel, 150\u00a0ml"},"content":{"rendered":"<p>Mo\u017ee\u0161 li zamisliti sna\u017enu, stra\u0161nu verziju sebe koja zna popravljati vojne helikoptere, ali i samouvjereno raspravljati o esportu? Da? Onda je ovaj blindirani miris ba\u0161 za tebe. <\/p>\n<p>Antiperspirantni dezodorans u spreju Old Spice Booster \u0161titi te od znoja i neugodnih mirisa da bi bolje igrao. <\/p>\n<p>Ovo je dezodorans za samouvjerene mu\u0161karce, sna\u017ene osobnosti, koji znaju kako izgledati i mirisati odli\u010dno.<\/p>\n","protected":false},"excerpt":{"rendered":"<p>Tehnologija cjelodnevnog mirisa<br \/>\nMo\u0107no nadja\u010dava neugodne mirise<br \/>\nZa\u0161tita od bijelih i \u017eutih mrlja<\/p>\n","protected":false},"featured_media":38892,"template":"","meta":{"_seopress_robots_primary_cat":"","_seopress_titles_title":"","_seopress_titles_desc":"","_seopress_robots_index":"","iawp_total_views":0},"product_brand":[448],"product_cat":[285,268],"product_tag":[],"class_list":{"0":"post-38891","1":"product","2":"type-product","3":"status-publish","4":"has-post-thumbnail","6":"product_brand-old-spice","7":"product_cat-dezodoransi-268","8":"product_cat-kozmetika-2","10":"first","11":"outofstock","12":"shipping-taxable","13":"purchasable","14":"product-type-simple"},"_links":{"self":[{"href":"https:\/\/singuli.wpress.me\/index.php\/wp-json\/wp\/v2\/product\/38891","targetHints":{"allow":["GET"]}}],"collection":[{"href":"https:\/\/singuli.wpress.me\/index.php\/wp-json\/wp\/v2\/product"}],"about":[{"href":"https:\/\/singuli.wpress.me\/index.php\/wp-json\/wp\/v2\/types\/product"}],"version-history":[{"count":0,"href":"https:\/\/singuli.wpress.me\/index.php\/wp-json\/wp\/v2\/product\/38891\/revisions"}],"wp:featuredmedia":[{"embeddable":true,"href":"https:\/\/singuli.wpress.me\/index.php\/wp-json\/wp\/v2\/media\/38892"}],"wp:attachment":[{"href":"https:\/\/singuli.wpress.me\/index.php\/wp-json\/wp\/v2\/media?parent=38891"}],"wp:term":[{"taxonomy":"product_brand","embeddable":true,"href":"https:\/\/singuli.wpress.me\/index.php\/wp-json\/wp\/v2\/product_brand?post=38891"},{"taxonomy":"product_cat","embeddable":true,"href":"https:\/\/singuli.wpress.me\/index.php\/wp-json\/wp\/v2\/product_cat?post=38891"},{"taxonomy":"product_tag","embeddable":true,"href":"https:\/\/singuli.wpress.me\/index.php\/wp-json\/wp\/v2\/product_tag?post=38891"}],"curies":[{"name":"wp","href":"https:\/\/api.w.org\/{rel}","templated":true}]}}