{"id":38893,"date":"2026-04-18T18:12:56","date_gmt":"2026-04-18T18:12:56","guid":{"rendered":"https:\/\/singuli.wpress.me\/index.php\/proizvod\/old-spice-citron-gel-za-tusiranje-i-sampon-400-ml\/"},"modified":"2026-04-20T12:33:26","modified_gmt":"2026-04-20T12:33:26","slug":"old-spice-citron-gel-za-tusiranje-i-sampon-400-ml","status":"publish","type":"product","link":"https:\/\/singuli.wpress.me\/index.php\/proizvod\/old-spice-citron-gel-za-tusiranje-i-sampon-400-ml\/","title":{"rendered":"OLD SPICE Citron, gel za tu\u0161iranje i \u0161ampon, 400\u00a0ml"},"content":{"rendered":"<p>Old Spice Citron zna da \u017eeli\u0161 jednostavne stvari: igrati video-igrice u vise\u0107oj le\u017ealjci usred d\u017eungle, dok majmuni cijede limetu u tvoja usta, a prekrasna \u017eena s fakultetskom diplomom prstima prolazi kroz tvoju kosu. <\/p>\n<p>To je tvoj cilj uz Old Spice Citron. Nau\u010di kako dobro mirisati i istakni istinsku mu\u017eevnost uz gel za tu\u0161iranje Old Spice.<\/p>\n","protected":false},"excerpt":{"rendered":"<p>2u1: gel za tu\u0161iranje i \u0161ampon<br \/>\nOsvje\u017eavaju\u0107a pjena ispire prljav\u0161tinu i neugodne mirise<br \/>\nUdahnite istinsku mu\u017eevnost uz Old Spice Citron gel za tu\u0161iranje<\/p>\n","protected":false},"featured_media":38894,"template":"","meta":{"_seopress_robots_primary_cat":"","_seopress_titles_title":"","_seopress_titles_desc":"","_seopress_robots_index":"","iawp_total_views":0},"product_brand":[448],"product_cat":[268,278],"product_tag":[],"class_list":{"0":"post-38893","1":"product","2":"type-product","3":"status-publish","4":"has-post-thumbnail","6":"product_brand-old-spice","7":"product_cat-kozmetika-2","8":"product_cat-njega-tijela-268","10":"first","11":"outofstock","12":"shipping-taxable","13":"purchasable","14":"product-type-simple"},"_links":{"self":[{"href":"https:\/\/singuli.wpress.me\/index.php\/wp-json\/wp\/v2\/product\/38893","targetHints":{"allow":["GET"]}}],"collection":[{"href":"https:\/\/singuli.wpress.me\/index.php\/wp-json\/wp\/v2\/product"}],"about":[{"href":"https:\/\/singuli.wpress.me\/index.php\/wp-json\/wp\/v2\/types\/product"}],"version-history":[{"count":0,"href":"https:\/\/singuli.wpress.me\/index.php\/wp-json\/wp\/v2\/product\/38893\/revisions"}],"wp:featuredmedia":[{"embeddable":true,"href":"https:\/\/singuli.wpress.me\/index.php\/wp-json\/wp\/v2\/media\/38894"}],"wp:attachment":[{"href":"https:\/\/singuli.wpress.me\/index.php\/wp-json\/wp\/v2\/media?parent=38893"}],"wp:term":[{"taxonomy":"product_brand","embeddable":true,"href":"https:\/\/singuli.wpress.me\/index.php\/wp-json\/wp\/v2\/product_brand?post=38893"},{"taxonomy":"product_cat","embeddable":true,"href":"https:\/\/singuli.wpress.me\/index.php\/wp-json\/wp\/v2\/product_cat?post=38893"},{"taxonomy":"product_tag","embeddable":true,"href":"https:\/\/singuli.wpress.me\/index.php\/wp-json\/wp\/v2\/product_tag?post=38893"}],"curies":[{"name":"wp","href":"https:\/\/api.w.org\/{rel}","templated":true}]}}