{"id":38897,"date":"2026-04-18T18:12:57","date_gmt":"2026-04-18T18:12:57","guid":{"rendered":"https:\/\/singuli.wpress.me\/index.php\/proizvod\/barbie-kreativni-set-u-ruksaku\/"},"modified":"2026-04-20T12:33:26","modified_gmt":"2026-04-20T12:33:26","slug":"barbie-kreativni-set-u-ruksaku","status":"publish","type":"product","link":"https:\/\/singuli.wpress.me\/index.php\/proizvod\/barbie-kreativni-set-u-ruksaku\/","title":{"rendered":"BARBIE, kreativni set, u ruksaku"},"content":{"rendered":"<p>U ovom sjajnom Barbie ruksaku \u010deka te cijeli kreativni set.<\/p>\n<p>Uz pomo\u0107 kreativne knji\u017eice jednostavno \u0107e\u0161 nau\u010diti kako koristiti Barbie smjesu za modeliranje i kreirati razne stvari!<\/p>\n<p>Dob: 4+ godine<\/p>\n","protected":false},"excerpt":{"rendered":"<p>Kreativan set u ruksaku<br \/>\nKreativna knji\u017eica s uputama u ruksaku<br \/>\nDob:4+god<\/p>\n","protected":false},"featured_media":38898,"template":"","meta":{"_seopress_robots_primary_cat":"","_seopress_titles_title":"","_seopress_titles_desc":"","_seopress_robots_index":"","iawp_total_views":0},"product_brand":[324],"product_cat":[221,291],"product_tag":[],"class_list":{"0":"post-38897","1":"product","2":"type-product","3":"status-publish","4":"has-post-thumbnail","6":"product_brand-barbie","7":"product_cat-igracke","8":"product_cat-igracke-za-djecu-221","10":"first","11":"outofstock","12":"shipping-taxable","13":"purchasable","14":"product-type-simple"},"_links":{"self":[{"href":"https:\/\/singuli.wpress.me\/index.php\/wp-json\/wp\/v2\/product\/38897","targetHints":{"allow":["GET"]}}],"collection":[{"href":"https:\/\/singuli.wpress.me\/index.php\/wp-json\/wp\/v2\/product"}],"about":[{"href":"https:\/\/singuli.wpress.me\/index.php\/wp-json\/wp\/v2\/types\/product"}],"version-history":[{"count":0,"href":"https:\/\/singuli.wpress.me\/index.php\/wp-json\/wp\/v2\/product\/38897\/revisions"}],"wp:featuredmedia":[{"embeddable":true,"href":"https:\/\/singuli.wpress.me\/index.php\/wp-json\/wp\/v2\/media\/38898"}],"wp:attachment":[{"href":"https:\/\/singuli.wpress.me\/index.php\/wp-json\/wp\/v2\/media?parent=38897"}],"wp:term":[{"taxonomy":"product_brand","embeddable":true,"href":"https:\/\/singuli.wpress.me\/index.php\/wp-json\/wp\/v2\/product_brand?post=38897"},{"taxonomy":"product_cat","embeddable":true,"href":"https:\/\/singuli.wpress.me\/index.php\/wp-json\/wp\/v2\/product_cat?post=38897"},{"taxonomy":"product_tag","embeddable":true,"href":"https:\/\/singuli.wpress.me\/index.php\/wp-json\/wp\/v2\/product_tag?post=38897"}],"curies":[{"name":"wp","href":"https:\/\/api.w.org\/{rel}","templated":true}]}}