{"id":38903,"date":"2026-04-18T18:13:00","date_gmt":"2026-04-18T18:13:00","guid":{"rendered":"https:\/\/singuli.wpress.me\/index.php\/proizvod\/helix-hybrid-0w20-motorno-ulje-za-osobna-vozila-20-l\/"},"modified":"2026-04-20T12:33:26","modified_gmt":"2026-04-20T12:33:26","slug":"helix-hybrid-0w20-motorno-ulje-za-osobna-vozila-20-l","status":"publish","type":"product","link":"https:\/\/singuli.wpress.me\/index.php\/proizvod\/helix-hybrid-0w20-motorno-ulje-za-osobna-vozila-20-l\/","title":{"rendered":"HELIX HYBRID 0W20, motorno ulje za osobna vozila, 20\u00a0l"},"content":{"rendered":"<p>Potpuno sinteti\u010dko motorno ulje za osobna vozila. <\/p>\n<p>Posebno je dizajnirano za moderne visokou\u010dinkovite benzinske motore ugra\u0111ene u hibridno elektri\u010dna vozila. <\/p>\n<p>Pogodan je za ve\u0107inu hibridnih vozila japanskih, ameri\u010dkih i drugih proizvo\u0111a\u010da vozila.<\/p>\n<p><span style=\"font-weight: bold\">Specifikacija:<\/span> API SP, ILSAC GF-6A<\/p>\n","protected":false},"excerpt":{"rendered":"<p>Dizajniran za moderne benzinske motore s u\u010dinkovitim gorivom ugra\u0111ene u hibridno-elektri\u010dna vozila<br \/>\nPogodno za ve\u0107inu hibridnih vozila<br \/>\nSpecifikacija u opisu<\/p>\n","protected":false},"featured_media":38904,"template":"","meta":{"_seopress_robots_primary_cat":"","_seopress_titles_title":"","_seopress_titles_desc":"","_seopress_robots_index":"","iawp_total_views":0},"product_brand":[398],"product_cat":[243,276],"product_tag":[],"class_list":{"0":"post-38903","1":"product","2":"type-product","3":"status-publish","4":"has-post-thumbnail","6":"product_brand-helix","7":"product_cat-automobili-i-motori","8":"product_cat-industrijska-i-specijalna-ulja-243","10":"first","11":"outofstock","12":"shipping-taxable","13":"purchasable","14":"product-type-simple"},"_links":{"self":[{"href":"https:\/\/singuli.wpress.me\/index.php\/wp-json\/wp\/v2\/product\/38903","targetHints":{"allow":["GET"]}}],"collection":[{"href":"https:\/\/singuli.wpress.me\/index.php\/wp-json\/wp\/v2\/product"}],"about":[{"href":"https:\/\/singuli.wpress.me\/index.php\/wp-json\/wp\/v2\/types\/product"}],"version-history":[{"count":0,"href":"https:\/\/singuli.wpress.me\/index.php\/wp-json\/wp\/v2\/product\/38903\/revisions"}],"wp:featuredmedia":[{"embeddable":true,"href":"https:\/\/singuli.wpress.me\/index.php\/wp-json\/wp\/v2\/media\/38904"}],"wp:attachment":[{"href":"https:\/\/singuli.wpress.me\/index.php\/wp-json\/wp\/v2\/media?parent=38903"}],"wp:term":[{"taxonomy":"product_brand","embeddable":true,"href":"https:\/\/singuli.wpress.me\/index.php\/wp-json\/wp\/v2\/product_brand?post=38903"},{"taxonomy":"product_cat","embeddable":true,"href":"https:\/\/singuli.wpress.me\/index.php\/wp-json\/wp\/v2\/product_cat?post=38903"},{"taxonomy":"product_tag","embeddable":true,"href":"https:\/\/singuli.wpress.me\/index.php\/wp-json\/wp\/v2\/product_tag?post=38903"}],"curies":[{"name":"wp","href":"https:\/\/api.w.org\/{rel}","templated":true}]}}