{"id":38910,"date":"2026-04-18T18:13:01","date_gmt":"2026-04-18T18:13:01","guid":{"rendered":"https:\/\/singuli.wpress.me\/index.php\/proizvod\/lipton-earl-gray-crni-caj-25-vrecica\/"},"modified":"2026-04-21T00:26:58","modified_gmt":"2026-04-21T00:26:58","slug":"lipton-earl-gray-crni-caj-25-vrecica","status":"publish","type":"product","link":"https:\/\/singuli.wpress.me\/index.php\/proizvod\/lipton-earl-gray-crni-caj-25-vrecica\/","title":{"rendered":"LIPTON Earl Gray, crni \u010daj, 25 vre\u0107ica"},"content":{"rendered":"<p>Svaka \u0161alica <span style=\"font-weight: bold\">Lipton<\/span> \u010daja kuhana je uz pomo\u0107 ki\u0161e, vjetra i sunca, za prepoznatljiv bogat okus i miris. Lipton \u010dajevi se proizvode na odr\u017eiv na\u010din. Svaka \u0161alica Lipton \u010daja ne samo da \u0107e vam uljep\u0161ati dan, ve\u0107 i uljep\u0161ati budu\u0107nost svi Lipton uzgajiva\u010di \u010daja i njihove obitelji te naravno i na\u0161 planet.<br \/>\nLipton \u010dajevi jedni su od najprodavanijih \u010dajeva na svijetu. Imaju \u0161iroku ponudu pravih, biljnih i vo\u0107nih \u010dajeva.<\/p>\n<p>Lipton Earl Grey crni \u010daj ima certifikat Rainforest Alliance.<\/p>\n<p><span style=\"font-weight: bold\">Najbolje upotrijebiti do: <\/span> vidi dno kutije.<\/p>\n<p><span style=\"font-weight: bold\">Lot:<\/span> vidi dno kutije.<\/p>\n<p><span style=\"font-weight: bold\">Na\u010din \u010duvanja<\/span>: \u010cuvati na hladnom i suhom mjestu.<\/p>\n<p><span style=\"font-weight: bold\">Upute za uporabu:<\/span> Vre\u0107icu \u010daja preliti s 200 ml kipu\u0107e vode i nakon 2-3 minute izvaditi.<\/p>\n","protected":false},"excerpt":{"rendered":"<p>Earl Grey crni \u010daj s okusom<br \/>\nIma certifikat Rainforest Alliance<br \/>\nLipton \u010dajevi jedni su od najprodavanijih \u010dajeva na svijetu<\/p>\n","protected":false},"featured_media":38911,"template":"","meta":{"_seopress_robots_primary_cat":"","_seopress_titles_title":"","_seopress_titles_desc":"","_seopress_robots_index":"","iawp_total_views":0},"product_brand":[361],"product_cat":[261,275],"product_tag":[],"class_list":{"0":"post-38910","1":"product","2":"type-product","3":"status-publish","4":"has-post-thumbnail","6":"product_brand-lipton","7":"product_cat-hrana-i-pice","8":"product_cat-kava-i-cajevi-261","10":"first","11":"outofstock","12":"shipping-taxable","13":"purchasable","14":"product-type-simple"},"_links":{"self":[{"href":"https:\/\/singuli.wpress.me\/index.php\/wp-json\/wp\/v2\/product\/38910","targetHints":{"allow":["GET"]}}],"collection":[{"href":"https:\/\/singuli.wpress.me\/index.php\/wp-json\/wp\/v2\/product"}],"about":[{"href":"https:\/\/singuli.wpress.me\/index.php\/wp-json\/wp\/v2\/types\/product"}],"version-history":[{"count":0,"href":"https:\/\/singuli.wpress.me\/index.php\/wp-json\/wp\/v2\/product\/38910\/revisions"}],"wp:featuredmedia":[{"embeddable":true,"href":"https:\/\/singuli.wpress.me\/index.php\/wp-json\/wp\/v2\/media\/38911"}],"wp:attachment":[{"href":"https:\/\/singuli.wpress.me\/index.php\/wp-json\/wp\/v2\/media?parent=38910"}],"wp:term":[{"taxonomy":"product_brand","embeddable":true,"href":"https:\/\/singuli.wpress.me\/index.php\/wp-json\/wp\/v2\/product_brand?post=38910"},{"taxonomy":"product_cat","embeddable":true,"href":"https:\/\/singuli.wpress.me\/index.php\/wp-json\/wp\/v2\/product_cat?post=38910"},{"taxonomy":"product_tag","embeddable":true,"href":"https:\/\/singuli.wpress.me\/index.php\/wp-json\/wp\/v2\/product_tag?post=38910"}],"curies":[{"name":"wp","href":"https:\/\/api.w.org\/{rel}","templated":true}]}}