{"id":38912,"date":"2026-04-18T18:13:02","date_gmt":"2026-04-18T18:13:02","guid":{"rendered":"https:\/\/singuli.wpress.me\/index.php\/proizvod\/bonip-navijacke-naocale\/"},"modified":"2026-04-20T12:33:26","modified_gmt":"2026-04-20T12:33:26","slug":"bonip-navijacke-naocale","status":"publish","type":"product","link":"https:\/\/singuli.wpress.me\/index.php\/proizvod\/bonip-navijacke-naocale\/","title":{"rendered":"BONIP, navija\u010dke nao\u010dale"},"content":{"rendered":"<p>Ovaj proizvod inspiriran je navija\u010dkim i karnevalskim duhom na\u0161e kulture.<br \/>\nSastavni je dio opreme na\u0161ih najvatrenijim i najponosnijim navija\u010da.<br \/>\nZabavan proizvod jasno istaknutih nacionalnih obilje\u017eja koji ce svakome izazvati smije\u0161ak na licu.<\/p>\n","protected":false},"excerpt":{"rendered":"<p>Navija\u010dki rekvizit<br \/>\nProizvod inspiriran navija\u010dkim i karnevalskim duhom na\u0161e kulture<br \/>\nDob: 3+ god<\/p>\n","protected":false},"featured_media":38913,"template":"","meta":{"_seopress_robots_primary_cat":"","_seopress_titles_title":"","_seopress_titles_desc":"","_seopress_robots_index":"","iawp_total_views":0},"product_brand":[834],"product_cat":[274,238],"product_tag":[],"class_list":{"0":"post-38912","1":"product","2":"type-product","3":"status-publish","4":"has-post-thumbnail","6":"product_brand-bonip","7":"product_cat-kucanski-pribor-238","8":"product_cat-sve-za-dom","10":"first","11":"outofstock","12":"shipping-taxable","13":"purchasable","14":"product-type-simple"},"_links":{"self":[{"href":"https:\/\/singuli.wpress.me\/index.php\/wp-json\/wp\/v2\/product\/38912","targetHints":{"allow":["GET"]}}],"collection":[{"href":"https:\/\/singuli.wpress.me\/index.php\/wp-json\/wp\/v2\/product"}],"about":[{"href":"https:\/\/singuli.wpress.me\/index.php\/wp-json\/wp\/v2\/types\/product"}],"version-history":[{"count":0,"href":"https:\/\/singuli.wpress.me\/index.php\/wp-json\/wp\/v2\/product\/38912\/revisions"}],"wp:featuredmedia":[{"embeddable":true,"href":"https:\/\/singuli.wpress.me\/index.php\/wp-json\/wp\/v2\/media\/38913"}],"wp:attachment":[{"href":"https:\/\/singuli.wpress.me\/index.php\/wp-json\/wp\/v2\/media?parent=38912"}],"wp:term":[{"taxonomy":"product_brand","embeddable":true,"href":"https:\/\/singuli.wpress.me\/index.php\/wp-json\/wp\/v2\/product_brand?post=38912"},{"taxonomy":"product_cat","embeddable":true,"href":"https:\/\/singuli.wpress.me\/index.php\/wp-json\/wp\/v2\/product_cat?post=38912"},{"taxonomy":"product_tag","embeddable":true,"href":"https:\/\/singuli.wpress.me\/index.php\/wp-json\/wp\/v2\/product_tag?post=38912"}],"curies":[{"name":"wp","href":"https:\/\/api.w.org\/{rel}","templated":true}]}}