{"id":38919,"date":"2026-04-18T18:13:03","date_gmt":"2026-04-18T18:13:03","guid":{"rendered":"https:\/\/singuli.wpress.me\/index.php\/proizvod\/braun-9477cc-brijac-srebrni\/"},"modified":"2026-04-20T12:33:26","modified_gmt":"2026-04-20T12:33:26","slug":"braun-9477cc-brijac-srebrni","status":"publish","type":"product","link":"https:\/\/singuli.wpress.me\/index.php\/proizvod\/braun-9477cc-brijac-srebrni\/","title":{"rendered":"BRAUN 9477cc, brija\u010d, srebrni"},"content":{"rendered":"<p>Braun Series 9 Pro 9477cc, elektri\u010dni brija\u0107i aparat za mu\u0161karce, glava 4+1 i trimer ProLift, s putnim etuijem-punja\u010dem PowerCase i jedinicom 5-in-1 SmartCare Center te baterijom koja traje 60 minuta, za mokro i suho brijanje 1, 3 i 7-dnevne brade<\/p>\n<p>Istaknute zna\u010dajke:<br \/>\n\u2022 Braunov najbolji brija\u0107i aparat: Series 9 Pro sada je Braunov najbolji brija\u0107i aparat, a sada je postao jo\u0161 bolji zahvaljuju\u0107i novoj brija\u0107oj glavi ProHead.<\/p>\n<p>\u2022 U\u010dinkovit i nje\u017ean, bez obzira radi li se o 1, 3 ili 7-dnevnoj bradi: zahvaljuju\u0107i na\u0161em jedinstvenom trimeru ProLift, ovaj elektri\u010dni brija\u0107i aparat za mu\u0161karce s lako\u0107om podi\u017ee i podrezuje problemati\u010dne dla\u010dice.<\/p>\n<p>\u2022 U\u010dinkovitiji** i nje\u017ean: inovativni trimer ProLift i Braunova jedinstvena soni\u010dna tehnologija poma\u017eu da brijanje bude do 10% br\u017ee** te samim time i nje\u017enije.<\/p>\n<p>\u2022 Obrijte se bilo kada i bilo gdje uz PowerCase, prvi putni etui-punja\u010d za brija\u0107e aparate na svijetu. Njegova ugra\u0111ena litij-ionska baterija osigurava 50% dulje trajanje baterije brija\u0107eg aparata za do 6 tjedana be\u017ei\u010dnog brijanja bez dodatnog punjenja.<\/p>\n<p>\u2022 Proizveden u Njema\u010dkoj i dizajniran da traje 7 godina: ovaj elektri\u010dni brija\u0107i aparat za mu\u0161karce 100% je vodootporan i mo\u017ee se koristiti s pjenom i gelom te \u010dak i pod tu\u0161em.<\/p>\n<p>*testirano u usporedbi s vode\u0107im proizvodima u najvi\u0161em cjenovnom razredu<br \/>\n**u odnosu na dosada\u0161nju liniju Braun Series 9<\/p>\n<p>\nBraunovo najbolje brijanje upravo je postalo jo\u0161 bolje<br \/>\n\u2022 Na\u0161 dosad najnapredniji brija\u0107i aparat, novi Series 9 Pro, ima inovativnu glavu s 5 brija\u0107ih elemenata kao i novi trimer ProLift dizajniran za nje\u017eno podrezivanje \u010dak i zahtjevnijih dla\u010dica \u2013 bez obzira radi li se o 1, 3 ili 7-dnevnoj bradi<br \/>\n\u2022 Braunova jedinstvena soni\u010dna tehnologija s 10.000 mikrovibracija poma\u017ee nje\u017eno uhvatiti vi\u0161e dla\u010dica.  <br \/>\n\u2022 Braunov najbolji brija\u0107i aparat.* Izuzetno nje\u017ean.<br \/>\n\u2022 Sada sa zna\u010dajno pobolj\u0161anim brija\u0107im performansama.<br \/>\n*testirano u usporedbi s vode\u0107im proizvodima u najvi\u0161em cjenovnom razredu<\/p>\n<p>Obe\u0107anje tehnologije na kojoj po\u010diva Series 9 Pro<br \/>\n\u2022 Podignite svoje brijanje na jo\u0161 vi\u0161u razinu uz pomo\u0107 na\u0161eg dosad najboljeg brija\u0107eg aparata.<br \/>\n\u2022 Superiorno brijanje i intuitivna upotreba, do najsitnijeg detalja.<br \/>\n\u2022 Proizvedeno u Njema\u010dkoj, dizajnirano da traje do 7 godina.<\/p>\n<p>Temeljito, \u010dak i kod guste brade<br \/>\nJedinstveno dizajnirane Braunove mre\u017eice re\u017eu dla\u010dice na duljinu ispod 0,05 mm, a tehnologija AutoSense prilago\u0111ava rad motora gusto\u0107i va\u0161e brade, osiguravaju\u0107i dovoljno snage \u010dak i za najgu\u0161\u0107e brade.<\/p>\n<p>U\u010dinkovitije* i nje\u017eno<br \/>\nInovativni trimer ProLift i Braunova jedinstvena soni\u010dna tehnologija poma\u017eu da brijanje bude 10% br\u017ee* a samim time i nje\u017enije.  *u odnosu na dosada\u0161nju liniju Braun Series 9<\/p>\n<p>Osvje\u017eavaju\u0107e<br \/>\nNovi Series 9 Pro je 100% vodootporan, pa ga mo\u017eete koristiti s pjenom, gelom ili \u010dak i pod tu\u0161em za nje\u017eno i osvje\u017eavaju\u0107e iskustvo brijanja.<\/p>\n<p>Precizno brijanje<br \/>\nRedizajnirani prekida\u010d za preciznost zaklju\u010dava glavu brija\u0107eg aparata i olak\u0161ava hvatanje kompliciranijih dla\u010dica \u2013 nude\u0107i nenadma\u0161nu preciznost i kontrolu.<\/p>\n<p>50% dulje trajanje baterije<br \/>\nObrijte se bilo kada i bilo gdje uz prvi putni etui-punja\u010d za brija\u0107e aparate na svijetu. Njegova mo\u0107na ugra\u0111ena litij-ionska baterija napunit \u0107e va\u0161 brija\u0107i aparat za do 6 tjedana be\u017ei\u010dnog brijanja bez naknadnog punjenja.<\/p>\n<p>Za brija\u0107i aparat kao nov<br \/>\nJednim pritiskom na gumb jedinica 5-in-1 SmartCare Center pametno odabire odgovaraju\u0107i program \u010di\u0161\u0107enja, automatski puni i higijenski \u010disti te podmazuje i su\u0161i va\u0161 brija\u0107i aparat.<\/p>\n<p>Opis proizvoda<br \/>\nBraunov najbolji brija\u0107i aparat dolazi u novoj, jo\u0161 boljoj verziji. Novi Series 9 Pro u\u010dinkovit je i nje\u017ean, bez obzira brijete li 1, 3 ili 7-dnevnu bradu. Njegov jedinstveni trimer ProLift podi\u017ee i podrezuje duge i polegnute dla\u010dice. S aparatom dobivate i punja\u010d-etui PowerCase, prvi takve vrste na svijetu, koji osigurava do 6 tjedana be\u017ei\u010dnog brijanja bez dodatnog punjenja. A tu je i jedinica 5-in-1 SmartCare Center koja odr\u017eava aparat higijenski \u010distim i funkcionalnim kako bi svakog dana bio kao nov.<\/p>\n<p>Sadr\u017eaj pakiranja<br \/>\n1x elektri\u010dni brija\u0107i aparat<br \/>\n1x PowerCase<br \/>\n1x 5-in-1 SmartCare Center<br \/>\n1x patrona za \u010di\u0161\u0107enje<br \/>\n1x \u010detkica za \u010di\u0161\u0107enje<br \/>\n1x kabel za punjenje<br \/>\n1x korisni\u010dki priru\u010dnik<\/p>\n","protected":false},"excerpt":{"rendered":"<p>Braunova jedinstvena soni\u010dna tehnologija s 10.000 mikrovibracija poma\u017ee nje\u017eno uhvatiti vi\u0161e dla\u010dica<br \/>\nTemeljito, \u010dak i kod guste brade<br \/>\nNovi Series 9 Pro je 100% vodootporan, pa ga mo\u017eete koristiti s pjenom, gelom ili \u010dak i pod tu\u0161em za nje\u017eno i osvje\u017eavaju\u0107e iskustvo brijanja<\/p>\n","protected":false},"featured_media":38920,"template":"","meta":{"_seopress_robots_primary_cat":"","_seopress_titles_title":"","_seopress_titles_desc":"","_seopress_robots_index":"","iawp_total_views":0},"product_brand":[144],"product_cat":[280,192,279],"product_tag":[],"class_list":{"0":"post-38919","1":"product","2":"type-product","3":"status-publish","4":"has-post-thumbnail","6":"product_brand-braun","7":"product_cat-aparati-za-muskarce-279","8":"product_cat-aparati-za-osobnu-njegu","9":"product_cat-brijanje-i-sisanje-192","11":"first","12":"outofstock","13":"shipping-taxable","14":"purchasable","15":"product-type-simple"},"_links":{"self":[{"href":"https:\/\/singuli.wpress.me\/index.php\/wp-json\/wp\/v2\/product\/38919","targetHints":{"allow":["GET"]}}],"collection":[{"href":"https:\/\/singuli.wpress.me\/index.php\/wp-json\/wp\/v2\/product"}],"about":[{"href":"https:\/\/singuli.wpress.me\/index.php\/wp-json\/wp\/v2\/types\/product"}],"version-history":[{"count":0,"href":"https:\/\/singuli.wpress.me\/index.php\/wp-json\/wp\/v2\/product\/38919\/revisions"}],"wp:featuredmedia":[{"embeddable":true,"href":"https:\/\/singuli.wpress.me\/index.php\/wp-json\/wp\/v2\/media\/38920"}],"wp:attachment":[{"href":"https:\/\/singuli.wpress.me\/index.php\/wp-json\/wp\/v2\/media?parent=38919"}],"wp:term":[{"taxonomy":"product_brand","embeddable":true,"href":"https:\/\/singuli.wpress.me\/index.php\/wp-json\/wp\/v2\/product_brand?post=38919"},{"taxonomy":"product_cat","embeddable":true,"href":"https:\/\/singuli.wpress.me\/index.php\/wp-json\/wp\/v2\/product_cat?post=38919"},{"taxonomy":"product_tag","embeddable":true,"href":"https:\/\/singuli.wpress.me\/index.php\/wp-json\/wp\/v2\/product_tag?post=38919"}],"curies":[{"name":"wp","href":"https:\/\/api.w.org\/{rel}","templated":true}]}}