{"id":38927,"date":"2026-04-18T18:13:05","date_gmt":"2026-04-18T18:13:05","guid":{"rendered":"https:\/\/singuli.wpress.me\/index.php\/proizvod\/jar-lemon-tekuci-deterdzent-za-pranje-suda-450-ml\/"},"modified":"2026-04-20T12:33:26","modified_gmt":"2026-04-20T12:33:26","slug":"jar-lemon-tekuci-deterdzent-za-pranje-suda-450-ml","status":"publish","type":"product","link":"https:\/\/singuli.wpress.me\/index.php\/proizvod\/jar-lemon-tekuci-deterdzent-za-pranje-suda-450-ml\/","title":{"rendered":"JAR Lemon, teku\u0107i deterd\u017eent za pranje su\u0111a, 450\u00a0ml"},"content":{"rendered":"<p>Jar vam pru\u017ea snagu \u010di\u0161\u0107enja na koju se mo\u017eete osloniti pri svakom pranju posu\u0111a. <\/p>\n<p>Traje 3x du\u017ee nego \u0161to biste o\u010dekivali. Svaka kapljica pere mnogo prljavog posu\u0111a tako da vam poma\u017ee u\u0161tedjeti. Od posu\u0111a do \u010da\u0161a, lonaca i tava, bez obzira na izazov, Jarova mo\u0107na formula jednostavno uklanja masno\u0107u. <\/p>\n<p>Dostupno u \u0161irokom izboru mirisa kao \u0161to su Orange, Orange &amp; Lemongrass, Apple i Pomegranate te u razli\u010ditim veli\u010dinama pakiranja.<\/p>\n","protected":false},"excerpt":{"rendered":"<p>Sna\u017eno uklanjanje masno\u0107e, puno aktivne pjene, dugotrajna sapunasta pjena<br \/>\nSna\u017ena formula Jara s lako\u0107om uklanja masno\u0107u sa svih vrsta posu\u0111a<br \/>\nTraje do 3 puta dulje nego \u0161to o\u010dekujete<\/p>\n","protected":false},"featured_media":38928,"template":"","meta":{"_seopress_robots_primary_cat":"","_seopress_titles_title":"","_seopress_titles_desc":"","_seopress_robots_index":"","iawp_total_views":0},"product_brand":[454],"product_cat":[314,238],"product_tag":[],"class_list":{"0":"post-38927","1":"product","2":"type-product","3":"status-publish","4":"has-post-thumbnail","6":"product_brand-jar","7":"product_cat-pranje-posuda-238","8":"product_cat-sve-za-dom","10":"first","11":"instock","12":"shipping-taxable","13":"purchasable","14":"product-type-simple"},"_links":{"self":[{"href":"https:\/\/singuli.wpress.me\/index.php\/wp-json\/wp\/v2\/product\/38927","targetHints":{"allow":["GET"]}}],"collection":[{"href":"https:\/\/singuli.wpress.me\/index.php\/wp-json\/wp\/v2\/product"}],"about":[{"href":"https:\/\/singuli.wpress.me\/index.php\/wp-json\/wp\/v2\/types\/product"}],"version-history":[{"count":0,"href":"https:\/\/singuli.wpress.me\/index.php\/wp-json\/wp\/v2\/product\/38927\/revisions"}],"wp:featuredmedia":[{"embeddable":true,"href":"https:\/\/singuli.wpress.me\/index.php\/wp-json\/wp\/v2\/media\/38928"}],"wp:attachment":[{"href":"https:\/\/singuli.wpress.me\/index.php\/wp-json\/wp\/v2\/media?parent=38927"}],"wp:term":[{"taxonomy":"product_brand","embeddable":true,"href":"https:\/\/singuli.wpress.me\/index.php\/wp-json\/wp\/v2\/product_brand?post=38927"},{"taxonomy":"product_cat","embeddable":true,"href":"https:\/\/singuli.wpress.me\/index.php\/wp-json\/wp\/v2\/product_cat?post=38927"},{"taxonomy":"product_tag","embeddable":true,"href":"https:\/\/singuli.wpress.me\/index.php\/wp-json\/wp\/v2\/product_tag?post=38927"}],"curies":[{"name":"wp","href":"https:\/\/api.w.org\/{rel}","templated":true}]}}