{"id":38929,"date":"2026-04-18T18:13:05","date_gmt":"2026-04-18T18:13:05","guid":{"rendered":"https:\/\/singuli.wpress.me\/index.php\/proizvod\/rio-mare-pate-namaz-tunjevina-i-rajcica-100-g\/"},"modified":"2026-04-20T12:33:26","modified_gmt":"2026-04-20T12:33:26","slug":"rio-mare-pate-namaz-tunjevina-i-rajcica-100-g","status":"publish","type":"product","link":"https:\/\/singuli.wpress.me\/index.php\/proizvod\/rio-mare-pate-namaz-tunjevina-i-rajcica-100-g\/","title":{"rendered":"RIO MARE Pate, namaz, tunjevina i raj\u010dica, 100\u00a0g"},"content":{"rendered":"<p>Savr\u0161en okus tunjevine u kremastom i nje\u017enom obliku u prakti\u010dnoj tubi radi lak\u0161e konzumacije i mogu\u010dnosti pohranjivanja u hladnjaku. <\/p>\n<p>Pat\u00e9 namaz od tunjevine i raj\u010dica su\u0161enih na suncu je za sve koji obo\u017eavaju tipi\u010dne mediteranske okuse.<\/p>\n","protected":false},"excerpt":{"rendered":"<p>Kremasti namaz<br \/>\nDosljedna kvaliteta<br \/>\nTipi\u010dan mediteranski okus<\/p>\n","protected":false},"featured_media":38930,"template":"","meta":{"_seopress_robots_primary_cat":"","_seopress_titles_title":"","_seopress_titles_desc":"","_seopress_robots_index":"","iawp_total_views":0},"product_brand":[456],"product_cat":[261,299],"product_tag":[],"class_list":{"0":"post-38929","1":"product","2":"type-product","3":"status-publish","4":"has-post-thumbnail","6":"product_brand-rio-mare","7":"product_cat-hrana-i-pice","8":"product_cat-konzervirana-i-gotova-hrana-261","10":"first","11":"outofstock","12":"shipping-taxable","13":"purchasable","14":"product-type-simple"},"_links":{"self":[{"href":"https:\/\/singuli.wpress.me\/index.php\/wp-json\/wp\/v2\/product\/38929","targetHints":{"allow":["GET"]}}],"collection":[{"href":"https:\/\/singuli.wpress.me\/index.php\/wp-json\/wp\/v2\/product"}],"about":[{"href":"https:\/\/singuli.wpress.me\/index.php\/wp-json\/wp\/v2\/types\/product"}],"version-history":[{"count":0,"href":"https:\/\/singuli.wpress.me\/index.php\/wp-json\/wp\/v2\/product\/38929\/revisions"}],"wp:featuredmedia":[{"embeddable":true,"href":"https:\/\/singuli.wpress.me\/index.php\/wp-json\/wp\/v2\/media\/38930"}],"wp:attachment":[{"href":"https:\/\/singuli.wpress.me\/index.php\/wp-json\/wp\/v2\/media?parent=38929"}],"wp:term":[{"taxonomy":"product_brand","embeddable":true,"href":"https:\/\/singuli.wpress.me\/index.php\/wp-json\/wp\/v2\/product_brand?post=38929"},{"taxonomy":"product_cat","embeddable":true,"href":"https:\/\/singuli.wpress.me\/index.php\/wp-json\/wp\/v2\/product_cat?post=38929"},{"taxonomy":"product_tag","embeddable":true,"href":"https:\/\/singuli.wpress.me\/index.php\/wp-json\/wp\/v2\/product_tag?post=38929"}],"curies":[{"name":"wp","href":"https:\/\/api.w.org\/{rel}","templated":true}]}}