{"id":38935,"date":"2026-04-18T18:13:09","date_gmt":"2026-04-18T18:13:09","guid":{"rendered":"https:\/\/singuli.wpress.me\/index.php\/proizvod\/games-uno-flex-drustvena-igra\/"},"modified":"2026-04-20T12:33:26","modified_gmt":"2026-04-20T12:33:26","slug":"games-uno-flex-drustvena-igra","status":"publish","type":"product","link":"https:\/\/singuli.wpress.me\/index.php\/proizvod\/games-uno-flex-drustvena-igra\/","title":{"rendered":"GAMES Uno Flex, dru\u0161tvena igra"},"content":{"rendered":"<p>UNO\u2122 Flex karte temelje se na UNO\u00ae igri koju igra\u010di poznaju i vole!<\/p>\n<p>Nova verzija UNO karata gdje igru kontrolirate vi uz karte snage. \u00a0\u00a0\u00a0\u00a0\u00a0\u00a0\u00a0\u00a0\u00a0\u00a0<br \/>\nDizajnirane su za 2 do 6 igra\u010da u dobi od 7 godina i vi\u0161e.<br \/>\nSavr\u0161ene su za obiteljska dru\u017eenja, zabave i ve\u010deri igara, izvrstan je dar za obo\u017eavatelje UNO\u00ae i ljubitelje karta\u0161kih igara.<\/p>\n","protected":false},"excerpt":{"rendered":"<p>2 do 6 igra\u010da<br \/>\nIgru kontrolirate uz karte snage<br \/>\nSavr\u0161ene su za obiteljska dru\u017eenja, zabave i ve\u010deri igara<\/p>\n","protected":false},"featured_media":38936,"template":"","meta":{"_seopress_robots_primary_cat":"","_seopress_titles_title":"","_seopress_titles_desc":"","_seopress_robots_index":"","iawp_total_views":0},"product_brand":[390],"product_cat":[290,221],"product_tag":[],"class_list":{"0":"post-38935","1":"product","2":"type-product","3":"status-publish","4":"has-post-thumbnail","6":"product_brand-games","7":"product_cat-drustvene-igre-221","8":"product_cat-igracke","10":"first","11":"instock","12":"shipping-taxable","13":"purchasable","14":"product-type-simple"},"_links":{"self":[{"href":"https:\/\/singuli.wpress.me\/index.php\/wp-json\/wp\/v2\/product\/38935","targetHints":{"allow":["GET"]}}],"collection":[{"href":"https:\/\/singuli.wpress.me\/index.php\/wp-json\/wp\/v2\/product"}],"about":[{"href":"https:\/\/singuli.wpress.me\/index.php\/wp-json\/wp\/v2\/types\/product"}],"version-history":[{"count":0,"href":"https:\/\/singuli.wpress.me\/index.php\/wp-json\/wp\/v2\/product\/38935\/revisions"}],"wp:featuredmedia":[{"embeddable":true,"href":"https:\/\/singuli.wpress.me\/index.php\/wp-json\/wp\/v2\/media\/38936"}],"wp:attachment":[{"href":"https:\/\/singuli.wpress.me\/index.php\/wp-json\/wp\/v2\/media?parent=38935"}],"wp:term":[{"taxonomy":"product_brand","embeddable":true,"href":"https:\/\/singuli.wpress.me\/index.php\/wp-json\/wp\/v2\/product_brand?post=38935"},{"taxonomy":"product_cat","embeddable":true,"href":"https:\/\/singuli.wpress.me\/index.php\/wp-json\/wp\/v2\/product_cat?post=38935"},{"taxonomy":"product_tag","embeddable":true,"href":"https:\/\/singuli.wpress.me\/index.php\/wp-json\/wp\/v2\/product_tag?post=38935"}],"curies":[{"name":"wp","href":"https:\/\/api.w.org\/{rel}","templated":true}]}}