{"id":38942,"date":"2026-04-18T18:13:13","date_gmt":"2026-04-18T18:13:13","guid":{"rendered":"https:\/\/singuli.wpress.me\/index.php\/proizvod\/twistshake-mazilica-zec\/"},"modified":"2026-04-23T00:27:39","modified_gmt":"2026-04-23T00:27:39","slug":"twistshake-mazilica-zec","status":"publish","type":"product","link":"https:\/\/singuli.wpress.me\/proizvod\/twistshake-mazilica-zec\/","title":{"rendered":"TWISTSHAKE, mazilica, zec"},"content":{"rendered":"<p>Ze\u010dica Therese tje\u0161i, slu\u0161a i iznimno je mekana u doticaju s najmanjim obrazima.<\/p>\n<p>Udobna dekica Twistshake novi je najbolji prijatelj va\u0161e bebe.<\/p>\n<p>Izra\u0111uje se od mazne tkanine velura u prekrasnoj kremastobijeloj nijansi.<\/p>\n<p>Ne sadr\u017ei labave dijelove i svi su detalji \u010dvrsti da nema rizika od odvajanja dok se va\u0161e dijete igra ili mazi s njom. Mala naljepnica na rubu udobne dekice s likom ze\u010dice ima prostor za ime djeteta i broj telefona da se dekica mo\u017ee prona\u0107i ako se izgubi dok ste vi i va\u0161e dijete na nekoj od va\u0161ih pustolovina.<\/p>\n","protected":false},"excerpt":{"rendered":"<p>Mekana i lagana visokokvalitetna tkanina od velura<br \/>\nSigurnosni detalji za sigurnu uporabu<br \/>\nMo\u017ee se prati u perilici rublja na 40 stupnjeva<\/p>\n","protected":false},"featured_media":38943,"template":"","meta":{"_seopress_robots_primary_cat":"","_seopress_titles_title":"","_seopress_titles_desc":"","_seopress_robots_index":"","iawp_total_views":0},"product_brand":[433],"product_cat":[221],"product_tag":[],"class_list":{"0":"post-38942","1":"product","2":"type-product","3":"status-publish","4":"has-post-thumbnail","6":"product_brand-twistshake","7":"product_cat-igracke","9":"first","10":"outofstock","11":"shipping-taxable","12":"purchasable","13":"product-type-simple"},"_links":{"self":[{"href":"https:\/\/singuli.wpress.me\/wp-json\/wp\/v2\/product\/38942","targetHints":{"allow":["GET"]}}],"collection":[{"href":"https:\/\/singuli.wpress.me\/wp-json\/wp\/v2\/product"}],"about":[{"href":"https:\/\/singuli.wpress.me\/wp-json\/wp\/v2\/types\/product"}],"version-history":[{"count":0,"href":"https:\/\/singuli.wpress.me\/wp-json\/wp\/v2\/product\/38942\/revisions"}],"wp:featuredmedia":[{"embeddable":true,"href":"https:\/\/singuli.wpress.me\/wp-json\/wp\/v2\/media\/38943"}],"wp:attachment":[{"href":"https:\/\/singuli.wpress.me\/wp-json\/wp\/v2\/media?parent=38942"}],"wp:term":[{"taxonomy":"product_brand","embeddable":true,"href":"https:\/\/singuli.wpress.me\/wp-json\/wp\/v2\/product_brand?post=38942"},{"taxonomy":"product_cat","embeddable":true,"href":"https:\/\/singuli.wpress.me\/wp-json\/wp\/v2\/product_cat?post=38942"},{"taxonomy":"product_tag","embeddable":true,"href":"https:\/\/singuli.wpress.me\/wp-json\/wp\/v2\/product_tag?post=38942"}],"curies":[{"name":"wp","href":"https:\/\/api.w.org\/{rel}","templated":true}]}}