{"id":38951,"date":"2026-04-18T18:13:15","date_gmt":"2026-04-18T18:13:15","guid":{"rendered":"https:\/\/singuli.wpress.me\/index.php\/proizvod\/laica-multi-flux-filter-3-kom\/"},"modified":"2026-04-20T12:33:27","modified_gmt":"2026-04-20T12:33:27","slug":"laica-multi-flux-filter-3-kom","status":"publish","type":"product","link":"https:\/\/singuli.wpress.me\/index.php\/proizvod\/laica-multi-flux-filter-3-kom\/","title":{"rendered":"LAICA Multi-flux , filter, 3\u00a0kom"},"content":{"rendered":"<p>Laica Multi-flux filter ulo\u0161ci dizajnirani su za pru\u017eanje najbolje razine filtracije uz najvi\u0161u kvalitetu i sigurnost, \u0161to su potvrdile mnoge me\u0111unarodne organizacije.<\/p>\n","protected":false},"excerpt":{"rendered":"<p>Filter smanjuje sadr\u017eaj klora, kamenca, te\u0161kih metala, herbicida, pesticida<br \/>\nLaica Multi-flux filter kompatibilan je s Fresh Line linijom Laica vr\u010deva<br \/>\nPakiranje sadr\u017ei 3 filtera<\/p>\n","protected":false},"featured_media":38952,"template":"","meta":{"_seopress_robots_primary_cat":"","_seopress_titles_title":"","_seopress_titles_desc":"","_seopress_robots_index":"","iawp_total_views":0},"product_brand":[148],"product_cat":[274,238],"product_tag":[],"class_list":{"0":"post-38951","1":"product","2":"type-product","3":"status-publish","4":"has-post-thumbnail","6":"product_brand-laica","7":"product_cat-kucanski-pribor-238","8":"product_cat-sve-za-dom","10":"first","11":"instock","12":"shipping-taxable","13":"purchasable","14":"product-type-simple"},"_links":{"self":[{"href":"https:\/\/singuli.wpress.me\/index.php\/wp-json\/wp\/v2\/product\/38951","targetHints":{"allow":["GET"]}}],"collection":[{"href":"https:\/\/singuli.wpress.me\/index.php\/wp-json\/wp\/v2\/product"}],"about":[{"href":"https:\/\/singuli.wpress.me\/index.php\/wp-json\/wp\/v2\/types\/product"}],"version-history":[{"count":0,"href":"https:\/\/singuli.wpress.me\/index.php\/wp-json\/wp\/v2\/product\/38951\/revisions"}],"wp:featuredmedia":[{"embeddable":true,"href":"https:\/\/singuli.wpress.me\/index.php\/wp-json\/wp\/v2\/media\/38952"}],"wp:attachment":[{"href":"https:\/\/singuli.wpress.me\/index.php\/wp-json\/wp\/v2\/media?parent=38951"}],"wp:term":[{"taxonomy":"product_brand","embeddable":true,"href":"https:\/\/singuli.wpress.me\/index.php\/wp-json\/wp\/v2\/product_brand?post=38951"},{"taxonomy":"product_cat","embeddable":true,"href":"https:\/\/singuli.wpress.me\/index.php\/wp-json\/wp\/v2\/product_cat?post=38951"},{"taxonomy":"product_tag","embeddable":true,"href":"https:\/\/singuli.wpress.me\/index.php\/wp-json\/wp\/v2\/product_tag?post=38951"}],"curies":[{"name":"wp","href":"https:\/\/api.w.org\/{rel}","templated":true}]}}