{"id":38953,"date":"2026-04-18T18:13:16","date_gmt":"2026-04-18T18:13:16","guid":{"rendered":"https:\/\/singuli.wpress.me\/index.php\/proizvod\/medex-gelee-royale-kapsule-3010-x-350g\/"},"modified":"2026-04-20T12:33:27","modified_gmt":"2026-04-20T12:33:27","slug":"medex-gelee-royale-kapsule-3010-x-350g","status":"publish","type":"product","link":"https:\/\/singuli.wpress.me\/index.php\/proizvod\/medex-gelee-royale-kapsule-3010-x-350g\/","title":{"rendered":"MEDEX Gelee Royale, kapsule, 30+10 x 350g"},"content":{"rendered":"<div>Za \u010dovjeka je mati\u010dna mlije\u010d idealan svakodnevni dodatak prehrani.&nbsp;<\/div>\n<div><\/div>\n<div>Kapsule Gel\u00e9e royale&nbsp; su dodatak prehrani s 350 mg mati\u010dne mlije\u010di u jednoj kapsuli. Liofiliziran (dehidriran) oblik mati\u010dne mlije\u010di \u010duva sve njezine prirodne djelatne tvari i odli\u010dna je dopuna svakodnevnoj prehrani. Preporu\u010dujemo ih svima koji su izlo\u017eeni ve\u0107oj tjelesnoj aktivnosti i drugim naporima.<\/div>\n<div><\/div>\n","protected":false},"excerpt":{"rendered":"<p>Dodatak prehrani s 350 mg mati\u010dne mlije\u010di u jednoj kapsuli<br \/>\nPreporu\u010dena dnevna doza jest 1 kapsula = 350 mg mati\u010dne mlije\u010di<br \/>\n\u010cuvajte na tamnom i suhom mjestu pri sobnoj temperaturi do 25 \u00b0C.<\/p>\n","protected":false},"featured_media":38954,"template":"","meta":{"_seopress_robots_primary_cat":"","_seopress_titles_title":"","_seopress_titles_desc":"","_seopress_robots_index":"","iawp_total_views":0},"product_brand":[415],"product_cat":[268,269],"product_tag":[],"class_list":{"0":"post-38953","1":"product","2":"type-product","3":"status-publish","4":"has-post-thumbnail","6":"product_brand-medex","7":"product_cat-kozmetika-2","8":"product_cat-zastita-koze-268","10":"first","11":"outofstock","12":"shipping-taxable","13":"purchasable","14":"product-type-simple"},"_links":{"self":[{"href":"https:\/\/singuli.wpress.me\/index.php\/wp-json\/wp\/v2\/product\/38953","targetHints":{"allow":["GET"]}}],"collection":[{"href":"https:\/\/singuli.wpress.me\/index.php\/wp-json\/wp\/v2\/product"}],"about":[{"href":"https:\/\/singuli.wpress.me\/index.php\/wp-json\/wp\/v2\/types\/product"}],"version-history":[{"count":0,"href":"https:\/\/singuli.wpress.me\/index.php\/wp-json\/wp\/v2\/product\/38953\/revisions"}],"wp:featuredmedia":[{"embeddable":true,"href":"https:\/\/singuli.wpress.me\/index.php\/wp-json\/wp\/v2\/media\/38954"}],"wp:attachment":[{"href":"https:\/\/singuli.wpress.me\/index.php\/wp-json\/wp\/v2\/media?parent=38953"}],"wp:term":[{"taxonomy":"product_brand","embeddable":true,"href":"https:\/\/singuli.wpress.me\/index.php\/wp-json\/wp\/v2\/product_brand?post=38953"},{"taxonomy":"product_cat","embeddable":true,"href":"https:\/\/singuli.wpress.me\/index.php\/wp-json\/wp\/v2\/product_cat?post=38953"},{"taxonomy":"product_tag","embeddable":true,"href":"https:\/\/singuli.wpress.me\/index.php\/wp-json\/wp\/v2\/product_tag?post=38953"}],"curies":[{"name":"wp","href":"https:\/\/api.w.org\/{rel}","templated":true}]}}