{"id":38958,"date":"2026-04-18T18:13:17","date_gmt":"2026-04-18T18:13:17","guid":{"rendered":"https:\/\/singuli.wpress.me\/index.php\/proizvod\/wc-net-style-osvjezivac-wc-skoljke-blue-fresh-duopack-40-g\/"},"modified":"2026-04-20T12:33:27","modified_gmt":"2026-04-20T12:33:27","slug":"wc-net-style-osvjezivac-wc-skoljke-blue-fresh-duopack-40-g","status":"publish","type":"product","link":"https:\/\/singuli.wpress.me\/index.php\/proizvod\/wc-net-style-osvjezivac-wc-skoljke-blue-fresh-duopack-40-g\/","title":{"rendered":"WC NET Style, osvje\u017eiva\u010d wc \u0161koljke, Blue Fresh duopack, 40\u00a0g"},"content":{"rendered":"<p>Style tehnologija pru\u017ea \u010disto\u0107u i higijenu uz moderan izgled zahvaljuju\u0107i zatvorenom dizajnu ko\u0161arice koji prekriva sapun i ne blijedi s ispiranjem vode.<\/p>\n<p>Dodatno, sapun pru\u017ea:<\/p>\n<p>&#8211; Super pjenu za \u010di\u0161\u0107enje s aktivnim kisikom<br \/>\n&#8211; Maksimalnu higijenu<br \/>\n&#8211; Ugodan osje\u0107aj zahvaljuju\u0107i dugotrajnom mirisu<\/p>\n<p>Molimo Vas da nadgledate djecu u blizini WC \u0161koljke, budu\u0107i da ih ovaj proizvod mo\u017ee privla\u010diti.<\/p>\n","protected":false},"excerpt":{"rendered":"<p>Pru\u017ea \u010disto\u0107u i higijenu<br \/>\nMaksimalna higijena<br \/>\nDugotrajan miris<\/p>\n","protected":false},"featured_media":38959,"template":"","meta":{"_seopress_robots_primary_cat":"","_seopress_titles_title":"","_seopress_titles_desc":"","_seopress_robots_index":"","iawp_total_views":0},"product_brand":[778],"product_cat":[284,238],"product_tag":[],"class_list":{"0":"post-38958","1":"product","2":"type-product","3":"status-publish","4":"has-post-thumbnail","6":"product_brand-wc-net","7":"product_cat-sredstva-za-ciscenje-238","8":"product_cat-sve-za-dom","10":"first","11":"outofstock","12":"shipping-taxable","13":"purchasable","14":"product-type-simple"},"_links":{"self":[{"href":"https:\/\/singuli.wpress.me\/index.php\/wp-json\/wp\/v2\/product\/38958","targetHints":{"allow":["GET"]}}],"collection":[{"href":"https:\/\/singuli.wpress.me\/index.php\/wp-json\/wp\/v2\/product"}],"about":[{"href":"https:\/\/singuli.wpress.me\/index.php\/wp-json\/wp\/v2\/types\/product"}],"version-history":[{"count":0,"href":"https:\/\/singuli.wpress.me\/index.php\/wp-json\/wp\/v2\/product\/38958\/revisions"}],"wp:featuredmedia":[{"embeddable":true,"href":"https:\/\/singuli.wpress.me\/index.php\/wp-json\/wp\/v2\/media\/38959"}],"wp:attachment":[{"href":"https:\/\/singuli.wpress.me\/index.php\/wp-json\/wp\/v2\/media?parent=38958"}],"wp:term":[{"taxonomy":"product_brand","embeddable":true,"href":"https:\/\/singuli.wpress.me\/index.php\/wp-json\/wp\/v2\/product_brand?post=38958"},{"taxonomy":"product_cat","embeddable":true,"href":"https:\/\/singuli.wpress.me\/index.php\/wp-json\/wp\/v2\/product_cat?post=38958"},{"taxonomy":"product_tag","embeddable":true,"href":"https:\/\/singuli.wpress.me\/index.php\/wp-json\/wp\/v2\/product_tag?post=38958"}],"curies":[{"name":"wp","href":"https:\/\/api.w.org\/{rel}","templated":true}]}}