{"id":38977,"date":"2026-04-18T18:13:23","date_gmt":"2026-04-18T18:13:23","guid":{"rendered":"https:\/\/singuli.wpress.me\/index.php\/proizvod\/always-classic-night-higijenski-ulosci-8-kom\/"},"modified":"2026-04-21T00:26:58","modified_gmt":"2026-04-21T00:26:58","slug":"always-classic-night-higijenski-ulosci-8-kom","status":"publish","type":"product","link":"https:\/\/singuli.wpress.me\/index.php\/proizvod\/always-classic-night-higijenski-ulosci-8-kom\/","title":{"rendered":"ALWAYS Classic Night, higijenski ulo\u0161ci, 8\u00a0kom"},"content":{"rendered":"<p>Mirno spavajte uz higijenske ulo\u0161ke Always Classic Night.Higijenski ulo\u0161ci Always Classic Night posebno su oblikovani kako bi pru\u017eili bolju za\u0161titu tijekom no\u0107i, kao i u dane s obilnijom mjese\u010dnicom (u usporedbi s ulo\u0161cima Always Classic Normal i Long). Higijenski ulo\u0161ci s krilcima Always Classic Night pru\u017eaju osje\u0107aj \u010disto\u0107e, a imaju i 3 aktivne zone upijanja koje poma\u017eu da se osje\u0107ate za\u0161ti\u0107eno tijekom cijele no\u0107i.<\/p>\n","protected":false},"excerpt":{"rendered":"<p>3 aktivne zone upijanja<br \/>\nPouzdana cjelono\u0107na za\u0161tita.<br \/>\nOsje\u0107aj \u010disto\u0107e i svje\u017eine<\/p>\n","protected":false},"featured_media":38978,"template":"","meta":{"_seopress_robots_primary_cat":"","_seopress_titles_title":"","_seopress_titles_desc":"","_seopress_robots_index":"","iawp_total_views":0},"product_brand":[449],"product_cat":[211,288],"product_tag":[],"class_list":{"0":"post-38977","1":"product","2":"type-product","3":"status-publish","4":"has-post-thumbnail","6":"product_brand-always","7":"product_cat-njega-majke-i-djeteta","8":"product_cat-zenska-higijena-211","10":"first","11":"outofstock","12":"shipping-taxable","13":"purchasable","14":"product-type-simple"},"_links":{"self":[{"href":"https:\/\/singuli.wpress.me\/index.php\/wp-json\/wp\/v2\/product\/38977","targetHints":{"allow":["GET"]}}],"collection":[{"href":"https:\/\/singuli.wpress.me\/index.php\/wp-json\/wp\/v2\/product"}],"about":[{"href":"https:\/\/singuli.wpress.me\/index.php\/wp-json\/wp\/v2\/types\/product"}],"version-history":[{"count":0,"href":"https:\/\/singuli.wpress.me\/index.php\/wp-json\/wp\/v2\/product\/38977\/revisions"}],"wp:featuredmedia":[{"embeddable":true,"href":"https:\/\/singuli.wpress.me\/index.php\/wp-json\/wp\/v2\/media\/38978"}],"wp:attachment":[{"href":"https:\/\/singuli.wpress.me\/index.php\/wp-json\/wp\/v2\/media?parent=38977"}],"wp:term":[{"taxonomy":"product_brand","embeddable":true,"href":"https:\/\/singuli.wpress.me\/index.php\/wp-json\/wp\/v2\/product_brand?post=38977"},{"taxonomy":"product_cat","embeddable":true,"href":"https:\/\/singuli.wpress.me\/index.php\/wp-json\/wp\/v2\/product_cat?post=38977"},{"taxonomy":"product_tag","embeddable":true,"href":"https:\/\/singuli.wpress.me\/index.php\/wp-json\/wp\/v2\/product_tag?post=38977"}],"curies":[{"name":"wp","href":"https:\/\/api.w.org\/{rel}","templated":true}]}}