{"id":38990,"date":"2026-04-18T18:13:31","date_gmt":"2026-04-18T18:13:31","guid":{"rendered":"https:\/\/singuli.wpress.me\/index.php\/proizvod\/gillette-labs-zamjenske-britvice-8-kom\/"},"modified":"2026-04-21T00:26:58","modified_gmt":"2026-04-21T00:26:58","slug":"gillette-labs-zamjenske-britvice-8-kom","status":"publish","type":"product","link":"https:\/\/singuli.wpress.me\/index.php\/proizvod\/gillette-labs-zamjenske-britvice-8-kom\/","title":{"rendered":"GILLETTE Labs, zamjenske britvice, 8\u00a0kom"},"content":{"rendered":"<p>Zamjenske britvice za zagrijani brija\u010d GilletteLabs upotrebljavaju se isklju\u010divo s prvim zagrijanim brija\u010dem na svijetu, koji na dodir gumba grije i pru\u017ea osje\u0107aj kao kada se pri brijanju koristi vru\u0107 ru\u010dnik. <\/p>\n<p>Dizajniran kako bi pretvorio brijanje iz jo\u0161 jedne svakodnevne obaveze u ugodno iskustvo, zagrijani brija\u010d koristi revolucionarnu grija\u0107u trakicu koja sa svakim potezom grije i \u010dini brijanje ugodnijim. <\/p>\n<p>Brija\u010d ima Gilletteove najnaprednije i najtanje o\u0161trice koje omogu\u0107uju najugodnije brijanje.<\/p>\n","protected":false},"excerpt":{"rendered":"<p>Napredna tehnologija s pet o\u0161trica<br \/>\nPrilagodljiva umiruju\u0107a toplina<br \/>\nOsje\u0107aj kao da u\u017eivate u tretmanu vru\u0107im ru\u010dnikom<\/p>\n","protected":false},"featured_media":38991,"template":"","meta":{"_seopress_robots_primary_cat":"","_seopress_titles_title":"","_seopress_titles_desc":"","_seopress_robots_index":"","iawp_total_views":0},"product_brand":[323],"product_cat":[280,192,279],"product_tag":[],"class_list":{"0":"post-38990","1":"product","2":"type-product","3":"status-publish","4":"has-post-thumbnail","6":"product_brand-gillette","7":"product_cat-aparati-za-muskarce-279","8":"product_cat-aparati-za-osobnu-njegu","9":"product_cat-brijanje-i-sisanje-192","11":"first","12":"outofstock","13":"shipping-taxable","14":"purchasable","15":"product-type-simple"},"_links":{"self":[{"href":"https:\/\/singuli.wpress.me\/index.php\/wp-json\/wp\/v2\/product\/38990","targetHints":{"allow":["GET"]}}],"collection":[{"href":"https:\/\/singuli.wpress.me\/index.php\/wp-json\/wp\/v2\/product"}],"about":[{"href":"https:\/\/singuli.wpress.me\/index.php\/wp-json\/wp\/v2\/types\/product"}],"version-history":[{"count":0,"href":"https:\/\/singuli.wpress.me\/index.php\/wp-json\/wp\/v2\/product\/38990\/revisions"}],"wp:featuredmedia":[{"embeddable":true,"href":"https:\/\/singuli.wpress.me\/index.php\/wp-json\/wp\/v2\/media\/38991"}],"wp:attachment":[{"href":"https:\/\/singuli.wpress.me\/index.php\/wp-json\/wp\/v2\/media?parent=38990"}],"wp:term":[{"taxonomy":"product_brand","embeddable":true,"href":"https:\/\/singuli.wpress.me\/index.php\/wp-json\/wp\/v2\/product_brand?post=38990"},{"taxonomy":"product_cat","embeddable":true,"href":"https:\/\/singuli.wpress.me\/index.php\/wp-json\/wp\/v2\/product_cat?post=38990"},{"taxonomy":"product_tag","embeddable":true,"href":"https:\/\/singuli.wpress.me\/index.php\/wp-json\/wp\/v2\/product_tag?post=38990"}],"curies":[{"name":"wp","href":"https:\/\/api.w.org\/{rel}","templated":true}]}}