{"id":38994,"date":"2026-04-18T18:13:37","date_gmt":"2026-04-18T18:13:37","guid":{"rendered":"https:\/\/singuli.wpress.me\/index.php\/proizvod\/hot-wheels-city-set-napad-osvetnika\/"},"modified":"2026-04-20T12:33:27","modified_gmt":"2026-04-20T12:33:27","slug":"hot-wheels-city-set-napad-osvetnika","status":"publish","type":"product","link":"https:\/\/singuli.wpress.me\/index.php\/proizvod\/hot-wheels-city-set-napad-osvetnika\/","title":{"rendered":"HOT WHEELS City, set, napad osvetnika"},"content":{"rendered":"<p>Opasna stvorenja napala su poznate znamenitosti Hot Wheels grada stvaraju\u0107i uzbudljive prepreke i nezaboravne avanture.<\/p>\n<p>Ovi setovi se mogu me\u0111usobno povezati kao i s drugim Hot Wheels setovima tako da djeca mogu izgraditi svoj jedinstveni grad pun izazova i neprijateljskih prepreka koje nadahnjuju kreativno pripovijedanje kroz igru.<\/p>\n<p>Uklju\u010duje jedan Hot Wheels auti\u0107 \u0161to ovaj set \u010dini odli\u010dnim poklonom za svaku priliku.<\/p>\n","protected":false},"excerpt":{"rendered":"<p>Setovi se mogu povezati sa drugim Hot Wheels setovima<br \/>\nNadahnjuje kreativno pripovijedanje kroz igru<br \/>\nSet uklju\u010duje jedan Hot Wheels auti\u0107<\/p>\n","protected":false},"featured_media":38995,"template":"","meta":{"_seopress_robots_primary_cat":"","_seopress_titles_title":"","_seopress_titles_desc":"","_seopress_robots_index":"","iawp_total_views":0},"product_brand":[429],"product_cat":[221,291],"product_tag":[],"class_list":{"0":"post-38994","1":"product","2":"type-product","3":"status-publish","4":"has-post-thumbnail","6":"product_brand-hot-wheels","7":"product_cat-igracke","8":"product_cat-igracke-za-djecu-221","10":"first","11":"instock","12":"shipping-taxable","13":"purchasable","14":"product-type-simple"},"_links":{"self":[{"href":"https:\/\/singuli.wpress.me\/index.php\/wp-json\/wp\/v2\/product\/38994","targetHints":{"allow":["GET"]}}],"collection":[{"href":"https:\/\/singuli.wpress.me\/index.php\/wp-json\/wp\/v2\/product"}],"about":[{"href":"https:\/\/singuli.wpress.me\/index.php\/wp-json\/wp\/v2\/types\/product"}],"version-history":[{"count":0,"href":"https:\/\/singuli.wpress.me\/index.php\/wp-json\/wp\/v2\/product\/38994\/revisions"}],"wp:featuredmedia":[{"embeddable":true,"href":"https:\/\/singuli.wpress.me\/index.php\/wp-json\/wp\/v2\/media\/38995"}],"wp:attachment":[{"href":"https:\/\/singuli.wpress.me\/index.php\/wp-json\/wp\/v2\/media?parent=38994"}],"wp:term":[{"taxonomy":"product_brand","embeddable":true,"href":"https:\/\/singuli.wpress.me\/index.php\/wp-json\/wp\/v2\/product_brand?post=38994"},{"taxonomy":"product_cat","embeddable":true,"href":"https:\/\/singuli.wpress.me\/index.php\/wp-json\/wp\/v2\/product_cat?post=38994"},{"taxonomy":"product_tag","embeddable":true,"href":"https:\/\/singuli.wpress.me\/index.php\/wp-json\/wp\/v2\/product_tag?post=38994"}],"curies":[{"name":"wp","href":"https:\/\/api.w.org\/{rel}","templated":true}]}}