{"id":39010,"date":"2026-04-18T18:13:49","date_gmt":"2026-04-18T18:13:49","guid":{"rendered":"https:\/\/singuli.wpress.me\/index.php\/proizvod\/uhu-ljepljiva-traka-transparent-2-x-7-5-m\/"},"modified":"2026-04-20T12:33:27","modified_gmt":"2026-04-20T12:33:27","slug":"uhu-ljepljiva-traka-transparent-2-x-7-5-m","status":"publish","type":"product","link":"https:\/\/singuli.wpress.me\/index.php\/proizvod\/uhu-ljepljiva-traka-transparent-2-x-7-5-m\/","title":{"rendered":"UHU, ljepljiva traka,  transparent 2 x 7.5 m"},"content":{"rendered":"<p>Prozirna ljepljiva traka za mnoge zadatke kod ku\u0107e, u \u0161koli i uredu. <\/p>\n<p>Idealno za pri\u010dvr\u0161\u0107ivanje i pakiranje. <\/p>\n<p>Dostupna dva koluta po 7,5 metara.<\/p>\n","protected":false},"excerpt":{"rendered":"<p>Prozirna ljepljiva traka za mnoge zadatke kod ku\u0107e, u \u0161koli i uredu<br \/>\nIdealno za pri\u010dvr\u0161\u0107ivanje i pakiranje<br \/>\nDostupna dva koluta po 7,5 metara<\/p>\n","protected":false},"featured_media":39011,"template":"","meta":{"_seopress_robots_primary_cat":"","_seopress_titles_title":"","_seopress_titles_desc":"","_seopress_robots_index":"","iawp_total_views":0},"product_brand":[445],"product_cat":[264,238],"product_tag":[],"class_list":{"0":"post-39010","1":"product","2":"type-product","3":"status-publish","4":"has-post-thumbnail","6":"product_brand-uhu","7":"product_cat-ljepila-i-brtvila-238","8":"product_cat-sve-za-dom","10":"first","11":"outofstock","12":"shipping-taxable","13":"purchasable","14":"product-type-simple"},"_links":{"self":[{"href":"https:\/\/singuli.wpress.me\/index.php\/wp-json\/wp\/v2\/product\/39010","targetHints":{"allow":["GET"]}}],"collection":[{"href":"https:\/\/singuli.wpress.me\/index.php\/wp-json\/wp\/v2\/product"}],"about":[{"href":"https:\/\/singuli.wpress.me\/index.php\/wp-json\/wp\/v2\/types\/product"}],"version-history":[{"count":0,"href":"https:\/\/singuli.wpress.me\/index.php\/wp-json\/wp\/v2\/product\/39010\/revisions"}],"wp:featuredmedia":[{"embeddable":true,"href":"https:\/\/singuli.wpress.me\/index.php\/wp-json\/wp\/v2\/media\/39011"}],"wp:attachment":[{"href":"https:\/\/singuli.wpress.me\/index.php\/wp-json\/wp\/v2\/media?parent=39010"}],"wp:term":[{"taxonomy":"product_brand","embeddable":true,"href":"https:\/\/singuli.wpress.me\/index.php\/wp-json\/wp\/v2\/product_brand?post=39010"},{"taxonomy":"product_cat","embeddable":true,"href":"https:\/\/singuli.wpress.me\/index.php\/wp-json\/wp\/v2\/product_cat?post=39010"},{"taxonomy":"product_tag","embeddable":true,"href":"https:\/\/singuli.wpress.me\/index.php\/wp-json\/wp\/v2\/product_tag?post=39010"}],"curies":[{"name":"wp","href":"https:\/\/api.w.org\/{rel}","templated":true}]}}