{"id":39012,"date":"2026-04-18T18:13:50","date_gmt":"2026-04-18T18:13:50","guid":{"rendered":"https:\/\/singuli.wpress.me\/index.php\/proizvod\/medex-diethon-zamjena-za-med-450-g\/"},"modified":"2026-04-20T12:33:27","modified_gmt":"2026-04-20T12:33:27","slug":"medex-diethon-zamjena-za-med-450-g","status":"publish","type":"product","link":"https:\/\/singuli.wpress.me\/index.php\/proizvod\/medex-diethon-zamjena-za-med-450-g\/","title":{"rendered":"MEDEX Diethon, zamjena za med, 450\u00a0g"},"content":{"rendered":"<p><span style=\"font-weight: bold\">Medex Diethon<\/span> je bogata i ukusna mje\u0161avina fruktoze, sladila i meda. Proizvod je namijenjen za dijetalnu prehranu kod \u0161e\u0107erne bolesti.<\/p>\n<p>Diethon se mo\u017ee koristiti na razne na\u010dine. Naro\u010dito je ukusan kao namaz na kruh, mo\u017ee se koristiti za pe\u010denje kola\u010da ili za zasladiti vo\u0107ne salate i pi\u0107a. Mo\u017eete ga pomije\u0161ati s jogurtom, ricotta sirom ili pahuljicama, ili ga otopiti u toploj vodi, mlijeku ili \u010daju. Kod pripreme pi\u0107a, pazite da ne stavite med u previ\u0161e topli napitak budu\u0107i da najva\u017eniji sastojci meda gube svoju ljekovitost na visokim temperaturama.<\/p>\n","protected":false},"excerpt":{"rendered":"<p>Proizvod je namijenjen za dijetalnu prehranu kod \u0161e\u0107erne bolesti<br \/>\nBogata i ukusna mje\u0161avina fruktoze, sladila i meda<br \/>\nMo\u017ee se koristiti na razne na\u010dine<\/p>\n","protected":false},"featured_media":39013,"template":"","meta":{"_seopress_robots_primary_cat":"","_seopress_titles_title":"","_seopress_titles_desc":"","_seopress_robots_index":"","iawp_total_views":0},"product_brand":[415],"product_cat":[268,269],"product_tag":[],"class_list":{"0":"post-39012","1":"product","2":"type-product","3":"status-publish","4":"has-post-thumbnail","6":"product_brand-medex","7":"product_cat-kozmetika-2","8":"product_cat-zastita-koze-268","10":"first","11":"outofstock","12":"shipping-taxable","13":"purchasable","14":"product-type-simple"},"_links":{"self":[{"href":"https:\/\/singuli.wpress.me\/index.php\/wp-json\/wp\/v2\/product\/39012","targetHints":{"allow":["GET"]}}],"collection":[{"href":"https:\/\/singuli.wpress.me\/index.php\/wp-json\/wp\/v2\/product"}],"about":[{"href":"https:\/\/singuli.wpress.me\/index.php\/wp-json\/wp\/v2\/types\/product"}],"version-history":[{"count":0,"href":"https:\/\/singuli.wpress.me\/index.php\/wp-json\/wp\/v2\/product\/39012\/revisions"}],"wp:featuredmedia":[{"embeddable":true,"href":"https:\/\/singuli.wpress.me\/index.php\/wp-json\/wp\/v2\/media\/39013"}],"wp:attachment":[{"href":"https:\/\/singuli.wpress.me\/index.php\/wp-json\/wp\/v2\/media?parent=39012"}],"wp:term":[{"taxonomy":"product_brand","embeddable":true,"href":"https:\/\/singuli.wpress.me\/index.php\/wp-json\/wp\/v2\/product_brand?post=39012"},{"taxonomy":"product_cat","embeddable":true,"href":"https:\/\/singuli.wpress.me\/index.php\/wp-json\/wp\/v2\/product_cat?post=39012"},{"taxonomy":"product_tag","embeddable":true,"href":"https:\/\/singuli.wpress.me\/index.php\/wp-json\/wp\/v2\/product_tag?post=39012"}],"curies":[{"name":"wp","href":"https:\/\/api.w.org\/{rel}","templated":true}]}}