{"id":39020,"date":"2026-04-18T18:13:52","date_gmt":"2026-04-18T18:13:52","guid":{"rendered":"https:\/\/singuli.wpress.me\/index.php\/proizvod\/tellus-s2-vx-46-hidraulicko-ulje-209-l\/"},"modified":"2026-04-21T00:26:58","modified_gmt":"2026-04-21T00:26:58","slug":"tellus-s2-vx-46-hidraulicko-ulje-209-l","status":"publish","type":"product","link":"https:\/\/singuli.wpress.me\/index.php\/proizvod\/tellus-s2-vx-46-hidraulicko-ulje-209-l\/","title":{"rendered":"TELLUS S2 VX 46, hidrauli\u010dko ulje, 209\u00a0l"},"content":{"rendered":"<p>Visokou\u010dinkovito hidrauli\u010dko ulje visokih performansi bazirano na grupi II baznog ulja koje osigurava izvanrednu za\u0161titu u \u0161irokom rasponu temperatura. Otporno je na propadanje uslijed mehani\u010dkog optere\u0107enja i prikladno je za ve\u0107inu mobilne opreme. Karakterizira ga produljeni vijek trajanja, izuzetna za\u0161tita, odr\u017eavanje u\u010dinkovitosti i \u010disto\u0107e sustava te \u0161iroka primjena. Glavne primjene su u mobilnim\/vanjskim hidrauli\u010dkim aplikacijama, u preciznim hidrauli\u010dkim sustavima te brodskim hidrauli\u010dkim sustavima.<\/p>\n<p>Specifikacija: Parker Denison (HF-0, HF-1, HF-2), Eaton E-FDGN-TB002-E, Fives (Cincinnati Machine) P-70, ISO 1158 (HV teku\u0107ine), \u0161vedski standard SS 15 54 34 AM, DIN 51524 Dio 3 HVLP tip, ASTM D6158 (HV teku\u0107ine), Bosch Rexroth Fluid Ratig RDE 90245.<\/p>\n","protected":false},"excerpt":{"rendered":"<p>Hidrauli\u010dna teku\u0107ina<br \/>\nIzvanredna za\u0161tita<br \/>\nOtporno na propadanje<\/p>\n","protected":false},"featured_media":39021,"template":"","meta":{"_seopress_robots_primary_cat":"","_seopress_titles_title":"","_seopress_titles_desc":"","_seopress_robots_index":"","iawp_total_views":0},"product_brand":[414],"product_cat":[243,276],"product_tag":[],"class_list":{"0":"post-39020","1":"product","2":"type-product","3":"status-publish","4":"has-post-thumbnail","6":"product_brand-tellus","7":"product_cat-automobili-i-motori","8":"product_cat-industrijska-i-specijalna-ulja-243","10":"first","11":"instock","12":"shipping-taxable","13":"purchasable","14":"product-type-simple"},"_links":{"self":[{"href":"https:\/\/singuli.wpress.me\/index.php\/wp-json\/wp\/v2\/product\/39020","targetHints":{"allow":["GET"]}}],"collection":[{"href":"https:\/\/singuli.wpress.me\/index.php\/wp-json\/wp\/v2\/product"}],"about":[{"href":"https:\/\/singuli.wpress.me\/index.php\/wp-json\/wp\/v2\/types\/product"}],"version-history":[{"count":0,"href":"https:\/\/singuli.wpress.me\/index.php\/wp-json\/wp\/v2\/product\/39020\/revisions"}],"wp:featuredmedia":[{"embeddable":true,"href":"https:\/\/singuli.wpress.me\/index.php\/wp-json\/wp\/v2\/media\/39021"}],"wp:attachment":[{"href":"https:\/\/singuli.wpress.me\/index.php\/wp-json\/wp\/v2\/media?parent=39020"}],"wp:term":[{"taxonomy":"product_brand","embeddable":true,"href":"https:\/\/singuli.wpress.me\/index.php\/wp-json\/wp\/v2\/product_brand?post=39020"},{"taxonomy":"product_cat","embeddable":true,"href":"https:\/\/singuli.wpress.me\/index.php\/wp-json\/wp\/v2\/product_cat?post=39020"},{"taxonomy":"product_tag","embeddable":true,"href":"https:\/\/singuli.wpress.me\/index.php\/wp-json\/wp\/v2\/product_tag?post=39020"}],"curies":[{"name":"wp","href":"https:\/\/api.w.org\/{rel}","templated":true}]}}