{"id":39024,"date":"2026-04-18T18:13:56","date_gmt":"2026-04-18T18:13:56","guid":{"rendered":"https:\/\/singuli.wpress.me\/index.php\/proizvod\/tomy-igracka-2u1-kamioncic-koji-se-transforimira\/"},"modified":"2026-04-20T12:33:27","modified_gmt":"2026-04-20T12:33:27","slug":"tomy-igracka-2u1-kamioncic-koji-se-transforimira","status":"publish","type":"product","link":"https:\/\/singuli.wpress.me\/index.php\/proizvod\/tomy-igracka-2u1-kamioncic-koji-se-transforimira\/","title":{"rendered":"TOMY, igra\u010dka, 2u1 kamion\u010di\u0107 koji se transforimira"},"content":{"rendered":"<p>Transformiraju\u0107i kamion\/traktor.<\/p>\n<p>Otkva\u010dite kiper, zakva\u010dite ga s druge strane, kamion se pretvara u traktor koji vu\u010de prikolicu.<\/p>\n<p>Uz vozilo dolazi pili\u0107 voza\u010d koji ispu\u0161ta zvuk na pritisak.<\/p>\n<p>Igra\u010dka razvija motori\u010dke sposobnosti, logiku i rje\u0161avanje problema.<\/p>\n<p>Nisu potrebne baterije.<\/p>\n","protected":false},"excerpt":{"rendered":"<p>Uz vozilo dolazi pili\u0107 voza\u010d<br \/>\nIgra\u010dka razvija motori\u010dke sposobnosti, logiku i rje\u0161avanje problema<br \/>\nBaterije nisu potrebne<\/p>\n","protected":false},"featured_media":39025,"template":"","meta":{"_seopress_robots_primary_cat":"","_seopress_titles_title":"","_seopress_titles_desc":"","_seopress_robots_index":"","iawp_total_views":0},"product_brand":[487],"product_cat":[221,291],"product_tag":[],"class_list":{"0":"post-39024","1":"product","2":"type-product","3":"status-publish","4":"has-post-thumbnail","6":"product_brand-tomy","7":"product_cat-igracke","8":"product_cat-igracke-za-djecu-221","10":"first","11":"instock","12":"shipping-taxable","13":"purchasable","14":"product-type-simple"},"_links":{"self":[{"href":"https:\/\/singuli.wpress.me\/index.php\/wp-json\/wp\/v2\/product\/39024","targetHints":{"allow":["GET"]}}],"collection":[{"href":"https:\/\/singuli.wpress.me\/index.php\/wp-json\/wp\/v2\/product"}],"about":[{"href":"https:\/\/singuli.wpress.me\/index.php\/wp-json\/wp\/v2\/types\/product"}],"version-history":[{"count":0,"href":"https:\/\/singuli.wpress.me\/index.php\/wp-json\/wp\/v2\/product\/39024\/revisions"}],"wp:featuredmedia":[{"embeddable":true,"href":"https:\/\/singuli.wpress.me\/index.php\/wp-json\/wp\/v2\/media\/39025"}],"wp:attachment":[{"href":"https:\/\/singuli.wpress.me\/index.php\/wp-json\/wp\/v2\/media?parent=39024"}],"wp:term":[{"taxonomy":"product_brand","embeddable":true,"href":"https:\/\/singuli.wpress.me\/index.php\/wp-json\/wp\/v2\/product_brand?post=39024"},{"taxonomy":"product_cat","embeddable":true,"href":"https:\/\/singuli.wpress.me\/index.php\/wp-json\/wp\/v2\/product_cat?post=39024"},{"taxonomy":"product_tag","embeddable":true,"href":"https:\/\/singuli.wpress.me\/index.php\/wp-json\/wp\/v2\/product_tag?post=39024"}],"curies":[{"name":"wp","href":"https:\/\/api.w.org\/{rel}","templated":true}]}}