{"id":39036,"date":"2026-04-18T18:14:05","date_gmt":"2026-04-18T18:14:05","guid":{"rendered":"https:\/\/singuli.wpress.me\/index.php\/proizvod\/glade-aromatherapy-moment-of-zen-mirisna-svijeca-lavandin-i-sandalovina-260-g\/"},"modified":"2026-04-20T12:33:27","modified_gmt":"2026-04-20T12:33:27","slug":"glade-aromatherapy-moment-of-zen-mirisna-svijeca-lavandin-i-sandalovina-260-g","status":"publish","type":"product","link":"https:\/\/singuli.wpress.me\/index.php\/proizvod\/glade-aromatherapy-moment-of-zen-mirisna-svijeca-lavandin-i-sandalovina-260-g\/","title":{"rendered":"GLADE Aromatherapy Moment of Zen, mirisna svije\u0107a, lavandin i sandalovina, 260\u00a0g"},"content":{"rendered":"<p>Glade\u00ae Aromatherapy Candle Moment of Zen, mirisna je svije\u0107a koja umiruje i poti\u010de vas da uspostavite duhovni sklad. <\/p>\n<p>Uz senzualnu mje\u0161avinu biljnog francuskog lavandina i kremaste australske sandalovine, osigurajte domu da postane oaza mira! <\/p>\n<p>Svije\u0107a je oboga\u0107ena dvostrukom mje\u0161avinom premium esencijalnih ulja koji ispunjavaju cijelu prostoriju osvje\u017eavaju\u0107im mirisom. <\/p>\n<p>Glade\u00ae Aromatherapy Candle Moment of Zen mirisna svije\u0107a napravljena je od voska na biljnoj bazi, koji sadr\u017ei 30 % palminog voska s RSPO certifikatom. <\/p>\n<p>Ova formula ne sadr\u017ei parabene, ftalate, nitro mo\u0161us, boje ili umjetna bojila. <\/p>\n<p>Staklena posuda i metalni poklopac mogu se reciklirati.<\/p>\n","protected":false},"excerpt":{"rendered":"<p>Mirisna svije\u0107a oboga\u0107ena dvostrukom mje\u0161avinom esencijalnih ulja<br \/>\nNapravljena od voska na biljnoj bazi<br \/>\nNe sadr\u017ei parabene, ftalate, umjetna bojila<\/p>\n","protected":false},"featured_media":39037,"template":"","meta":{"_seopress_robots_primary_cat":"","_seopress_titles_title":"","_seopress_titles_desc":"","_seopress_robots_index":"","iawp_total_views":0},"product_brand":[405],"product_cat":[294,238],"product_tag":[],"class_list":{"0":"post-39036","1":"product","2":"type-product","3":"status-publish","4":"has-post-thumbnail","6":"product_brand-glade","7":"product_cat-osvjezivaci-zraka-238","8":"product_cat-sve-za-dom","10":"first","11":"outofstock","12":"shipping-taxable","13":"purchasable","14":"product-type-simple"},"_links":{"self":[{"href":"https:\/\/singuli.wpress.me\/index.php\/wp-json\/wp\/v2\/product\/39036","targetHints":{"allow":["GET"]}}],"collection":[{"href":"https:\/\/singuli.wpress.me\/index.php\/wp-json\/wp\/v2\/product"}],"about":[{"href":"https:\/\/singuli.wpress.me\/index.php\/wp-json\/wp\/v2\/types\/product"}],"version-history":[{"count":0,"href":"https:\/\/singuli.wpress.me\/index.php\/wp-json\/wp\/v2\/product\/39036\/revisions"}],"wp:featuredmedia":[{"embeddable":true,"href":"https:\/\/singuli.wpress.me\/index.php\/wp-json\/wp\/v2\/media\/39037"}],"wp:attachment":[{"href":"https:\/\/singuli.wpress.me\/index.php\/wp-json\/wp\/v2\/media?parent=39036"}],"wp:term":[{"taxonomy":"product_brand","embeddable":true,"href":"https:\/\/singuli.wpress.me\/index.php\/wp-json\/wp\/v2\/product_brand?post=39036"},{"taxonomy":"product_cat","embeddable":true,"href":"https:\/\/singuli.wpress.me\/index.php\/wp-json\/wp\/v2\/product_cat?post=39036"},{"taxonomy":"product_tag","embeddable":true,"href":"https:\/\/singuli.wpress.me\/index.php\/wp-json\/wp\/v2\/product_tag?post=39036"}],"curies":[{"name":"wp","href":"https:\/\/api.w.org\/{rel}","templated":true}]}}