{"id":39040,"date":"2026-04-18T18:14:07","date_gmt":"2026-04-18T18:14:07","guid":{"rendered":"https:\/\/singuli.wpress.me\/index.php\/proizvod\/hot-wheels-city-dodaci-za-igru\/"},"modified":"2026-04-21T00:26:58","modified_gmt":"2026-04-21T00:26:58","slug":"hot-wheels-city-dodaci-za-igru","status":"publish","type":"product","link":"https:\/\/singuli.wpress.me\/index.php\/proizvod\/hot-wheels-city-dodaci-za-igru\/","title":{"rendered":"HOT WHEELS City, dodaci za igru"},"content":{"rendered":"<p>Hot Wheels City dodaci za igru omogu\u0107uju djeci da stvore svoj vlastiti grad pun vratolomija i cool avantura.<\/p>\n<p>Svaki set se mo\u017ee povezati s drugim Hot Wheels setovima i svaki dolazi s jednim Hot Wheels auti\u0107em.<\/p>\n<p>Uz poznate lokacije kao \u0161to su servis, hamburger drive in, autopraonica i gara\u017ea, djeca \u0107e mo\u0107i o\u017eiviti razne avanture.<\/p>\n<p>Proizvod dolazi u vi\u0161e razli\u010ditih modela, a isporuka ovisi o njihovoj trenutnoj raspolo\u017eivosti. <\/p>\n","protected":false},"excerpt":{"rendered":"<p>Setovi se mogu povezati sa drugim Hot Wheels setovima<br \/>\nRazne lokacije kao \u0161to su servis, hamburger drive in, autopraonica i gara\u017ea<br \/>\nSet uklju\u010duje jedan Hot Wheels auti\u0107<\/p>\n","protected":false},"featured_media":39041,"template":"","meta":{"_seopress_robots_primary_cat":"","_seopress_titles_title":"","_seopress_titles_desc":"","_seopress_robots_index":"","iawp_total_views":0},"product_brand":[429],"product_cat":[221,291],"product_tag":[],"class_list":{"0":"post-39040","1":"product","2":"type-product","3":"status-publish","4":"has-post-thumbnail","6":"product_brand-hot-wheels","7":"product_cat-igracke","8":"product_cat-igracke-za-djecu-221","10":"first","11":"outofstock","12":"shipping-taxable","13":"purchasable","14":"product-type-simple"},"_links":{"self":[{"href":"https:\/\/singuli.wpress.me\/index.php\/wp-json\/wp\/v2\/product\/39040","targetHints":{"allow":["GET"]}}],"collection":[{"href":"https:\/\/singuli.wpress.me\/index.php\/wp-json\/wp\/v2\/product"}],"about":[{"href":"https:\/\/singuli.wpress.me\/index.php\/wp-json\/wp\/v2\/types\/product"}],"version-history":[{"count":0,"href":"https:\/\/singuli.wpress.me\/index.php\/wp-json\/wp\/v2\/product\/39040\/revisions"}],"wp:featuredmedia":[{"embeddable":true,"href":"https:\/\/singuli.wpress.me\/index.php\/wp-json\/wp\/v2\/media\/39041"}],"wp:attachment":[{"href":"https:\/\/singuli.wpress.me\/index.php\/wp-json\/wp\/v2\/media?parent=39040"}],"wp:term":[{"taxonomy":"product_brand","embeddable":true,"href":"https:\/\/singuli.wpress.me\/index.php\/wp-json\/wp\/v2\/product_brand?post=39040"},{"taxonomy":"product_cat","embeddable":true,"href":"https:\/\/singuli.wpress.me\/index.php\/wp-json\/wp\/v2\/product_cat?post=39040"},{"taxonomy":"product_tag","embeddable":true,"href":"https:\/\/singuli.wpress.me\/index.php\/wp-json\/wp\/v2\/product_tag?post=39040"}],"curies":[{"name":"wp","href":"https:\/\/api.w.org\/{rel}","templated":true}]}}