{"id":39042,"date":"2026-04-18T18:14:09","date_gmt":"2026-04-18T18:14:09","guid":{"rendered":"https:\/\/singuli.wpress.me\/index.php\/proizvod\/vacuum-s2-r-100-ulje-za-rotacijske-vakuum-pumpe-209-l\/"},"modified":"2026-04-20T12:33:27","modified_gmt":"2026-04-20T12:33:27","slug":"vacuum-s2-r-100-ulje-za-rotacijske-vakuum-pumpe-209-l","status":"publish","type":"product","link":"https:\/\/singuli.wpress.me\/index.php\/proizvod\/vacuum-s2-r-100-ulje-za-rotacijske-vakuum-pumpe-209-l\/","title":{"rendered":"VACUUM  S2 R 100, ulje za rotacijske vakuum pumpe, 209\u00a0l"},"content":{"rendered":"<p>Formulirana su pomo\u0107u posebno odabranih vrhunskih i visoko rafiniranih mineralnih ulja. Na taj na\u010din omogu\u0107ava se niski tlak para te visoke performanse po\u017eeljne pri u\u010dinkovitom podmazivanju rotacijskih vakuum pumpi. Posjeduju odli\u010dnu otpornost prema degradaciji. Ta karakteristika osigurava dugi radni vijek kao i smanjenu tendenciju stvaranja sluzi te naslaga u sustavu. U\u010dinkovito \u0161tite unutarnje povr\u0161ine od korozije i tro\u0161enja.<\/p>\n<p><span style=\"font-weight: bold\">Specifikacija: <\/span>ISO 6743-3A-DVC, mnogi OEMs<\/p>\n","protected":false},"excerpt":{"rendered":"<p>Ulje za rotacijske vakuum pumpe<br \/>\nOdli\u010dna otpornost prema degradaciji<br \/>\n\u0160tite unutarnje povr\u0161ine od korozije i tro\u0161enja<\/p>\n","protected":false},"featured_media":39043,"template":"","meta":{"_seopress_robots_primary_cat":"","_seopress_titles_title":"","_seopress_titles_desc":"","_seopress_robots_index":"","iawp_total_views":0},"product_brand":[838],"product_cat":[243,276],"product_tag":[],"class_list":{"0":"post-39042","1":"product","2":"type-product","3":"status-publish","4":"has-post-thumbnail","6":"product_brand-vacuum","7":"product_cat-automobili-i-motori","8":"product_cat-industrijska-i-specijalna-ulja-243","10":"first","11":"instock","12":"shipping-taxable","13":"purchasable","14":"product-type-simple"},"_links":{"self":[{"href":"https:\/\/singuli.wpress.me\/index.php\/wp-json\/wp\/v2\/product\/39042","targetHints":{"allow":["GET"]}}],"collection":[{"href":"https:\/\/singuli.wpress.me\/index.php\/wp-json\/wp\/v2\/product"}],"about":[{"href":"https:\/\/singuli.wpress.me\/index.php\/wp-json\/wp\/v2\/types\/product"}],"version-history":[{"count":0,"href":"https:\/\/singuli.wpress.me\/index.php\/wp-json\/wp\/v2\/product\/39042\/revisions"}],"wp:featuredmedia":[{"embeddable":true,"href":"https:\/\/singuli.wpress.me\/index.php\/wp-json\/wp\/v2\/media\/39043"}],"wp:attachment":[{"href":"https:\/\/singuli.wpress.me\/index.php\/wp-json\/wp\/v2\/media?parent=39042"}],"wp:term":[{"taxonomy":"product_brand","embeddable":true,"href":"https:\/\/singuli.wpress.me\/index.php\/wp-json\/wp\/v2\/product_brand?post=39042"},{"taxonomy":"product_cat","embeddable":true,"href":"https:\/\/singuli.wpress.me\/index.php\/wp-json\/wp\/v2\/product_cat?post=39042"},{"taxonomy":"product_tag","embeddable":true,"href":"https:\/\/singuli.wpress.me\/index.php\/wp-json\/wp\/v2\/product_tag?post=39042"}],"curies":[{"name":"wp","href":"https:\/\/api.w.org\/{rel}","templated":true}]}}