{"id":39065,"date":"2026-04-18T18:14:15","date_gmt":"2026-04-18T18:14:15","guid":{"rendered":"https:\/\/singuli.wpress.me\/index.php\/proizvod\/medex-multivitamin-junior-sirup-150-ml\/"},"modified":"2026-04-20T12:33:27","modified_gmt":"2026-04-20T12:33:27","slug":"medex-multivitamin-junior-sirup-150-ml","status":"publish","type":"product","link":"https:\/\/singuli.wpress.me\/index.php\/proizvod\/medex-multivitamin-junior-sirup-150-ml\/","title":{"rendered":"MEDEX Multivitamin junior, sirup, 150\u00a0ml"},"content":{"rendered":"<p>Abeceda vitamina u samo jednoj \u017eli\u010dici. Za dobru svakodnevnicu va\u0161eg juniora. Sirup Multivitamin junior osim meda koji sadr\u017ei dragocjene hranjive tvari spaja i 9 va\u017enih vitamina za djecu: A, B6, B12, C, D, niacin, tiamin, riboflavin (vitamin B2) te pantotensku kiselinu.<\/p>\n<p>Vitamin A, vitamin C, vitamin D, vitamin B6 i vitamin B12 doprinose normalnom funcioniranju \u017eiv\u010danog sustava. Vitamin D doprinosi odr\u017eavanju normalnih kostiju, zuba i normalnoj razini kalcija u krvi. Pantotenska kiselina, niacin, vitamin C, riboflavin, vitamin B6 i vitamin B12 doprinose smanjenju umora i iscrpljenosti. Vitamin B6 i vitamin B12 doprinose normalnom stvaranju crvenih krvnih stanica.<\/p>\n<p>Zbog soka naran\u010de sirup Multivitamin junior odli\u010dna je okusa i djeca ga obo\u017eavaju. Med sirupu omogu\u0107uje da ga i nakon otvaranja \u010duvate na sobnoj temperaturi. <\/p>\n<p>Med<br \/>\nMed je prirodni slatki dar koji p\u010dele izra\u0111uju od cvjetnog nektara (nektarni med) ili od izlu\u010devina kukaca, koje kao ljepljiva teku\u0107ina ostaju na stablima (medna rosa ili medljikovac). Nektarni medovi su cvjetni, bagrem, kesten, lipa i uljana repica, a me\u0111u medljikovce spadaju \u0161umski, jela, javor, hrast i smreka. P\u010dele prera\u0111uju nektar ili mednu rosu, oplemenjuju je izlu\u010devinama svojih \u017elijezda, a zatim je deponiraju u sa\u0107e i ostave da sazri. Med predstavlja zalihu sun\u010deve energije i gorivo \u017eivota u p\u010delinjoj ko\u0161nici. Sadr\u017ei dragocjene hranjive tvari te tako predstavlja bogat nutrijent.<\/p>\n<p>Vitamini<br \/>\nVitamin A, vitamin C, vitamin D, vitamin B6 i vitamin B12 doprinose normalnoj funkciji imunolo\u0161kog sustava.<\/p>\n<p>Vitamin D doprinosi odr\u017eavanju normalnih kostiju, zuba i normalnoj razini kalcija u krvi.<\/p>\n<p>Tiamin, riboflavin (vitamin B2), niacin, vitamin B12 i vitamin B6 doprinose normalnom funcioniranju \u017eiv\u010danog sustava.<\/p>\n<p>Pantotenska kiselina, niacin, vitamin C, riboflavin, vitamin B6 i vitamin B12 doprinose smanjenju umora i iscrpljenosti.<\/p>\n<p>Vitamin B6 i vitamin B12 doprinose normalnom stvaranju crvenih krvnih stanica.<\/p>\n<p><span style=\"font-weight: bold\">Na\u010din primjene:<\/span> Preporu\u010dena dnevna doza jest 10 ml (2 prilo\u017eene \u017eli\u010dice po 5 ml). Djeca neka sirup uzmu nakon jela. <\/p>\n<p>U preporo\u010denoj dnevnoj dozi (2 \u017eli\u010dice = 10 ml = 13,6 g) Vitamin C (L-askorbinska kiselina) 21,6 mg (27% PU), niacin (nikotinamid) 6,4 mg (40% PU), pantotenska kiselina (kalcijev pantotenat) 2,4 mg (40% PU), vitamin B6 (pirodoksin hidroklorid) 0,7 mg (50% PU), riboflavin (vitamin B2) 0,6 mg (42,9% PU), vitamin B12 (cianokobalamin) 0,66 \u03bcg (26,4% PU), tiamin(vitamin B1) 0,5 mg (45,5% PU), vitamin A (retinil palmitat) 400 \u03bcg (50% PU), vitamin D kolekalciferol) 5 \u03bcg (100% PU), med 10g .<\/p>\n","protected":false},"excerpt":{"rendered":"<p>Na osnovi meda<br \/>\nSadr\u017ei i 9 klju\u010dnih vitamina za djecu<br \/>\nOdli\u010dna okusa<\/p>\n","protected":false},"featured_media":39066,"template":"","meta":{"_seopress_robots_primary_cat":"","_seopress_titles_title":"","_seopress_titles_desc":"","_seopress_robots_index":"","iawp_total_views":0},"product_brand":[415],"product_cat":[268,269],"product_tag":[],"class_list":{"0":"post-39065","1":"product","2":"type-product","3":"status-publish","4":"has-post-thumbnail","6":"product_brand-medex","7":"product_cat-kozmetika-2","8":"product_cat-zastita-koze-268","10":"first","11":"instock","12":"shipping-taxable","13":"purchasable","14":"product-type-simple"},"_links":{"self":[{"href":"https:\/\/singuli.wpress.me\/index.php\/wp-json\/wp\/v2\/product\/39065","targetHints":{"allow":["GET"]}}],"collection":[{"href":"https:\/\/singuli.wpress.me\/index.php\/wp-json\/wp\/v2\/product"}],"about":[{"href":"https:\/\/singuli.wpress.me\/index.php\/wp-json\/wp\/v2\/types\/product"}],"version-history":[{"count":0,"href":"https:\/\/singuli.wpress.me\/index.php\/wp-json\/wp\/v2\/product\/39065\/revisions"}],"wp:featuredmedia":[{"embeddable":true,"href":"https:\/\/singuli.wpress.me\/index.php\/wp-json\/wp\/v2\/media\/39066"}],"wp:attachment":[{"href":"https:\/\/singuli.wpress.me\/index.php\/wp-json\/wp\/v2\/media?parent=39065"}],"wp:term":[{"taxonomy":"product_brand","embeddable":true,"href":"https:\/\/singuli.wpress.me\/index.php\/wp-json\/wp\/v2\/product_brand?post=39065"},{"taxonomy":"product_cat","embeddable":true,"href":"https:\/\/singuli.wpress.me\/index.php\/wp-json\/wp\/v2\/product_cat?post=39065"},{"taxonomy":"product_tag","embeddable":true,"href":"https:\/\/singuli.wpress.me\/index.php\/wp-json\/wp\/v2\/product_tag?post=39065"}],"curies":[{"name":"wp","href":"https:\/\/api.w.org\/{rel}","templated":true}]}}