{"id":39067,"date":"2026-04-18T18:14:16","date_gmt":"2026-04-18T18:14:16","guid":{"rendered":"https:\/\/singuli.wpress.me\/index.php\/proizvod\/duck-aqua-blue-mystical-lagoon-osvjezivac-za-wc-skoljku-duo-pakiranje-2x40g\/"},"modified":"2026-04-20T12:33:27","modified_gmt":"2026-04-20T12:33:27","slug":"duck-aqua-blue-mystical-lagoon-osvjezivac-za-wc-skoljku-duo-pakiranje-2x40g","status":"publish","type":"product","link":"https:\/\/singuli.wpress.me\/index.php\/proizvod\/duck-aqua-blue-mystical-lagoon-osvjezivac-za-wc-skoljku-duo-pakiranje-2x40g\/","title":{"rendered":"DUCK Aqua Blue Mystical Lagoon, osvje\u017eiva\u010d za wc \u0161koljku, duo pakiranje, 2x40g"},"content":{"rendered":"<p>Duck Aqua Blue 4u1 Mystical Lagoon osvje\u017eiva\u010d za WC \u0161koljku ima 4 funkcije: poma\u017ee u spre\u010davanju kamenca, boji vodu u plavo te \u010disti i ostavlja povr\u0161inu WC \u0161koljke blistavom i uklanja neugodne mirise osvje\u017eavaju\u0107i je prilikom svakog ispiranja.<\/p>\n","protected":false},"excerpt":{"rendered":"<p>Boji vodu u plavo<br \/>\nSpre\u010dava nastanak kamenca<br \/>\nUklanja neugodne mirise<\/p>\n","protected":false},"featured_media":39068,"template":"","meta":{"_seopress_robots_primary_cat":"","_seopress_titles_title":"","_seopress_titles_desc":"","_seopress_robots_index":"","iawp_total_views":0},"product_brand":[410],"product_cat":[284,238],"product_tag":[],"class_list":{"0":"post-39067","1":"product","2":"type-product","3":"status-publish","4":"has-post-thumbnail","6":"product_brand-duck","7":"product_cat-sredstva-za-ciscenje-238","8":"product_cat-sve-za-dom","10":"first","11":"outofstock","12":"shipping-taxable","13":"purchasable","14":"product-type-simple"},"_links":{"self":[{"href":"https:\/\/singuli.wpress.me\/index.php\/wp-json\/wp\/v2\/product\/39067","targetHints":{"allow":["GET"]}}],"collection":[{"href":"https:\/\/singuli.wpress.me\/index.php\/wp-json\/wp\/v2\/product"}],"about":[{"href":"https:\/\/singuli.wpress.me\/index.php\/wp-json\/wp\/v2\/types\/product"}],"version-history":[{"count":0,"href":"https:\/\/singuli.wpress.me\/index.php\/wp-json\/wp\/v2\/product\/39067\/revisions"}],"wp:featuredmedia":[{"embeddable":true,"href":"https:\/\/singuli.wpress.me\/index.php\/wp-json\/wp\/v2\/media\/39068"}],"wp:attachment":[{"href":"https:\/\/singuli.wpress.me\/index.php\/wp-json\/wp\/v2\/media?parent=39067"}],"wp:term":[{"taxonomy":"product_brand","embeddable":true,"href":"https:\/\/singuli.wpress.me\/index.php\/wp-json\/wp\/v2\/product_brand?post=39067"},{"taxonomy":"product_cat","embeddable":true,"href":"https:\/\/singuli.wpress.me\/index.php\/wp-json\/wp\/v2\/product_cat?post=39067"},{"taxonomy":"product_tag","embeddable":true,"href":"https:\/\/singuli.wpress.me\/index.php\/wp-json\/wp\/v2\/product_tag?post=39067"}],"curies":[{"name":"wp","href":"https:\/\/api.w.org\/{rel}","templated":true}]}}