{"id":39069,"date":"2026-04-18T18:14:16","date_gmt":"2026-04-18T18:14:16","guid":{"rendered":"https:\/\/singuli.wpress.me\/index.php\/proizvod\/uhu-glitter-glue-mix-ljepilo-24-x-20ml\/"},"modified":"2026-04-20T12:33:27","modified_gmt":"2026-04-20T12:33:27","slug":"uhu-glitter-glue-mix-ljepilo-24-x-20ml","status":"publish","type":"product","link":"https:\/\/singuli.wpress.me\/index.php\/proizvod\/uhu-glitter-glue-mix-ljepilo-24-x-20ml\/","title":{"rendered":"UHU Glitter Glue Mix, ljepilo, 24 x 20ml"},"content":{"rendered":"<p>UHU ljepilo sa \u0161ljokicama za zabavu i ukra\u0161avanje. <\/p>\n<p>Omogu\u0107ava neograni\u010denu kreativnost pri ukra\u0161avanju raznih vrsta materijala. <\/p>\n<p>Iznimno meka tuba s preciznom mlaznicom omogu\u0107uje jednostavnu i \u010distu primjenu. <\/p>\n<p>Oblik olovke omogu\u0107ava jednostavno pisanje i crtanje.<\/p>\n","protected":false},"excerpt":{"rendered":"<p>Ne kapa i ne ostavlja niti<br \/>\nSu\u0161i se unutar 30 minuta<br \/>\nLako se ispire<\/p>\n","protected":false},"featured_media":39070,"template":"","meta":{"_seopress_robots_primary_cat":"","_seopress_titles_title":"","_seopress_titles_desc":"","_seopress_robots_index":"","iawp_total_views":0},"product_brand":[445],"product_cat":[264,238],"product_tag":[],"class_list":{"0":"post-39069","1":"product","2":"type-product","3":"status-publish","4":"has-post-thumbnail","6":"product_brand-uhu","7":"product_cat-ljepila-i-brtvila-238","8":"product_cat-sve-za-dom","10":"first","11":"instock","12":"shipping-taxable","13":"purchasable","14":"product-type-simple"},"_links":{"self":[{"href":"https:\/\/singuli.wpress.me\/index.php\/wp-json\/wp\/v2\/product\/39069","targetHints":{"allow":["GET"]}}],"collection":[{"href":"https:\/\/singuli.wpress.me\/index.php\/wp-json\/wp\/v2\/product"}],"about":[{"href":"https:\/\/singuli.wpress.me\/index.php\/wp-json\/wp\/v2\/types\/product"}],"version-history":[{"count":0,"href":"https:\/\/singuli.wpress.me\/index.php\/wp-json\/wp\/v2\/product\/39069\/revisions"}],"wp:featuredmedia":[{"embeddable":true,"href":"https:\/\/singuli.wpress.me\/index.php\/wp-json\/wp\/v2\/media\/39070"}],"wp:attachment":[{"href":"https:\/\/singuli.wpress.me\/index.php\/wp-json\/wp\/v2\/media?parent=39069"}],"wp:term":[{"taxonomy":"product_brand","embeddable":true,"href":"https:\/\/singuli.wpress.me\/index.php\/wp-json\/wp\/v2\/product_brand?post=39069"},{"taxonomy":"product_cat","embeddable":true,"href":"https:\/\/singuli.wpress.me\/index.php\/wp-json\/wp\/v2\/product_cat?post=39069"},{"taxonomy":"product_tag","embeddable":true,"href":"https:\/\/singuli.wpress.me\/index.php\/wp-json\/wp\/v2\/product_tag?post=39069"}],"curies":[{"name":"wp","href":"https:\/\/api.w.org\/{rel}","templated":true}]}}