{"id":39071,"date":"2026-04-18T18:14:17","date_gmt":"2026-04-18T18:14:17","guid":{"rendered":"https:\/\/singuli.wpress.me\/index.php\/proizvod\/helix-hx7-ect-5w40-motorno-ulje-za-osobna-vozila-12x1l-12-l\/"},"modified":"2026-04-20T12:33:27","modified_gmt":"2026-04-20T12:33:27","slug":"helix-hx7-ect-5w40-motorno-ulje-za-osobna-vozila-12x1l-12-l","status":"publish","type":"product","link":"https:\/\/singuli.wpress.me\/index.php\/proizvod\/helix-hx7-ect-5w40-motorno-ulje-za-osobna-vozila-12x1l-12-l\/","title":{"rendered":"HELIX HX7 ECT 5W40, motorno ulje za osobna vozila, 12x1l, 12\u00a0l"},"content":{"rendered":"<p>Motorno ulje sinteti\u010dke tehnologije \u2013 za\u0161tita opreme za obradu ispu\u0161nih plinova. <\/p>\n<p>\u0160titi sustave ispu\u0161nih plinova i poma\u017ee odr\u017eavanju filtera krutih \u010destica (DPF) \u010distim. <\/p>\n<p>Razvijeno s posebnim antioksidansima koji poma\u017eu osigurati odli\u010dnu za\u0161titu od oksidacije tijekom cijelog intervala izmjene ulja. <\/p>\n<p>Pogodno koristiti u dizel motorima s DPF filterom, modernim benzinskim motorima i motorima na plin.<\/p>\n<p><span style=\"font-weight: bold\">Specifikacija:<\/span> API SN, ACEA C3, MB odobrenje 229.31.<\/p>\n","protected":false},"excerpt":{"rendered":"<p>Za\u0161tita sustava ispu\u0161nih plinova vozila<br \/>\nOdli\u010dna za\u0161tita od oksidacije<br \/>\nSpecifikacija u opisu<\/p>\n","protected":false},"featured_media":39072,"template":"","meta":{"_seopress_robots_primary_cat":"","_seopress_titles_title":"","_seopress_titles_desc":"","_seopress_robots_index":"","iawp_total_views":0},"product_brand":[398],"product_cat":[243,272],"product_tag":[],"class_list":{"0":"post-39071","1":"product","2":"type-product","3":"status-publish","4":"has-post-thumbnail","6":"product_brand-helix","7":"product_cat-automobili-i-motori","8":"product_cat-motorna-ulja-243","10":"first","11":"outofstock","12":"shipping-taxable","13":"purchasable","14":"product-type-simple"},"_links":{"self":[{"href":"https:\/\/singuli.wpress.me\/index.php\/wp-json\/wp\/v2\/product\/39071","targetHints":{"allow":["GET"]}}],"collection":[{"href":"https:\/\/singuli.wpress.me\/index.php\/wp-json\/wp\/v2\/product"}],"about":[{"href":"https:\/\/singuli.wpress.me\/index.php\/wp-json\/wp\/v2\/types\/product"}],"version-history":[{"count":0,"href":"https:\/\/singuli.wpress.me\/index.php\/wp-json\/wp\/v2\/product\/39071\/revisions"}],"wp:featuredmedia":[{"embeddable":true,"href":"https:\/\/singuli.wpress.me\/index.php\/wp-json\/wp\/v2\/media\/39072"}],"wp:attachment":[{"href":"https:\/\/singuli.wpress.me\/index.php\/wp-json\/wp\/v2\/media?parent=39071"}],"wp:term":[{"taxonomy":"product_brand","embeddable":true,"href":"https:\/\/singuli.wpress.me\/index.php\/wp-json\/wp\/v2\/product_brand?post=39071"},{"taxonomy":"product_cat","embeddable":true,"href":"https:\/\/singuli.wpress.me\/index.php\/wp-json\/wp\/v2\/product_cat?post=39071"},{"taxonomy":"product_tag","embeddable":true,"href":"https:\/\/singuli.wpress.me\/index.php\/wp-json\/wp\/v2\/product_tag?post=39071"}],"curies":[{"name":"wp","href":"https:\/\/api.w.org\/{rel}","templated":true}]}}