{"id":39078,"date":"2026-04-18T18:14:18","date_gmt":"2026-04-18T18:14:18","guid":{"rendered":"https:\/\/singuli.wpress.me\/index.php\/proizvod\/pantene-pro-v-defined-curls-pjena-za-kosu-200-ml\/"},"modified":"2026-04-20T12:33:27","modified_gmt":"2026-04-20T12:33:27","slug":"pantene-pro-v-defined-curls-pjena-za-kosu-200-ml","status":"publish","type":"product","link":"https:\/\/singuli.wpress.me\/index.php\/proizvod\/pantene-pro-v-defined-curls-pjena-za-kosu-200-ml\/","title":{"rendered":"PANTENE Pro-V Defined Curls, pjena za kosu, 200\u00a0ml"},"content":{"rendered":"<p>Pantene Pro-V Hair Stiffener Defined Curls je hranjiva pjena za valovitu kosu. <\/p>\n<p>Formuliran s Pantene Pro-V i kokosovim uljem, poma\u017ee vam posti\u0107i dugotrajne kovr\u010de koje su sjajne i savr\u0161eno oblikovane. <\/p>\n<p>Isprobajte PANTENE PRO-V Defined Curl Heat Protectant.<\/p>\n","protected":false},"excerpt":{"rendered":"<p>Hranjiva pjena za valovitu kosu<br \/>\nStupanj fiksacije 5<br \/>\nSadr\u017ei kokosovo ulje<\/p>\n","protected":false},"featured_media":39079,"template":"","meta":{"_seopress_robots_primary_cat":"","_seopress_titles_title":"","_seopress_titles_desc":"","_seopress_robots_index":"","iawp_total_views":0},"product_brand":[411],"product_cat":[268,300],"product_tag":[],"class_list":{"0":"post-39078","1":"product","2":"type-product","3":"status-publish","4":"has-post-thumbnail","6":"product_brand-pantene","7":"product_cat-kozmetika-2","8":"product_cat-njega-kose-268","10":"first","11":"outofstock","12":"shipping-taxable","13":"purchasable","14":"product-type-simple"},"_links":{"self":[{"href":"https:\/\/singuli.wpress.me\/index.php\/wp-json\/wp\/v2\/product\/39078","targetHints":{"allow":["GET"]}}],"collection":[{"href":"https:\/\/singuli.wpress.me\/index.php\/wp-json\/wp\/v2\/product"}],"about":[{"href":"https:\/\/singuli.wpress.me\/index.php\/wp-json\/wp\/v2\/types\/product"}],"version-history":[{"count":0,"href":"https:\/\/singuli.wpress.me\/index.php\/wp-json\/wp\/v2\/product\/39078\/revisions"}],"wp:featuredmedia":[{"embeddable":true,"href":"https:\/\/singuli.wpress.me\/index.php\/wp-json\/wp\/v2\/media\/39079"}],"wp:attachment":[{"href":"https:\/\/singuli.wpress.me\/index.php\/wp-json\/wp\/v2\/media?parent=39078"}],"wp:term":[{"taxonomy":"product_brand","embeddable":true,"href":"https:\/\/singuli.wpress.me\/index.php\/wp-json\/wp\/v2\/product_brand?post=39078"},{"taxonomy":"product_cat","embeddable":true,"href":"https:\/\/singuli.wpress.me\/index.php\/wp-json\/wp\/v2\/product_cat?post=39078"},{"taxonomy":"product_tag","embeddable":true,"href":"https:\/\/singuli.wpress.me\/index.php\/wp-json\/wp\/v2\/product_tag?post=39078"}],"curies":[{"name":"wp","href":"https:\/\/api.w.org\/{rel}","templated":true}]}}