{"id":39087,"date":"2026-04-18T18:14:23","date_gmt":"2026-04-18T18:14:23","guid":{"rendered":"https:\/\/singuli.wpress.me\/index.php\/proizvod\/swiffer-sweeper-jednokratne-krpice-za-ciscenje-poda-36-kom\/"},"modified":"2026-04-20T12:33:27","modified_gmt":"2026-04-20T12:33:27","slug":"swiffer-sweeper-jednokratne-krpice-za-ciscenje-poda-36-kom","status":"publish","type":"product","link":"https:\/\/singuli.wpress.me\/index.php\/proizvod\/swiffer-sweeper-jednokratne-krpice-za-ciscenje-poda-36-kom\/","title":{"rendered":"SWIFFER Sweeper, jednokratne krpice, za \u010di\u0161\u0107enje poda, 36\u00a0kom"},"content":{"rendered":"<p>Jednokratne krpice za pra\u0161inu koriste se s \u010dista\u010dem poda Sweeper kako bi uhvatile i zadr\u017eale prljav\u0161tinu, pra\u0161inu i dlake ku\u0107nih ljubimaca sa svih podova u va\u0161em domu, triput u\u010dinkovitije od obi\u010dne metle. Mogu se koristiti i kao nadopuna za \u010di\u0161\u0107enje usisava\u010dem jer hvataju sitne \u010destice pra\u0161ine koje ostaju nakon usisavanja ili izme\u0111u dva usisavanja pa onda ne morate toliko \u010desto detaljno usisavati. <\/p>\n<p>Kako? Za\u0161to? Gusto\u0107a i poseban uzorak materijala u kombinaciji s elektrostati\u010dkim djelovanjem omogu\u0107uje hvatanje i zadr\u017eavanje pra\u0161ine. <\/p>\n<p>Osim toga Swiffer Sweeper mo\u017ee se okretati za 360\u00b0 pa mo\u017eete \u010distiti bilo gdje, \u010dak i te\u0161ko dostupna mjesta, kao \u0161to su ona ispod hladnjaka, pe\u0107nice i perilice posu\u0111a, ispod kreveta, kau\u010da pa \u010dak i u kutovima gdje metle i drugi \u010dista\u010di za podove obi\u010dno ne mogu. Nije li to sjajno? Zahvaljuju\u0107i jednokratnim krpicama Swiffer, \u010di\u0161\u0107enje nikad nije bilo br\u017ee i jednostavnije. <\/p>\n<p>Korisni savjeti: posebno su prakti\u010dne za hvatanje dlaka ku\u0107nih ljubimaca jer ih se ve\u0107ina stalno linja ili ako ste alergi\u010dni na pra\u0161inu. <\/p>\n<p>Imajte na umu da se krpice Swiffer mogu koristiti na svim tvrdim povr\u0161inama, uklju\u010duju\u0107i: navo\u0161teni i nenavo\u0161teni linoleum, vinil, kerami\u010dke plo\u010dice i obra\u0111ene drvene podove.<\/p>\n","protected":false},"excerpt":{"rendered":"<p>36 zamjenskih suhih krpa (komplet za \u010di\u0161\u0107enje prodaje se zasebno)<br \/>\n\u010cine \u010di\u0161\u0107enje br\u017eim i lak\u0161im nego ikada prije<br \/>\nKrpe su izra\u0111ene od 100% recikliranih sinteti\u010dkih vlakana<\/p>\n","protected":false},"featured_media":39088,"template":"","meta":{"_seopress_robots_primary_cat":"","_seopress_titles_title":"","_seopress_titles_desc":"","_seopress_robots_index":"","iawp_total_views":0},"product_brand":[514],"product_cat":[274,238],"product_tag":[],"class_list":{"0":"post-39087","1":"product","2":"type-product","3":"status-publish","4":"has-post-thumbnail","6":"product_brand-swiffer","7":"product_cat-kucanski-pribor-238","8":"product_cat-sve-za-dom","10":"first","11":"instock","12":"shipping-taxable","13":"purchasable","14":"product-type-simple"},"_links":{"self":[{"href":"https:\/\/singuli.wpress.me\/index.php\/wp-json\/wp\/v2\/product\/39087","targetHints":{"allow":["GET"]}}],"collection":[{"href":"https:\/\/singuli.wpress.me\/index.php\/wp-json\/wp\/v2\/product"}],"about":[{"href":"https:\/\/singuli.wpress.me\/index.php\/wp-json\/wp\/v2\/types\/product"}],"version-history":[{"count":0,"href":"https:\/\/singuli.wpress.me\/index.php\/wp-json\/wp\/v2\/product\/39087\/revisions"}],"wp:featuredmedia":[{"embeddable":true,"href":"https:\/\/singuli.wpress.me\/index.php\/wp-json\/wp\/v2\/media\/39088"}],"wp:attachment":[{"href":"https:\/\/singuli.wpress.me\/index.php\/wp-json\/wp\/v2\/media?parent=39087"}],"wp:term":[{"taxonomy":"product_brand","embeddable":true,"href":"https:\/\/singuli.wpress.me\/index.php\/wp-json\/wp\/v2\/product_brand?post=39087"},{"taxonomy":"product_cat","embeddable":true,"href":"https:\/\/singuli.wpress.me\/index.php\/wp-json\/wp\/v2\/product_cat?post=39087"},{"taxonomy":"product_tag","embeddable":true,"href":"https:\/\/singuli.wpress.me\/index.php\/wp-json\/wp\/v2\/product_tag?post=39087"}],"curies":[{"name":"wp","href":"https:\/\/api.w.org\/{rel}","templated":true}]}}