{"id":39090,"date":"2026-04-18T18:14:25","date_gmt":"2026-04-18T18:14:25","guid":{"rendered":"https:\/\/singuli.wpress.me\/index.php\/proizvod\/bison-montagekit-montagekit-ljepilo-ekstremno-ucvrscivanje-125-g\/"},"modified":"2026-04-20T12:33:27","modified_gmt":"2026-04-20T12:33:27","slug":"bison-montagekit-montagekit-ljepilo-ekstremno-ucvrscivanje-125-g","status":"publish","type":"product","link":"https:\/\/singuli.wpress.me\/index.php\/proizvod\/bison-montagekit-montagekit-ljepilo-ekstremno-ucvrscivanje-125-g\/","title":{"rendered":"BISON Montagekit Montagekit, ljepilo, ekstremno u\u010dvr\u0161\u0107ivanje, 125\u00a0g"},"content":{"rendered":"<p>Iznimno sna\u017eno univerzalno monta\u017eno ljepilo na bazi neoprenske gume, sa svojstvom popunjavanja. Za jednostavno i sna\u017eno u\u010dvr\u0161\u0107ivanje npr. drva, sintetike, metala, kamena, gipsa i plo\u010dica na razne vrste podloga kao \u0161to su beton, kamen, \u017ebuka, drvo, iverica, metal i sintetika. Za unutarnju i vanjsku upotrebu te prikladno za u\u010dvr\u0161\u0107ivanje materijala koji su napeti. <\/p>\n<p>Trajno elasti\u010dno. <\/p>\n<p>Bez potrebe za \u010davlima i vijcima.<\/p>\n","protected":false},"excerpt":{"rendered":"<p>Iznimno sna\u017eno<br \/>\nUniverzalno<br \/>\nSvojstvo popunjavanja<\/p>\n","protected":false},"featured_media":39091,"template":"","meta":{"_seopress_robots_primary_cat":"","_seopress_titles_title":"","_seopress_titles_desc":"","_seopress_robots_index":"","iawp_total_views":0},"product_brand":[494],"product_cat":[264,238],"product_tag":[],"class_list":{"0":"post-39090","1":"product","2":"type-product","3":"status-publish","4":"has-post-thumbnail","6":"product_brand-bison","7":"product_cat-ljepila-i-brtvila-238","8":"product_cat-sve-za-dom","10":"first","11":"instock","12":"shipping-taxable","13":"purchasable","14":"product-type-simple"},"_links":{"self":[{"href":"https:\/\/singuli.wpress.me\/index.php\/wp-json\/wp\/v2\/product\/39090","targetHints":{"allow":["GET"]}}],"collection":[{"href":"https:\/\/singuli.wpress.me\/index.php\/wp-json\/wp\/v2\/product"}],"about":[{"href":"https:\/\/singuli.wpress.me\/index.php\/wp-json\/wp\/v2\/types\/product"}],"version-history":[{"count":0,"href":"https:\/\/singuli.wpress.me\/index.php\/wp-json\/wp\/v2\/product\/39090\/revisions"}],"wp:featuredmedia":[{"embeddable":true,"href":"https:\/\/singuli.wpress.me\/index.php\/wp-json\/wp\/v2\/media\/39091"}],"wp:attachment":[{"href":"https:\/\/singuli.wpress.me\/index.php\/wp-json\/wp\/v2\/media?parent=39090"}],"wp:term":[{"taxonomy":"product_brand","embeddable":true,"href":"https:\/\/singuli.wpress.me\/index.php\/wp-json\/wp\/v2\/product_brand?post=39090"},{"taxonomy":"product_cat","embeddable":true,"href":"https:\/\/singuli.wpress.me\/index.php\/wp-json\/wp\/v2\/product_cat?post=39090"},{"taxonomy":"product_tag","embeddable":true,"href":"https:\/\/singuli.wpress.me\/index.php\/wp-json\/wp\/v2\/product_tag?post=39090"}],"curies":[{"name":"wp","href":"https:\/\/api.w.org\/{rel}","templated":true}]}}