{"id":39094,"date":"2026-04-18T18:14:26","date_gmt":"2026-04-18T18:14:26","guid":{"rendered":"https:\/\/singuli.wpress.me\/index.php\/proizvod\/braun-series-5-51-m1000s-brijaci-aparat\/"},"modified":"2026-04-20T12:33:27","modified_gmt":"2026-04-20T12:33:27","slug":"braun-series-5-51-m1000s-brijaci-aparat","status":"publish","type":"product","link":"https:\/\/singuli.wpress.me\/index.php\/proizvod\/braun-series-5-51-m1000s-brijaci-aparat\/","title":{"rendered":"BRAUN Series 5 51-M1000s, brija\u0107i aparat"},"content":{"rendered":"<p>Elektri\u010dni aparat za brijanje Braun Series 5 51-M1000s be\u017ei\u010dni aparat za brijanje s mre\u017eicom za mokro i suho kori\u0161tenje<br \/>\n&#8211; Jednostavan na\u010din za temeljito brijanje: ovaj elektri\u010dni aparat za brijanje opremljen je s tri fleksibilne o\u0161trice koje se neprestano prilago\u0111avaju crtama lica, a EasyClean sustav omogu\u0107uje brzo i jednostavno \u010di\u0161\u0107enje &#8211; bez potrebe za uklanjanjem glave brija\u010da.<br \/>\n&#8211; U\u010dinkovito \u010dak i na gustim bradama: AutoSense tehnologija analizira va\u0161u bradu i prilago\u0111ava ja\u010dinu njezinoj gusto\u0107i kako bi uhvatila i odrezala vi\u0161e dla\u010dica sa svakim brijanjem.<br \/>\n&#8211; Li-ion baterija omogu\u0107uje do tri tjedna brijanja (50 minuta). 5-minutno brzo punjenje za jedno brijanje.<br \/>\n&#8211; 100% vodootporan elektri\u010dni aparat za brijanje za mokro i suho kori\u0161tenje<\/p>\n","protected":false},"excerpt":{"rendered":"<p>Opremljen s tri fleksibilne o\u0161trice koje se stalno prilago\u0111avaju konturama obraza.<br \/>\nU\u010dinkovito na jakim gustim s tehnologijom AutoSense.<br \/>\n100% vodootporan elektri\u010dni aparat za brijanje za mokro i suho kori\u0161tenje.<\/p>\n","protected":false},"featured_media":39095,"template":"","meta":{"_seopress_robots_primary_cat":"","_seopress_titles_title":"","_seopress_titles_desc":"","_seopress_robots_index":"","iawp_total_views":0},"product_brand":[144],"product_cat":[280,192,279],"product_tag":[],"class_list":{"0":"post-39094","1":"product","2":"type-product","3":"status-publish","4":"has-post-thumbnail","6":"product_brand-braun","7":"product_cat-aparati-za-muskarce-279","8":"product_cat-aparati-za-osobnu-njegu","9":"product_cat-brijanje-i-sisanje-192","11":"first","12":"instock","13":"shipping-taxable","14":"purchasable","15":"product-type-simple"},"_links":{"self":[{"href":"https:\/\/singuli.wpress.me\/index.php\/wp-json\/wp\/v2\/product\/39094","targetHints":{"allow":["GET"]}}],"collection":[{"href":"https:\/\/singuli.wpress.me\/index.php\/wp-json\/wp\/v2\/product"}],"about":[{"href":"https:\/\/singuli.wpress.me\/index.php\/wp-json\/wp\/v2\/types\/product"}],"version-history":[{"count":0,"href":"https:\/\/singuli.wpress.me\/index.php\/wp-json\/wp\/v2\/product\/39094\/revisions"}],"wp:featuredmedia":[{"embeddable":true,"href":"https:\/\/singuli.wpress.me\/index.php\/wp-json\/wp\/v2\/media\/39095"}],"wp:attachment":[{"href":"https:\/\/singuli.wpress.me\/index.php\/wp-json\/wp\/v2\/media?parent=39094"}],"wp:term":[{"taxonomy":"product_brand","embeddable":true,"href":"https:\/\/singuli.wpress.me\/index.php\/wp-json\/wp\/v2\/product_brand?post=39094"},{"taxonomy":"product_cat","embeddable":true,"href":"https:\/\/singuli.wpress.me\/index.php\/wp-json\/wp\/v2\/product_cat?post=39094"},{"taxonomy":"product_tag","embeddable":true,"href":"https:\/\/singuli.wpress.me\/index.php\/wp-json\/wp\/v2\/product_tag?post=39094"}],"curies":[{"name":"wp","href":"https:\/\/api.w.org\/{rel}","templated":true}]}}