{"id":39100,"date":"2026-04-18T18:14:28","date_gmt":"2026-04-18T18:14:28","guid":{"rendered":"https:\/\/singuli.wpress.me\/index.php\/proizvod\/twistshake-pribor-za-jelo-pastel-siva-12m\/"},"modified":"2026-04-20T12:33:27","modified_gmt":"2026-04-20T12:33:27","slug":"twistshake-pribor-za-jelo-pastel-siva-12m","status":"publish","type":"product","link":"https:\/\/singuli.wpress.me\/index.php\/proizvod\/twistshake-pribor-za-jelo-pastel-siva-12m\/","title":{"rendered":"TWISTSHAKE, pribor za jelo, pastel siva 12+m"},"content":{"rendered":"<p>Twistshake pribor za jelo izra\u0111en je od nehr\u0111aju\u0107eg \u010delika i ima kratku ru\u010dku koja se savr\u0161eno uklapa u malene ruke va\u0161eg djeteta. Soft touch obrada je razvijena s anti-kliznim svojstvima, \u0161to osigurava jednakomjerno dr\u017eanje. Svi proizvodi imaju pametan rub na kraju ru\u010dke, tako da pribor ne kilzi u hranu. Mogli bismo re\u0107i da su ovo izvrsni alati za u\u010denje hranjenja. Prikladno je za djecu od 12 mjeseci nadalje.<\/p>\n","protected":false},"excerpt":{"rendered":"<p>Izra\u0111en od nehr\u0111aju\u010deg \u010delika<br \/>\nSoft touch obrada<br \/>\nPametan rub na kraju ru\u010dke<\/p>\n","protected":false},"featured_media":39101,"template":"","meta":{"_seopress_robots_primary_cat":"","_seopress_titles_title":"","_seopress_titles_desc":"","_seopress_robots_index":"","iawp_total_views":0},"product_brand":[433],"product_cat":[274,238],"product_tag":[],"class_list":{"0":"post-39100","1":"product","2":"type-product","3":"status-publish","4":"has-post-thumbnail","6":"product_brand-twistshake","7":"product_cat-kucanski-pribor-238","8":"product_cat-sve-za-dom","10":"first","11":"instock","12":"shipping-taxable","13":"purchasable","14":"product-type-simple"},"_links":{"self":[{"href":"https:\/\/singuli.wpress.me\/index.php\/wp-json\/wp\/v2\/product\/39100","targetHints":{"allow":["GET"]}}],"collection":[{"href":"https:\/\/singuli.wpress.me\/index.php\/wp-json\/wp\/v2\/product"}],"about":[{"href":"https:\/\/singuli.wpress.me\/index.php\/wp-json\/wp\/v2\/types\/product"}],"version-history":[{"count":0,"href":"https:\/\/singuli.wpress.me\/index.php\/wp-json\/wp\/v2\/product\/39100\/revisions"}],"wp:featuredmedia":[{"embeddable":true,"href":"https:\/\/singuli.wpress.me\/index.php\/wp-json\/wp\/v2\/media\/39101"}],"wp:attachment":[{"href":"https:\/\/singuli.wpress.me\/index.php\/wp-json\/wp\/v2\/media?parent=39100"}],"wp:term":[{"taxonomy":"product_brand","embeddable":true,"href":"https:\/\/singuli.wpress.me\/index.php\/wp-json\/wp\/v2\/product_brand?post=39100"},{"taxonomy":"product_cat","embeddable":true,"href":"https:\/\/singuli.wpress.me\/index.php\/wp-json\/wp\/v2\/product_cat?post=39100"},{"taxonomy":"product_tag","embeddable":true,"href":"https:\/\/singuli.wpress.me\/index.php\/wp-json\/wp\/v2\/product_tag?post=39100"}],"curies":[{"name":"wp","href":"https:\/\/api.w.org\/{rel}","templated":true}]}}