{"id":39126,"date":"2026-04-18T18:14:45","date_gmt":"2026-04-18T18:14:45","guid":{"rendered":"https:\/\/singuli.wpress.me\/index.php\/proizvod\/domo-do9213av-ultrasonic-ovlazivac-zraka-ultrazvucni\/"},"modified":"2026-04-20T12:33:27","modified_gmt":"2026-04-20T12:33:27","slug":"domo-do9213av-ultrasonic-ovlazivac-zraka-ultrazvucni","status":"publish","type":"product","link":"https:\/\/singuli.wpress.me\/index.php\/proizvod\/domo-do9213av-ultrasonic-ovlazivac-zraka-ultrazvucni\/","title":{"rendered":"DOMO DO9213AV Ultrasonic, ovla\u017eiva\u010d zraka, ultrazvu\u010dni"},"content":{"rendered":"<p>Aromaterapija na bazi eteri\u010dnih ulja. Umiruje tijelo i um za nje\u017ean osje\u0107aj opu\u0161tanja i blagostanja. S izgledom prirodnog drva i bijelim staklenim pokrovom.<br \/>\n&#8211; Za aromaterapiju na bazi eteri\u010dnih ulja: mo\u017ee vam pomo\u0107i u smanjenju fizi\u010dkog i mentalnog stresa te u\u010diniti da se osje\u0107ate bolje i opu\u0161tenije<br \/>\n&#8211; Tamna drvena baza i proziran premaz<\/p>\n","protected":false},"excerpt":{"rendered":"<p>Ultrazvu\u010dno grijanje vode: ne zagrijava se cijeli ure\u0111aj, ve\u0107 samo voda<br \/>\nOsvjetljenje boja uklju\u010duje do sedam boja koje se lako mijenjaju jednim gumbom<br \/>\nAutomatsko isklju\u010divanje kada je spremnik za vodu prazan<\/p>\n","protected":false},"featured_media":39127,"template":"","meta":{"_seopress_robots_primary_cat":"","_seopress_titles_title":"","_seopress_titles_desc":"","_seopress_robots_index":"","iawp_total_views":0},"product_brand":[255],"product_cat":[184,160],"product_tag":[],"class_list":{"0":"post-39126","1":"product","2":"type-product","3":"status-publish","4":"has-post-thumbnail","6":"product_brand-domo","7":"product_cat-kvaliteta-zraka-i-grijanje","8":"product_cat-mali-kucanski-aparati","10":"first","11":"outofstock","12":"shipping-taxable","13":"purchasable","14":"product-type-simple"},"_links":{"self":[{"href":"https:\/\/singuli.wpress.me\/index.php\/wp-json\/wp\/v2\/product\/39126","targetHints":{"allow":["GET"]}}],"collection":[{"href":"https:\/\/singuli.wpress.me\/index.php\/wp-json\/wp\/v2\/product"}],"about":[{"href":"https:\/\/singuli.wpress.me\/index.php\/wp-json\/wp\/v2\/types\/product"}],"version-history":[{"count":0,"href":"https:\/\/singuli.wpress.me\/index.php\/wp-json\/wp\/v2\/product\/39126\/revisions"}],"wp:featuredmedia":[{"embeddable":true,"href":"https:\/\/singuli.wpress.me\/index.php\/wp-json\/wp\/v2\/media\/39127"}],"wp:attachment":[{"href":"https:\/\/singuli.wpress.me\/index.php\/wp-json\/wp\/v2\/media?parent=39126"}],"wp:term":[{"taxonomy":"product_brand","embeddable":true,"href":"https:\/\/singuli.wpress.me\/index.php\/wp-json\/wp\/v2\/product_brand?post=39126"},{"taxonomy":"product_cat","embeddable":true,"href":"https:\/\/singuli.wpress.me\/index.php\/wp-json\/wp\/v2\/product_cat?post=39126"},{"taxonomy":"product_tag","embeddable":true,"href":"https:\/\/singuli.wpress.me\/index.php\/wp-json\/wp\/v2\/product_tag?post=39126"}],"curies":[{"name":"wp","href":"https:\/\/api.w.org\/{rel}","templated":true}]}}