{"id":39133,"date":"2026-04-18T18:14:47","date_gmt":"2026-04-18T18:14:47","guid":{"rendered":"https:\/\/singuli.wpress.me\/index.php\/proizvod\/dr-oetker-puding-okus-cokolada-31-49-g\/"},"modified":"2026-04-20T12:33:27","modified_gmt":"2026-04-20T12:33:27","slug":"dr-oetker-puding-okus-cokolada-31-49-g","status":"publish","type":"product","link":"https:\/\/singuli.wpress.me\/index.php\/proizvod\/dr-oetker-puding-okus-cokolada-31-49-g\/","title":{"rendered":"DR. OETKER, puding, okus \u010dokolada 3+1, 49\u00a0g"},"content":{"rendered":"<p>Tako divno \u010dokoladno prija Dr. Oetker Original puding s okusom \u010dokolade \u2013 najdra\u017ei okus odmah poslije vanilije. <\/p>\n<p>Ovo je klasik koji voli cijela obitelj, a i razni kola\u010di. <\/p>\n<p>Dr. Oetker Original pudinzi su apsolutni klasici me\u0111u Dr. Oetker desertima i stoje od 1894. godine za iskustvo, kvalitetu i u\u017eitak. Zato u\u017eivajte u osje\u0107aju obitelji, ljubavi i najboljeg puding okusa s Dr. Oetker Original pudingom s okusom \u010dokolade.<\/p>\n<p>Skladi\u0161tenje: \u010cuvati na hladnom i suhom mjestu.<\/p>\n<p>Upotreba: pripremiti uz dodatak 40g \u0161e\u0107era i 50 ml mlijeka (1-5% m.m.)<\/p>\n","protected":false},"excerpt":{"rendered":"<p>Klasik koji svi vole<br \/>\nOkus \u010dokolada<br \/>\nKvaliteta od 1894. godine<\/p>\n","protected":false},"featured_media":39134,"template":"","meta":{"_seopress_robots_primary_cat":"","_seopress_titles_title":"","_seopress_titles_desc":"","_seopress_robots_index":"","iawp_total_views":0},"product_brand":[328],"product_cat":[261,270],"product_tag":[],"class_list":{"0":"post-39133","1":"product","2":"type-product","3":"status-publish","4":"has-post-thumbnail","6":"product_brand-dr-oetker","7":"product_cat-hrana-i-pice","8":"product_cat-slasticarstvo-261","10":"first","11":"outofstock","12":"shipping-taxable","13":"purchasable","14":"product-type-simple"},"_links":{"self":[{"href":"https:\/\/singuli.wpress.me\/index.php\/wp-json\/wp\/v2\/product\/39133","targetHints":{"allow":["GET"]}}],"collection":[{"href":"https:\/\/singuli.wpress.me\/index.php\/wp-json\/wp\/v2\/product"}],"about":[{"href":"https:\/\/singuli.wpress.me\/index.php\/wp-json\/wp\/v2\/types\/product"}],"version-history":[{"count":0,"href":"https:\/\/singuli.wpress.me\/index.php\/wp-json\/wp\/v2\/product\/39133\/revisions"}],"wp:featuredmedia":[{"embeddable":true,"href":"https:\/\/singuli.wpress.me\/index.php\/wp-json\/wp\/v2\/media\/39134"}],"wp:attachment":[{"href":"https:\/\/singuli.wpress.me\/index.php\/wp-json\/wp\/v2\/media?parent=39133"}],"wp:term":[{"taxonomy":"product_brand","embeddable":true,"href":"https:\/\/singuli.wpress.me\/index.php\/wp-json\/wp\/v2\/product_brand?post=39133"},{"taxonomy":"product_cat","embeddable":true,"href":"https:\/\/singuli.wpress.me\/index.php\/wp-json\/wp\/v2\/product_cat?post=39133"},{"taxonomy":"product_tag","embeddable":true,"href":"https:\/\/singuli.wpress.me\/index.php\/wp-json\/wp\/v2\/product_tag?post=39133"}],"curies":[{"name":"wp","href":"https:\/\/api.w.org\/{rel}","templated":true}]}}