{"id":39141,"date":"2026-04-18T18:14:49","date_gmt":"2026-04-18T18:14:49","guid":{"rendered":"https:\/\/singuli.wpress.me\/index.php\/proizvod\/lenor-summer-breeze-omeksivac-64-pranja-1-6-l\/"},"modified":"2026-04-20T12:33:27","modified_gmt":"2026-04-20T12:33:27","slug":"lenor-summer-breeze-omeksivac-64-pranja-1-6-l","status":"publish","type":"product","link":"https:\/\/singuli.wpress.me\/index.php\/proizvod\/lenor-summer-breeze-omeksivac-64-pranja-1-6-l\/","title":{"rendered":"LENOR Summer Breeze, omek\u0161iva\u010d, 64 pranja, 1.6\u00a0l"},"content":{"rendered":"<p>Uz omek\u0161iva\u010d rublja Lenor Summer Breeze s biljim sastojcima za meko\u0107u osje\u0107at \u0107ete se dobro u svakoj tkanini uz najbolju Lenorovu svje\u017einu do sada. <\/p>\n<p>Pru\u017ea dugotrajnu svje\u017einu do tjedan dana, bo\u017eanstvenu meko\u0107u i omogu\u0107uje lako gla\u010danje. <\/p>\n<p>Zamislite umiruju\u0107i dodir sun\u010devih zraka na ko\u017ei. <\/p>\n<p>Nje\u017ean miris nadahnut jasminom kombiniran sa svje\u017eom so\u010dnom dinjom.<\/p>\n<p>Boca je izra\u0111ena od 100% reciklirane plastike i mo\u017ee se ponovno reciklirati. <\/p>\n<p>Koristite u kombinaciji s deterd\u017eentom Lenor za dubinsko \u010di\u0161\u0107enje i uskla\u0111en miris.<\/p>\n","protected":false},"excerpt":{"rendered":"<p>Mekana mirisna odje\u0107a koju je u\u017eitak nositi<br \/>\nIspunjava energijom i svje\u017einom<br \/>\nDo tjedan dana mirisne posteljine<\/p>\n","protected":false},"featured_media":39142,"template":"","meta":{"_seopress_robots_primary_cat":"","_seopress_titles_title":"","_seopress_titles_desc":"","_seopress_robots_index":"","iawp_total_views":0},"product_brand":[446],"product_cat":[283,238],"product_tag":[],"class_list":{"0":"post-39141","1":"product","2":"type-product","3":"status-publish","4":"has-post-thumbnail","6":"product_brand-lenor","7":"product_cat-pranje-rublja-238","8":"product_cat-sve-za-dom","10":"first","11":"outofstock","12":"shipping-taxable","13":"purchasable","14":"product-type-simple"},"_links":{"self":[{"href":"https:\/\/singuli.wpress.me\/index.php\/wp-json\/wp\/v2\/product\/39141","targetHints":{"allow":["GET"]}}],"collection":[{"href":"https:\/\/singuli.wpress.me\/index.php\/wp-json\/wp\/v2\/product"}],"about":[{"href":"https:\/\/singuli.wpress.me\/index.php\/wp-json\/wp\/v2\/types\/product"}],"version-history":[{"count":0,"href":"https:\/\/singuli.wpress.me\/index.php\/wp-json\/wp\/v2\/product\/39141\/revisions"}],"wp:featuredmedia":[{"embeddable":true,"href":"https:\/\/singuli.wpress.me\/index.php\/wp-json\/wp\/v2\/media\/39142"}],"wp:attachment":[{"href":"https:\/\/singuli.wpress.me\/index.php\/wp-json\/wp\/v2\/media?parent=39141"}],"wp:term":[{"taxonomy":"product_brand","embeddable":true,"href":"https:\/\/singuli.wpress.me\/index.php\/wp-json\/wp\/v2\/product_brand?post=39141"},{"taxonomy":"product_cat","embeddable":true,"href":"https:\/\/singuli.wpress.me\/index.php\/wp-json\/wp\/v2\/product_cat?post=39141"},{"taxonomy":"product_tag","embeddable":true,"href":"https:\/\/singuli.wpress.me\/index.php\/wp-json\/wp\/v2\/product_tag?post=39141"}],"curies":[{"name":"wp","href":"https:\/\/api.w.org\/{rel}","templated":true}]}}