{"id":39143,"date":"2026-04-18T18:14:52","date_gmt":"2026-04-18T18:14:52","guid":{"rendered":"https:\/\/singuli.wpress.me\/index.php\/proizvod\/tellus-s3-m-32-hidraulicko-ulje-20-l\/"},"modified":"2026-04-20T12:33:27","modified_gmt":"2026-04-20T12:33:27","slug":"tellus-s3-m-32-hidraulicko-ulje-20-l","status":"publish","type":"product","link":"https:\/\/singuli.wpress.me\/index.php\/proizvod\/tellus-s3-m-32-hidraulicko-ulje-20-l\/","title":{"rendered":"TELLUS S3 M 32, hidrauli\u010dko ulje, 20\u00a0l"},"content":{"rendered":"<p>Vrhunska bezpepelna (zinc-free) industrijska hidrauli\u010dka ulja. Omogu\u0107uju dulji radni vijek strojeva, mogu\u0107nost duljih intervala izmjene smanjuje zastoje u proizvodnji. Imaju izvrsnu otpornost na propadanje u prisutnosti vode i pri visokim temperaturama i temperaturnim stresovima. Superiorna \u010disto\u0107a, odli\u010dna filtrabilnost, brzo odvajanje od vode, brzo otpu\u0161tanje zraka te otpornost prema pjenjenju doprinose odr\u017eavanju i pove\u0107anju u\u010dinkovitosti svakog hidrauli\u010dkog sustava. Shell Tellus S3 M ulja imaju smanjeni u\u010dinak na okoli\u0161 u slu\u010daju curenja i slu\u010dajnog prolijevanja. Prikladna su za sve marine i mobilne hidrauli\u010dke sustave u kojima je preporu\u010dena uporaba ISO HM hidrauli\u010dkih ulja.<\/p>\n<p>Specifikacija: Denison Hydraulics (HF-0, HF-1, HF-2), Eaton Vickers (bro\u0161ura 694), ISO 11158 (HM teku\u0107ine), DIN 51524-2 (HLP ulja), ASTM 6158 (HM mineralna ulja), SS 15 54 34 M, Fives Cincinnati P-68 (ISO 32).<\/p>\n","protected":false},"excerpt":{"rendered":"<p>Hidrauli\u010dko ulje<br \/>\nOtporno na propadanje<br \/>\nSmanjuju nastanak \u0161tetnih naslaga<\/p>\n","protected":false},"featured_media":39144,"template":"","meta":{"_seopress_robots_primary_cat":"","_seopress_titles_title":"","_seopress_titles_desc":"","_seopress_robots_index":"","iawp_total_views":0},"product_brand":[414],"product_cat":[243,276],"product_tag":[],"class_list":{"0":"post-39143","1":"product","2":"type-product","3":"status-publish","4":"has-post-thumbnail","6":"product_brand-tellus","7":"product_cat-automobili-i-motori","8":"product_cat-industrijska-i-specijalna-ulja-243","10":"first","11":"instock","12":"shipping-taxable","13":"purchasable","14":"product-type-simple"},"_links":{"self":[{"href":"https:\/\/singuli.wpress.me\/index.php\/wp-json\/wp\/v2\/product\/39143","targetHints":{"allow":["GET"]}}],"collection":[{"href":"https:\/\/singuli.wpress.me\/index.php\/wp-json\/wp\/v2\/product"}],"about":[{"href":"https:\/\/singuli.wpress.me\/index.php\/wp-json\/wp\/v2\/types\/product"}],"version-history":[{"count":0,"href":"https:\/\/singuli.wpress.me\/index.php\/wp-json\/wp\/v2\/product\/39143\/revisions"}],"wp:featuredmedia":[{"embeddable":true,"href":"https:\/\/singuli.wpress.me\/index.php\/wp-json\/wp\/v2\/media\/39144"}],"wp:attachment":[{"href":"https:\/\/singuli.wpress.me\/index.php\/wp-json\/wp\/v2\/media?parent=39143"}],"wp:term":[{"taxonomy":"product_brand","embeddable":true,"href":"https:\/\/singuli.wpress.me\/index.php\/wp-json\/wp\/v2\/product_brand?post=39143"},{"taxonomy":"product_cat","embeddable":true,"href":"https:\/\/singuli.wpress.me\/index.php\/wp-json\/wp\/v2\/product_cat?post=39143"},{"taxonomy":"product_tag","embeddable":true,"href":"https:\/\/singuli.wpress.me\/index.php\/wp-json\/wp\/v2\/product_tag?post=39143"}],"curies":[{"name":"wp","href":"https:\/\/api.w.org\/{rel}","templated":true}]}}