{"id":39153,"date":"2026-04-18T18:14:53","date_gmt":"2026-04-18T18:14:53","guid":{"rendered":"https:\/\/singuli.wpress.me\/index.php\/proizvod\/df-motorno-ulje-x-treme-20-l\/"},"modified":"2026-04-20T12:33:27","modified_gmt":"2026-04-20T12:33:27","slug":"df-motorno-ulje-x-treme-20-l","status":"publish","type":"product","link":"https:\/\/singuli.wpress.me\/index.php\/proizvod\/df-motorno-ulje-x-treme-20-l\/","title":{"rendered":"DF, motorno ulje,  X-TREME, 20\u00a0l"},"content":{"rendered":"<p>DF X-Treme je napredno, &#8216;Super unverzalno traktorsko ulje&#8217; (STOU) temeljeno na sinteti\u010dkoj osnovi i naprednom paketu aditiva. DF X-Treme daje vrhunske performanse u primjenama u motoru, prijenosnicima i hidrauli\u010dkim sustavima za \u0161irok raspon poljoprivredne opreme. Prikladno za ve\u0107inu vrsta dizelskih i benzinskih poljoprivrednih motora zajedno s traktorskim mjenja\u010dima, upravlja\u010dkim sustavom, hidrauli\u010dkim sustavom i mokrim ko\u010dnicama. <\/p>\n<p>API Specifikacije: CF-4\/SF, GL-4, US Military &#8211; MIL-L-2104D, CCMC-D4, Ford M2C-159B, Massey-Ferguson &#8211; M1139, M1144, Mercedes Benz- 227.1 (ispunjava zahtjeve), John Deere JDM J 27, Caterpillar CAT TO2, ZF TE-ML 07<\/p>\n","protected":false},"excerpt":{"rendered":"<p>Temeljeno na sinteti\u010dkoj osnovi i naprednom paketu aditiva<br \/>\nDF X-Treme daje vrhunske performanse u primjenama u motoru, prijenosnicima i hidrauli\u010dkim sustavima za \u0161irok raspon poljoprivredne opreme<br \/>\nPrikladno za ve\u0107inu vrsta dizelskih i benzinskih poljoprivrednih motora zajedno s traktorskim mjenja\u010dima, upravlja\u010dkim sustavom, hidrauli\u010dkim sustavom i mokrim ko\u010dnicama<\/p>\n","protected":false},"featured_media":39154,"template":"","meta":{"_seopress_robots_primary_cat":"","_seopress_titles_title":"","_seopress_titles_desc":"","_seopress_robots_index":"","iawp_total_views":0},"product_brand":[839],"product_cat":[243,276],"product_tag":[],"class_list":{"0":"post-39153","1":"product","2":"type-product","3":"status-publish","4":"has-post-thumbnail","6":"product_brand-df","7":"product_cat-automobili-i-motori","8":"product_cat-industrijska-i-specijalna-ulja-243","10":"first","11":"instock","12":"shipping-taxable","13":"purchasable","14":"product-type-simple"},"_links":{"self":[{"href":"https:\/\/singuli.wpress.me\/index.php\/wp-json\/wp\/v2\/product\/39153","targetHints":{"allow":["GET"]}}],"collection":[{"href":"https:\/\/singuli.wpress.me\/index.php\/wp-json\/wp\/v2\/product"}],"about":[{"href":"https:\/\/singuli.wpress.me\/index.php\/wp-json\/wp\/v2\/types\/product"}],"version-history":[{"count":0,"href":"https:\/\/singuli.wpress.me\/index.php\/wp-json\/wp\/v2\/product\/39153\/revisions"}],"wp:featuredmedia":[{"embeddable":true,"href":"https:\/\/singuli.wpress.me\/index.php\/wp-json\/wp\/v2\/media\/39154"}],"wp:attachment":[{"href":"https:\/\/singuli.wpress.me\/index.php\/wp-json\/wp\/v2\/media?parent=39153"}],"wp:term":[{"taxonomy":"product_brand","embeddable":true,"href":"https:\/\/singuli.wpress.me\/index.php\/wp-json\/wp\/v2\/product_brand?post=39153"},{"taxonomy":"product_cat","embeddable":true,"href":"https:\/\/singuli.wpress.me\/index.php\/wp-json\/wp\/v2\/product_cat?post=39153"},{"taxonomy":"product_tag","embeddable":true,"href":"https:\/\/singuli.wpress.me\/index.php\/wp-json\/wp\/v2\/product_tag?post=39153"}],"curies":[{"name":"wp","href":"https:\/\/api.w.org\/{rel}","templated":true}]}}