{"id":39157,"date":"2026-04-18T18:14:54","date_gmt":"2026-04-18T18:14:54","guid":{"rendered":"https:\/\/singuli.wpress.me\/index.php\/proizvod\/braun-silkepil-1-1-170-epilator\/"},"modified":"2026-04-21T00:26:59","modified_gmt":"2026-04-21T00:26:59","slug":"braun-silkepil-1-1-170-epilator","status":"publish","type":"product","link":"https:\/\/singuli.wpress.me\/index.php\/proizvod\/braun-silkepil-1-1-170-epilator\/","title":{"rendered":"BRAUN SilkEpil 1 1-170, epilator"},"content":{"rendered":"<p>Osnovni depilator SilkEpil 1 1-170 koji sa svojih 20 pinceta nje\u017eno uklanja dla\u010dice iz korijena za dugotrajne rezultate, do 4 tjedna.<\/p>\n<p>SoftLift vrhovi &#8211; U\u010dinkovito podi\u017eu \u010dak i ravno le\u017ee\u0107e dla\u010dice u korijenu i usmjeravaju ih prema pinceti.<\/p>\n","protected":false},"excerpt":{"rendered":"<p>Nje\u017eno uklanja dla\u010dice iz korijena.<br \/>\nZa glatku ko\u017eu do 4 tjedna.<br \/>\nKoristi se s priklju\u010dnim kabelom.<\/p>\n","protected":false},"featured_media":39158,"template":"","meta":{"_seopress_robots_primary_cat":"","_seopress_titles_title":"","_seopress_titles_desc":"","_seopress_robots_index":"","iawp_total_views":0},"product_brand":[144],"product_cat":[192,282,281],"product_tag":[],"class_list":{"0":"post-39157","1":"product","2":"type-product","3":"status-publish","4":"has-post-thumbnail","6":"product_brand-braun","7":"product_cat-aparati-za-osobnu-njegu","8":"product_cat-aparati-za-zene-281","9":"product_cat-epilatori-i-ipl-192","11":"first","12":"outofstock","13":"shipping-taxable","14":"purchasable","15":"product-type-simple"},"_links":{"self":[{"href":"https:\/\/singuli.wpress.me\/index.php\/wp-json\/wp\/v2\/product\/39157","targetHints":{"allow":["GET"]}}],"collection":[{"href":"https:\/\/singuli.wpress.me\/index.php\/wp-json\/wp\/v2\/product"}],"about":[{"href":"https:\/\/singuli.wpress.me\/index.php\/wp-json\/wp\/v2\/types\/product"}],"version-history":[{"count":0,"href":"https:\/\/singuli.wpress.me\/index.php\/wp-json\/wp\/v2\/product\/39157\/revisions"}],"wp:featuredmedia":[{"embeddable":true,"href":"https:\/\/singuli.wpress.me\/index.php\/wp-json\/wp\/v2\/media\/39158"}],"wp:attachment":[{"href":"https:\/\/singuli.wpress.me\/index.php\/wp-json\/wp\/v2\/media?parent=39157"}],"wp:term":[{"taxonomy":"product_brand","embeddable":true,"href":"https:\/\/singuli.wpress.me\/index.php\/wp-json\/wp\/v2\/product_brand?post=39157"},{"taxonomy":"product_cat","embeddable":true,"href":"https:\/\/singuli.wpress.me\/index.php\/wp-json\/wp\/v2\/product_cat?post=39157"},{"taxonomy":"product_tag","embeddable":true,"href":"https:\/\/singuli.wpress.me\/index.php\/wp-json\/wp\/v2\/product_tag?post=39157"}],"curies":[{"name":"wp","href":"https:\/\/api.w.org\/{rel}","templated":true}]}}