{"id":39165,"date":"2026-04-18T18:14:57","date_gmt":"2026-04-18T18:14:57","guid":{"rendered":"https:\/\/singuli.wpress.me\/index.php\/proizvod\/old-spice-rock-antiperspirantni-dezodorans-gel-150-ml\/"},"modified":"2026-04-21T00:26:59","modified_gmt":"2026-04-21T00:26:59","slug":"old-spice-rock-antiperspirantni-dezodorans-gel-150-ml","status":"publish","type":"product","link":"https:\/\/singuli.wpress.me\/index.php\/proizvod\/old-spice-rock-antiperspirantni-dezodorans-gel-150-ml\/","title":{"rendered":"OLD SPICE Rock, antiperspirantni dezodorans gel, 150\u00a0ml"},"content":{"rendered":"<p>Antiperspirantni dezodorans u spreju Old Spice tijekom 48 sati blokira neugodne mirise tako \u0161to ih kirur\u0161ki odstranjuje. Ovo je metafora, ali ponekad je potrebna prava operacija da bi se dokazalo da si u pravu. <\/p>\n<p>Nema vi\u0161e neugodnog mirisa ispod pazuha ni prekomjernog znojenja. Samo \u010dista mu\u017eevnost. <\/p>\n<p>Odaberi dezodorans za mu\u0161karce koji stvarno znaju kako dobro mirisati. Dezodorans u spreju Old Spice predstavlja ti \u0161iroku liniju mirisa za mu\u0161karce koji \u017eive dinami\u010dnim i nekonvencionalnim \u017eivotom. Izrazito mu\u017eevan miris koji sna\u017ei i osvje\u017eava.<\/p>\n","protected":false},"excerpt":{"rendered":"<p>48-satna za\u0161tita od znojenja i neugodnih mirisa<br \/>\nMo\u0107an, postojan mu\u017eevan miris<br \/>\nDugotrajna svje\u017eina<\/p>\n","protected":false},"featured_media":39166,"template":"","meta":{"_seopress_robots_primary_cat":"","_seopress_titles_title":"","_seopress_titles_desc":"","_seopress_robots_index":"","iawp_total_views":0},"product_brand":[448],"product_cat":[285,268],"product_tag":[],"class_list":{"0":"post-39165","1":"product","2":"type-product","3":"status-publish","4":"has-post-thumbnail","6":"product_brand-old-spice","7":"product_cat-dezodoransi-268","8":"product_cat-kozmetika-2","10":"first","11":"outofstock","12":"shipping-taxable","13":"purchasable","14":"product-type-simple"},"_links":{"self":[{"href":"https:\/\/singuli.wpress.me\/index.php\/wp-json\/wp\/v2\/product\/39165","targetHints":{"allow":["GET"]}}],"collection":[{"href":"https:\/\/singuli.wpress.me\/index.php\/wp-json\/wp\/v2\/product"}],"about":[{"href":"https:\/\/singuli.wpress.me\/index.php\/wp-json\/wp\/v2\/types\/product"}],"version-history":[{"count":0,"href":"https:\/\/singuli.wpress.me\/index.php\/wp-json\/wp\/v2\/product\/39165\/revisions"}],"wp:featuredmedia":[{"embeddable":true,"href":"https:\/\/singuli.wpress.me\/index.php\/wp-json\/wp\/v2\/media\/39166"}],"wp:attachment":[{"href":"https:\/\/singuli.wpress.me\/index.php\/wp-json\/wp\/v2\/media?parent=39165"}],"wp:term":[{"taxonomy":"product_brand","embeddable":true,"href":"https:\/\/singuli.wpress.me\/index.php\/wp-json\/wp\/v2\/product_brand?post=39165"},{"taxonomy":"product_cat","embeddable":true,"href":"https:\/\/singuli.wpress.me\/index.php\/wp-json\/wp\/v2\/product_cat?post=39165"},{"taxonomy":"product_tag","embeddable":true,"href":"https:\/\/singuli.wpress.me\/index.php\/wp-json\/wp\/v2\/product_tag?post=39165"}],"curies":[{"name":"wp","href":"https:\/\/api.w.org\/{rel}","templated":true}]}}