{"id":39169,"date":"2026-04-18T18:14:58","date_gmt":"2026-04-18T18:14:58","guid":{"rendered":"https:\/\/singuli.wpress.me\/index.php\/proizvod\/nautilus-premium-outb-2t-motorno-ulje-20-l\/"},"modified":"2026-04-20T12:33:27","modified_gmt":"2026-04-20T12:33:27","slug":"nautilus-premium-outb-2t-motorno-ulje-20-l","status":"publish","type":"product","link":"https:\/\/singuli.wpress.me\/index.php\/proizvod\/nautilus-premium-outb-2t-motorno-ulje-20-l\/","title":{"rendered":"NAUTILUS PREMIUM OUTB.2T, motorno ulje, 20\u00a0l"},"content":{"rendered":"<p>Mazivo visokih performansi za za\u0161titu dvotaktnih benzinskih vanbrodskih motora. Napredna formulacija, koja prema\u0161uje sve standarde proizvo\u0111a\u010da vanbrodskih motora, jamstvo je dugog i pouzdanog vijeka motora.<br \/>\n<span style=\"font-weight: bold\"><br \/>\nNMMA certifikat TC-W3, Certificirano od NMMA.<\/span><\/p>\n","protected":false},"excerpt":{"rendered":"<p>Ulje za dvotaktne izvanbrodske motore<br \/>\nDugi i pouzdani vijek motora<br \/>\nPogodno za dvotaktne benzinske vanbrodske motore sa ili bez zasebnih spremnika za ulje<\/p>\n","protected":false},"featured_media":39170,"template":"","meta":{"_seopress_robots_primary_cat":"","_seopress_titles_title":"","_seopress_titles_desc":"","_seopress_robots_index":"","iawp_total_views":0},"product_brand":[840],"product_cat":[243,276],"product_tag":[],"class_list":{"0":"post-39169","1":"product","2":"type-product","3":"status-publish","4":"has-post-thumbnail","6":"product_brand-nautilus","7":"product_cat-automobili-i-motori","8":"product_cat-industrijska-i-specijalna-ulja-243","10":"first","11":"outofstock","12":"shipping-taxable","13":"purchasable","14":"product-type-simple"},"_links":{"self":[{"href":"https:\/\/singuli.wpress.me\/index.php\/wp-json\/wp\/v2\/product\/39169","targetHints":{"allow":["GET"]}}],"collection":[{"href":"https:\/\/singuli.wpress.me\/index.php\/wp-json\/wp\/v2\/product"}],"about":[{"href":"https:\/\/singuli.wpress.me\/index.php\/wp-json\/wp\/v2\/types\/product"}],"version-history":[{"count":0,"href":"https:\/\/singuli.wpress.me\/index.php\/wp-json\/wp\/v2\/product\/39169\/revisions"}],"wp:featuredmedia":[{"embeddable":true,"href":"https:\/\/singuli.wpress.me\/index.php\/wp-json\/wp\/v2\/media\/39170"}],"wp:attachment":[{"href":"https:\/\/singuli.wpress.me\/index.php\/wp-json\/wp\/v2\/media?parent=39169"}],"wp:term":[{"taxonomy":"product_brand","embeddable":true,"href":"https:\/\/singuli.wpress.me\/index.php\/wp-json\/wp\/v2\/product_brand?post=39169"},{"taxonomy":"product_cat","embeddable":true,"href":"https:\/\/singuli.wpress.me\/index.php\/wp-json\/wp\/v2\/product_cat?post=39169"},{"taxonomy":"product_tag","embeddable":true,"href":"https:\/\/singuli.wpress.me\/index.php\/wp-json\/wp\/v2\/product_tag?post=39169"}],"curies":[{"name":"wp","href":"https:\/\/api.w.org\/{rel}","templated":true}]}}