{"id":39182,"date":"2026-04-18T18:15:01","date_gmt":"2026-04-18T18:15:01","guid":{"rendered":"https:\/\/singuli.wpress.me\/index.php\/proizvod\/spirax-s3-als-85w90-mjenjacko-ulje-20-l\/"},"modified":"2026-04-21T00:26:59","modified_gmt":"2026-04-21T00:26:59","slug":"spirax-s3-als-85w90-mjenjacko-ulje-20-l","status":"publish","type":"product","link":"https:\/\/singuli.wpress.me\/index.php\/proizvod\/spirax-s3-als-85w90-mjenjacko-ulje-20-l\/","title":{"rendered":"SPIRAX S3 ALS 85W90, mjenja\u010dko ulje, 20\u00a0l"},"content":{"rendered":"<p>Visokokvalitetno GL-5 ulje za \u0161iroku upotrebu za limited slip diferencijale (diferencijale s ograni\u010denim proklizavanjem) uklju\u010duju\u0107i i ZF diferencijale. \u0160iroku primjenu omogu\u0107avaju posebno odabrani aditivi koji osiguravaju dobra svojstva protiv hr\u0111e te oskidacijsku i termi\u010dku stabilnost. Odobreno je od ZF za diferencijale i osovinske sklopove. Karakterizira ga izvrsna tecljivost pri niskim temperaturama kao i u predvi\u0111enom rasponu temperatura i osiguranje uljnog filma izme\u0111u zup\u010danika. Prikladno za te\u0161ko optere\u0107ena vozila, uklju\u010duju\u0107i gra\u0111evinske strojeve ili autobuse kao i osobne automobile s limited-slip diferencijalima.<\/p>\n<p>Specifikacija: ZF TE-ML: 05C, 12C, 21C, 16E, API klasifikacija: GL-5 limited Slip, MIL-L-2105D (udovoljava).<\/p>\n","protected":false},"excerpt":{"rendered":"<p>Za\u0161tita od tro\u0161enja, korozije i oksidacijska stabilnost<br \/>\nPrikladno za te\u0161ko optere\u0107ena komercijalna vozila uklju\u010duju\u0107i i gra\u0111evinske strojeve ili autobuse te automobile koji imaju diferencijale s ograni\u010denim proklizavanjem<br \/>\nGL-5 mjenja\u010dko ulje namijenjeno za diferencijale s ograni\u010denim  proklizavanjem<\/p>\n","protected":false},"featured_media":39183,"template":"","meta":{"_seopress_robots_primary_cat":"","_seopress_titles_title":"","_seopress_titles_desc":"","_seopress_robots_index":"","iawp_total_views":0},"product_brand":[371],"product_cat":[243,276],"product_tag":[],"class_list":{"0":"post-39182","1":"product","2":"type-product","3":"status-publish","4":"has-post-thumbnail","6":"product_brand-spirax","7":"product_cat-automobili-i-motori","8":"product_cat-industrijska-i-specijalna-ulja-243","10":"first","11":"instock","12":"shipping-taxable","13":"purchasable","14":"product-type-simple"},"_links":{"self":[{"href":"https:\/\/singuli.wpress.me\/index.php\/wp-json\/wp\/v2\/product\/39182","targetHints":{"allow":["GET"]}}],"collection":[{"href":"https:\/\/singuli.wpress.me\/index.php\/wp-json\/wp\/v2\/product"}],"about":[{"href":"https:\/\/singuli.wpress.me\/index.php\/wp-json\/wp\/v2\/types\/product"}],"version-history":[{"count":0,"href":"https:\/\/singuli.wpress.me\/index.php\/wp-json\/wp\/v2\/product\/39182\/revisions"}],"wp:featuredmedia":[{"embeddable":true,"href":"https:\/\/singuli.wpress.me\/index.php\/wp-json\/wp\/v2\/media\/39183"}],"wp:attachment":[{"href":"https:\/\/singuli.wpress.me\/index.php\/wp-json\/wp\/v2\/media?parent=39182"}],"wp:term":[{"taxonomy":"product_brand","embeddable":true,"href":"https:\/\/singuli.wpress.me\/index.php\/wp-json\/wp\/v2\/product_brand?post=39182"},{"taxonomy":"product_cat","embeddable":true,"href":"https:\/\/singuli.wpress.me\/index.php\/wp-json\/wp\/v2\/product_cat?post=39182"},{"taxonomy":"product_tag","embeddable":true,"href":"https:\/\/singuli.wpress.me\/index.php\/wp-json\/wp\/v2\/product_tag?post=39182"}],"curies":[{"name":"wp","href":"https:\/\/api.w.org\/{rel}","templated":true}]}}