{"id":39190,"date":"2026-04-19T02:22:33","date_gmt":"2026-04-19T02:22:33","guid":{"rendered":"https:\/\/singuli.wpress.me\/index.php\/proizvod\/shout-sprej-za-uklanjanje-mrlja-500-ml-2\/"},"modified":"2026-04-20T12:33:27","modified_gmt":"2026-04-20T12:33:27","slug":"shout-sprej-za-uklanjanje-mrlja-500-ml-2","status":"publish","type":"product","link":"https:\/\/singuli.wpress.me\/index.php\/proizvod\/shout-sprej-za-uklanjanje-mrlja-500-ml-2\/","title":{"rendered":"SHOUT, sprej za uklanjanje mrlja, 500\u00a0ml"},"content":{"rendered":"<p>Shout\u00ae Sprej za uklanjanje mrlja uklanja tvrdokorne mrlje prvim nano\u0161enjem, \u010dak i u hladnoj vodi! <\/p>\n<p>Shout\u00ae predstavlja najbolji na\u010din za uklanjanje tvrdokornih mrlja koje se ne mogu ukloniti samim pranjem. <\/p>\n<p>Njegova sna\u017ena formulacija sadr\u017ei enzime koji prodiru u tkanine i djeluju na mrlje prije pranja. Nastavlja djelovati i tijekom pranja. <\/p>\n<p>Uklanja ve\u0107inu tvrdokornih mrlja prvim nano\u0161enjem, \u010dak i kod niskih temperatura.  <\/p>\n<p><span style=\"font-weight: bold\">Upute za uporabu:<\/span><\/p>\n<p>1. Protresite bocu i okrenite raspr\u0161iva\u010d na poziciju \u201eON\u201c.<br \/>\n2. Nanesite sredstvo na mrlju. Prije pranja nanesite sredstvo izravno na mrlje tako da ih potpuno prekrijete.<br \/>\n3. Ostavite da djeluje 1 minutu, zatim operite s uobi\u010dajenim deterd\u017eentom.<\/p>\n<p>Za najbolje rezultate, nanesite sredstvo dok je mrlja jo\u0161 svje\u017ea.<br \/>\nSredstvo je pogodno za kori\u0161tenje na bijelim i obojenim tkaninama, osim svile i delikatnih materijala.<br \/>\nIsprobajte sredstvo na skrivenom dijelu tkanine prije pranja.<br \/>\nNe ostavljajte sredstvo da se osu\u0161i na tkanini.<br \/>\nUvijek operite robu nakon \u0161to ste tretirali tkaninu sredstvom.<br \/>\nKod starih i postajanih mrlja potrebno je utrljati proizvod prije pranje te po potrebi nanijeti proizvod drugi put.<br \/>\nSredstvo se ne smije koristiti u kombinaciji s drugim sredstvima za uklanjanje mrlja. <\/p>\n<p><img decoding=\"async\" src=\"https:\/\/prod-minio-orbico.nd0.pl\/orbico.ohr\/Piktogrami\/upozorenje.jpg\" alt=\"Upozorenje\" width=\"100\" height=\"100\"><br \/>\n<img decoding=\"async\" src=\"https:\/\/prod-minio-orbico.nd0.pl\/orbico.ohr\/Piktogrami\/Zapaljivo.png\" alt=\"Zapaljivo\" width=\"100\" height=\"100\"><\/p>\n<p>\nUPOZORENJA: Teku\u0107i omek\u0161iva\u010d mo\u017ee pove\u0107ati zapaljivost tkanine. Primjena ve\u0107e doze od preporu\u010dene mo\u017ee pove\u0107ati ovaj u\u010dinak. Nemojte koristiti proizvod: Na dje\u010djoj odje\u0107i za spavanje i na odje\u0107i ozna\u010denoj kao vatrootporna, jer mo\u017ee smanjiti njihovu otpornost na vatru. Na odje\u0107i izra\u0111enoj od lepr\u0161avijeg materijala (kao \u0161to je flis, bar\u0161un, \u0161enil ili frotir). \u010cuvati izvan dohvata djece. Dr\u017eati dalje od o\u010diju.<br \/> <br \/>\nU SLU\u010cAJU DODIRA S O\u010cIMA: oprezno ispirati vodom nekoliko minuta.<\/p>\n","protected":false},"excerpt":{"rendered":"<p>Uklanja tvrdokorne mrlje s odje\u0107e<br \/>\nProdire duboko u tkanine<br \/>\nTrostruko djelovanje<\/p>\n","protected":false},"featured_media":39191,"template":"","meta":{"_seopress_robots_primary_cat":"","_seopress_titles_title":"","_seopress_titles_desc":"","_seopress_robots_index":"","iawp_total_views":0},"product_brand":[422],"product_cat":[283,238],"product_tag":[],"class_list":{"0":"post-39190","1":"product","2":"type-product","3":"status-publish","4":"has-post-thumbnail","6":"product_brand-shout","7":"product_cat-pranje-rublja-238","8":"product_cat-sve-za-dom","10":"first","11":"outofstock","12":"shipping-taxable","13":"purchasable","14":"product-type-simple"},"_links":{"self":[{"href":"https:\/\/singuli.wpress.me\/index.php\/wp-json\/wp\/v2\/product\/39190","targetHints":{"allow":["GET"]}}],"collection":[{"href":"https:\/\/singuli.wpress.me\/index.php\/wp-json\/wp\/v2\/product"}],"about":[{"href":"https:\/\/singuli.wpress.me\/index.php\/wp-json\/wp\/v2\/types\/product"}],"version-history":[{"count":0,"href":"https:\/\/singuli.wpress.me\/index.php\/wp-json\/wp\/v2\/product\/39190\/revisions"}],"wp:featuredmedia":[{"embeddable":true,"href":"https:\/\/singuli.wpress.me\/index.php\/wp-json\/wp\/v2\/media\/39191"}],"wp:attachment":[{"href":"https:\/\/singuli.wpress.me\/index.php\/wp-json\/wp\/v2\/media?parent=39190"}],"wp:term":[{"taxonomy":"product_brand","embeddable":true,"href":"https:\/\/singuli.wpress.me\/index.php\/wp-json\/wp\/v2\/product_brand?post=39190"},{"taxonomy":"product_cat","embeddable":true,"href":"https:\/\/singuli.wpress.me\/index.php\/wp-json\/wp\/v2\/product_cat?post=39190"},{"taxonomy":"product_tag","embeddable":true,"href":"https:\/\/singuli.wpress.me\/index.php\/wp-json\/wp\/v2\/product_tag?post=39190"}],"curies":[{"name":"wp","href":"https:\/\/api.w.org\/{rel}","templated":true}]}}