{"id":39194,"date":"2026-04-19T02:22:34","date_gmt":"2026-04-19T02:22:34","guid":{"rendered":"https:\/\/singuli.wpress.me\/index.php\/proizvod\/ariel-revita-black-kapsule-za-pranje-rublja-36-pranja\/"},"modified":"2026-04-20T12:33:27","modified_gmt":"2026-04-20T12:33:27","slug":"ariel-revita-black-kapsule-za-pranje-rublja-36-pranja","status":"publish","type":"product","link":"https:\/\/singuli.wpress.me\/index.php\/proizvod\/ariel-revita-black-kapsule-za-pranje-rublja-36-pranja\/","title":{"rendered":"ARIEL +Revita Black, kapsule za pranje rublja, 36 pranja"},"content":{"rendered":"<p>Ariel, brend koji preporu\u010duju Whirlpool, Electrolux, Candy i Beko, predstavlja kapsule teku\u0107eg deterd\u017eenta za pranje rublja All-in-1 PODS +Revitablack! <\/p>\n<p>Sada imaju i dodatnu ljubi\u010dastu komoru, osvje\u017eavaju sjaj crnih i tamnih boja, s 0% bojila. Osmi\u0161ljene su za pranje na niskim temperaturama, s jedinstvenim tehnologijama poput tehnologije Cool Clean. U dodiru s vodom omot koji je 100% topiv u vodi rastapa se i osloba\u0111a sna\u017ene tehnologije za uklanjanje mrlja, za dubinsko i sna\u017eno \u010di\u0161\u0107enje kapsulama All-in-1 PODS +Revitablack. <\/p>\n<p>Uz to, kapsule za pranje rublja Ariel All-in-1 PODS dolaze u pakiranju koje se mo\u017ee reciklirati. <\/p>\n","protected":false},"excerpt":{"rendered":"<p>Razvijeno za pranje na niskim temperaturama koriste\u0107i tehnologiju Cool Clean<br \/>\nOmot 100 % topiv u vodi<br \/>\nPranjem na ni\u017eoj temperaturi \u0161tedite energiju i smanjuje se emisija CO\u2082<\/p>\n","protected":false},"featured_media":39195,"template":"","meta":{"_seopress_robots_primary_cat":"","_seopress_titles_title":"","_seopress_titles_desc":"","_seopress_robots_index":"","iawp_total_views":0},"product_brand":[427],"product_cat":[283,238],"product_tag":[],"class_list":{"0":"post-39194","1":"product","2":"type-product","3":"status-publish","4":"has-post-thumbnail","6":"product_brand-ariel","7":"product_cat-pranje-rublja-238","8":"product_cat-sve-za-dom","10":"first","11":"outofstock","12":"shipping-taxable","13":"purchasable","14":"product-type-simple"},"_links":{"self":[{"href":"https:\/\/singuli.wpress.me\/index.php\/wp-json\/wp\/v2\/product\/39194","targetHints":{"allow":["GET"]}}],"collection":[{"href":"https:\/\/singuli.wpress.me\/index.php\/wp-json\/wp\/v2\/product"}],"about":[{"href":"https:\/\/singuli.wpress.me\/index.php\/wp-json\/wp\/v2\/types\/product"}],"version-history":[{"count":0,"href":"https:\/\/singuli.wpress.me\/index.php\/wp-json\/wp\/v2\/product\/39194\/revisions"}],"wp:featuredmedia":[{"embeddable":true,"href":"https:\/\/singuli.wpress.me\/index.php\/wp-json\/wp\/v2\/media\/39195"}],"wp:attachment":[{"href":"https:\/\/singuli.wpress.me\/index.php\/wp-json\/wp\/v2\/media?parent=39194"}],"wp:term":[{"taxonomy":"product_brand","embeddable":true,"href":"https:\/\/singuli.wpress.me\/index.php\/wp-json\/wp\/v2\/product_brand?post=39194"},{"taxonomy":"product_cat","embeddable":true,"href":"https:\/\/singuli.wpress.me\/index.php\/wp-json\/wp\/v2\/product_cat?post=39194"},{"taxonomy":"product_tag","embeddable":true,"href":"https:\/\/singuli.wpress.me\/index.php\/wp-json\/wp\/v2\/product_tag?post=39194"}],"curies":[{"name":"wp","href":"https:\/\/api.w.org\/{rel}","templated":true}]}}