{"id":39196,"date":"2026-04-19T02:22:38","date_gmt":"2026-04-19T02:22:38","guid":{"rendered":"https:\/\/singuli.wpress.me\/index.php\/proizvod\/medex-propolis-oral-sprej-u-vodenoj-otopini-s-aplikatorom-30-ml\/"},"modified":"2026-04-20T12:33:27","modified_gmt":"2026-04-20T12:33:27","slug":"medex-propolis-oral-sprej-u-vodenoj-otopini-s-aplikatorom-30-ml","status":"publish","type":"product","link":"https:\/\/singuli.wpress.me\/index.php\/proizvod\/medex-propolis-oral-sprej-u-vodenoj-otopini-s-aplikatorom-30-ml\/","title":{"rendered":"MEDEX Propolis oral , sprej, u vodenoj otopini s aplikatorom, 30\u00a0ml"},"content":{"rendered":"<p>Ne vjerujete da je propolis ukusan i da ga mo\u017eete uzimati bez \u017eli\u010dice meda ili \u0161e\u0107era? Upoznajte inovaciju, isprobajte propolis nove generacije.    Propolis na vodenoj osnovi zadr\u017eava prirodna svojstva propolisa bez tipi\u010dnog i gorkog okusa. Namijenjen je svima koji ne smiju konzumirati alkohol, a naro\u010dito \u0107e mu se obradovati trudnice i dojilje.<\/p>\n<p>Proizvod osim propolisa na vodenoj osnovi sadr\u017ei i med, ehinaceju, niacin koji doprinosi ozdr\u017eavanju normalnih sluznice. i suhi ekstrakt li\u0161\u0107a kadulje. U proizvodu smo standardizirali klju\u010dne sastojke propolisa, bioflavonoide, koji biljke \u0161tite od mikroorganizama, i time osigurali njegovu stalnu kvalitetu.<\/p>\n<p>Propolis na vodenoj osnovi je jednostavan za primjenu i iako je u bo\u010dici, primjeren je i za torbicu. Zato ga mo\u017eete imati sa sobom ne samo kod ku\u0107e, ve\u0107 i na poslu, na hladnom zraku, u prostorijama s velikom gu\u017evom ili ako samo \u017eelite osvje\u017eiti dah. Pomo\u0107u aplikatora \u0107ete bez problema dosti\u0107i \u017eeljeno mjesto nanosa.<\/p>\n<p>Propolis<br \/>\nPropolis ili p\u010delinje ljepilo p\u010delinji je proizvod potreban za o\u010duvanje zdrave ko\u0161nice. Sadr\u017ei razne biljne smole koje p\u010dele skupljaju na pupoljcima drve\u0107a, oplemenjuju ih izlu\u010devinama svojih \u017elijezda te im dodaju vosak. Ljepljiva im je smjesa potrebna za popravak sa\u0107a i premaz unutarnjih zidova ko\u0161nice, \u010dime sprje\u010davaju ulazak vlage i vjetra te \u0161tite ko\u0161nicu od mikroba. Koriste ga i za balzamiranje ve\u0107ih nametnika kojih se ne mogu druk\u010dije rije\u0161iti. Time sprje\u010davaju njihov raspad i tako se \u0161tite od zaraza i bolesti. Propolis u ko\u0161nici tako\u0111er hlapi te time stvara prirodnu za\u0161titu koja omogu\u0107ava zdrav razvoj i \u017eivot p\u010delinjih obitelji. Glavne su djelatne tvari propolisa bioflavonoidi, biljna bojila koja \u0161tite biljke od mikroorganizama. Upravo sadr\u017eaj bioflavonoida odre\u0111uje kvalitetu propolisa, stoga smo u Medexu standardizirali njegovu vrijednost u proizvodima i tako osigurali njihovu stalnu kvalitetu.<\/p>\n<p>Niacin<br \/>\nNiacin (vitamin B3) doprinosi ozdr\u017eavanju normalnih sluznice.<\/p>\n<p><span style=\"font-weight: bold\">Na\u010din primjene:<\/span> Preporu\u010dena dnevna doza jest 6 raspr\u0161ivanja u usta. Otopinu 3 puta na dan po 2 puta raspr\u0161ite neposredno u usnu \u0161upljinu. Prije uporabe promu\u010dkajte!<\/p>\n<p>U 6 raspr\u0161ivanja: 120 mg propolisa od toga 5,8 mg bioflavonoida, 2,4 mg niacina (15% PU)<\/p>\n","protected":false},"excerpt":{"rendered":"<p>Jednostavno i precizno nano\u0161enje aplikatorom<br \/>\nPrimjereno za trudnice i dojilje<br \/>\nDobrog okusa<\/p>\n","protected":false},"featured_media":39197,"template":"","meta":{"_seopress_robots_primary_cat":"","_seopress_titles_title":"","_seopress_titles_desc":"","_seopress_robots_index":"","iawp_total_views":0},"product_brand":[415],"product_cat":[268,269],"product_tag":[],"class_list":{"0":"post-39196","1":"product","2":"type-product","3":"status-publish","4":"has-post-thumbnail","6":"product_brand-medex","7":"product_cat-kozmetika-2","8":"product_cat-zastita-koze-268","10":"first","11":"instock","12":"shipping-taxable","13":"purchasable","14":"product-type-simple"},"_links":{"self":[{"href":"https:\/\/singuli.wpress.me\/index.php\/wp-json\/wp\/v2\/product\/39196","targetHints":{"allow":["GET"]}}],"collection":[{"href":"https:\/\/singuli.wpress.me\/index.php\/wp-json\/wp\/v2\/product"}],"about":[{"href":"https:\/\/singuli.wpress.me\/index.php\/wp-json\/wp\/v2\/types\/product"}],"version-history":[{"count":0,"href":"https:\/\/singuli.wpress.me\/index.php\/wp-json\/wp\/v2\/product\/39196\/revisions"}],"wp:featuredmedia":[{"embeddable":true,"href":"https:\/\/singuli.wpress.me\/index.php\/wp-json\/wp\/v2\/media\/39197"}],"wp:attachment":[{"href":"https:\/\/singuli.wpress.me\/index.php\/wp-json\/wp\/v2\/media?parent=39196"}],"wp:term":[{"taxonomy":"product_brand","embeddable":true,"href":"https:\/\/singuli.wpress.me\/index.php\/wp-json\/wp\/v2\/product_brand?post=39196"},{"taxonomy":"product_cat","embeddable":true,"href":"https:\/\/singuli.wpress.me\/index.php\/wp-json\/wp\/v2\/product_cat?post=39196"},{"taxonomy":"product_tag","embeddable":true,"href":"https:\/\/singuli.wpress.me\/index.php\/wp-json\/wp\/v2\/product_tag?post=39196"}],"curies":[{"name":"wp","href":"https:\/\/api.w.org\/{rel}","templated":true}]}}