{"id":39198,"date":"2026-04-19T02:22:38","date_gmt":"2026-04-19T02:22:38","guid":{"rendered":"https:\/\/singuli.wpress.me\/index.php\/proizvod\/lavazza-kapsule-blue-espresso-tierra-100x8g\/"},"modified":"2026-04-20T12:33:27","modified_gmt":"2026-04-20T12:33:27","slug":"lavazza-kapsule-blue-espresso-tierra-100x8g","status":"publish","type":"product","link":"https:\/\/singuli.wpress.me\/index.php\/proizvod\/lavazza-kapsule-blue-espresso-tierra-100x8g\/","title":{"rendered":"LAVAZZA, kapsule, Blue Espresso Tierra, 100x8g"},"content":{"rendered":"<p>Dan po\u010dinje dobrom kavom. Lavazza kavom. Kapsule za jednostavnost u\u017eivanja u kavi u udobnosti va\u0161eg doma ili ureda.<\/p>\n<p>Brend Lavazza sinonim je za poznati talijanski espresso. Uz vi\u0161e od stotinu godina tradicije, cilj im je kvalitetnu i aromati\u010dnu kavu pro\u0161iriti svijetom. Proces proizvodnje je pa\u017eljivo kontroliran, uz odabir najkvalitetnijih zrna kave. Zahvaljuju\u0107i posebnom pakiranju, kava zadr\u017eava svoj jedinstveni okus i autenti\u010dnu aromu.<\/p>\n<p>Vrhunska mje\u0161avina visokokvalitetne prirodne i isprane Arabice iz Centrala i Ju\u017enoj Americi. Savr\u0161en balans izme\u0111u nota cvjetova jasmina, bademi i mlije\u010dna \u010dokolada, srednjeg tijela i nje\u017enog okusa. Zahvaljuju\u0107i dugom i &quot;nje\u017enom&quot; bubanj sustavu pr\u017eenja idealan za espresso, arome kave se poja\u010davaju i \u010duvaju.  Porijeklo kave: Brazil, Nikaragva, Honduras i Peru. Zahvaljuju\u0107i posebnoj metodi pr\u017eenja, arome kave su o\u010duvane i poja\u010dan. <\/p>\n<p>Zna\u010dajke:<br \/>\n&#8211; Sastav: mje\u0161avina Arabica kave iz Brazila te Robuste iz jugoisto\u010dne Azije<br \/>\n&#8211; Prevladavaju\u0107e note: nota cvjetova jasmina, bademi i mlije\u010dna \u010dokolada<br \/>\n&#8211; Okus: aromati\u010dno\/balansirano<br \/>\n&#8211; Pe\u010denje: Sporo i \u201cnje\u017eno\u201d tradicionalno pe\u010denje u bubnju<\/p>\n<p>Za\u0161to Espresso Lavazza:<br \/>\n&#8211; ekolo\u0161ki: manje plastike i otpadne ambala\u017ee (npr. kapsule)<br \/>\n&#8211; svje\u017eina: kontinuirano mljevenje zrna<br \/>\n&#8211; \u0161irok izbor Lavazza okusa<br \/>\n&#8211; veliki izbor (automatskih) aparata za kavu razli\u010ditih proizvo\u0111a\u010da<\/p>\n<p>Savjet: Kako biste osigurali svje\u017einu va\u0161e Lavazza kave, preporu\u010duje se takozvano &quot;zra\u010dno zatvoreno&quot; skladi\u0161tenje. Tako \u0107ete dugo u\u017eivati u kvaliteti i svje\u017eini koju nudi Lavazza.<\/p>\n<p>Lavazza &#8211; odr\u017eiva obrada<\/p>\n<p>Poznavanje proizvoda, odr\u017eivost i inovativnost vrijednosti su izra\u017eene u svakoj od 27 milijardi Lavazza \u0161alica za espresso koje se svake godine poslu\u017euju diljem svijeta. Njihov cilj je zadovoljiti ukus svih ljubitelja kave pru\u017eaju\u0107i pravi spoj tradicije i inovacije.<\/p>\n<p>Vi\u0161e od 120 godina Lavazza slijedi viziju koja se temelji na strasti za posao, za proizvod i za zemlju u kojoj djeluje. Lavazzin na\u010din poslovanja primjer je odr\u017eivosti u punom smislu te rije\u010di. To je kvaliteta koju su izgradili i podijelili sa svim ljudima koji su uklju\u010deni u proizvodnju kave od po\u010detka do kraja. Vi\u0161e od deset godina izravno sudjeluju i doprinose odr\u017eivim projektima potpore lokalnim zajednicama u Srednjoj i Ju\u017enoj Americi, Africi i Aziji te poma\u017eu malim proizvo\u0111a\u010dima kave programima za unapre\u0111enje lokalnog gospodarstva, \u017eivota u zajednici (\u0161kola, posao). uvjetima) i za\u0161tite okoli\u0161a. To su kvalitete po kojima je tvrtka prepoznatljiva u svijetu, ne samo zbog proizvodnje vrhunske kave, ve\u0107 i zbog pristupa radu i dru\u0161tvenog anga\u017emana.<\/p>\n","protected":false},"excerpt":{"rendered":"<p>Mje\u0161avina Arabica kave iz Brazila te Robuste iz jugoisto\u010dne Azije<br \/>\nAroma: nota cvjetova jasmina, bademi i mlije\u010dna \u010dokolada<br \/>\nOkus: aromati\u010dan\/balansiran<\/p>\n","protected":false},"featured_media":39199,"template":"","meta":{"_seopress_robots_primary_cat":"","_seopress_titles_title":"","_seopress_titles_desc":"","_seopress_robots_index":"","iawp_total_views":0},"product_brand":[393],"product_cat":[211,289],"product_tag":[],"class_list":{"0":"post-39198","1":"product","2":"type-product","3":"status-publish","4":"has-post-thumbnail","6":"product_brand-lavazza","7":"product_cat-njega-majke-i-djeteta","8":"product_cat-trudnoca-i-vitamini-211","10":"first","11":"instock","12":"shipping-taxable","13":"purchasable","14":"product-type-simple"},"_links":{"self":[{"href":"https:\/\/singuli.wpress.me\/index.php\/wp-json\/wp\/v2\/product\/39198","targetHints":{"allow":["GET"]}}],"collection":[{"href":"https:\/\/singuli.wpress.me\/index.php\/wp-json\/wp\/v2\/product"}],"about":[{"href":"https:\/\/singuli.wpress.me\/index.php\/wp-json\/wp\/v2\/types\/product"}],"version-history":[{"count":0,"href":"https:\/\/singuli.wpress.me\/index.php\/wp-json\/wp\/v2\/product\/39198\/revisions"}],"wp:featuredmedia":[{"embeddable":true,"href":"https:\/\/singuli.wpress.me\/index.php\/wp-json\/wp\/v2\/media\/39199"}],"wp:attachment":[{"href":"https:\/\/singuli.wpress.me\/index.php\/wp-json\/wp\/v2\/media?parent=39198"}],"wp:term":[{"taxonomy":"product_brand","embeddable":true,"href":"https:\/\/singuli.wpress.me\/index.php\/wp-json\/wp\/v2\/product_brand?post=39198"},{"taxonomy":"product_cat","embeddable":true,"href":"https:\/\/singuli.wpress.me\/index.php\/wp-json\/wp\/v2\/product_cat?post=39198"},{"taxonomy":"product_tag","embeddable":true,"href":"https:\/\/singuli.wpress.me\/index.php\/wp-json\/wp\/v2\/product_tag?post=39198"}],"curies":[{"name":"wp","href":"https:\/\/api.w.org\/{rel}","templated":true}]}}