{"id":39215,"date":"2026-04-19T02:22:48","date_gmt":"2026-04-19T02:22:48","guid":{"rendered":"https:\/\/singuli.wpress.me\/index.php\/proizvod\/tomy-igracka-igra-gusar-u-bacvi\/"},"modified":"2026-04-20T12:33:27","modified_gmt":"2026-04-20T12:33:27","slug":"tomy-igracka-igra-gusar-u-bacvi","status":"publish","type":"product","link":"https:\/\/singuli.wpress.me\/index.php\/proizvod\/tomy-igracka-igra-gusar-u-bacvi\/","title":{"rendered":"TOMY, igra\u010dka, igra gusar u ba\u010dvi"},"content":{"rendered":"<p>Izbaci gusara!<\/p>\n<p>U bijegu s ukradenim blagom gusar se sakrio u ba\u010dvu misle\u0107i da ga nitko ne\u0107e primjetiti.<\/p>\n<p>Okupi prijatelje i obitelj i poku\u0161aj izbaciti gusara iz ba\u010dve.<\/p>\n<p>Odaberi svoj ma\u010d i probodi ba\u010dvu.<\/p>\n<p>Mo\u017eda \u0107e\u0161 ba\u0161 ti uspjeti bocnuti gusara i izbaciti ga!<\/p>\n<p>Dob: 4 godine +<\/p>\n","protected":false},"excerpt":{"rendered":"<p>Zabavna dru\u0161tvena igra<br \/>\nInteraktivna igra<br \/>\nDob: 4+ godine<\/p>\n","protected":false},"featured_media":39216,"template":"","meta":{"_seopress_robots_primary_cat":"","_seopress_titles_title":"","_seopress_titles_desc":"","_seopress_robots_index":"","iawp_total_views":0},"product_brand":[487],"product_cat":[290,221],"product_tag":[],"class_list":{"0":"post-39215","1":"product","2":"type-product","3":"status-publish","4":"has-post-thumbnail","6":"product_brand-tomy","7":"product_cat-drustvene-igre-221","8":"product_cat-igracke","10":"first","11":"outofstock","12":"shipping-taxable","13":"purchasable","14":"product-type-simple"},"_links":{"self":[{"href":"https:\/\/singuli.wpress.me\/index.php\/wp-json\/wp\/v2\/product\/39215","targetHints":{"allow":["GET"]}}],"collection":[{"href":"https:\/\/singuli.wpress.me\/index.php\/wp-json\/wp\/v2\/product"}],"about":[{"href":"https:\/\/singuli.wpress.me\/index.php\/wp-json\/wp\/v2\/types\/product"}],"version-history":[{"count":0,"href":"https:\/\/singuli.wpress.me\/index.php\/wp-json\/wp\/v2\/product\/39215\/revisions"}],"wp:featuredmedia":[{"embeddable":true,"href":"https:\/\/singuli.wpress.me\/index.php\/wp-json\/wp\/v2\/media\/39216"}],"wp:attachment":[{"href":"https:\/\/singuli.wpress.me\/index.php\/wp-json\/wp\/v2\/media?parent=39215"}],"wp:term":[{"taxonomy":"product_brand","embeddable":true,"href":"https:\/\/singuli.wpress.me\/index.php\/wp-json\/wp\/v2\/product_brand?post=39215"},{"taxonomy":"product_cat","embeddable":true,"href":"https:\/\/singuli.wpress.me\/index.php\/wp-json\/wp\/v2\/product_cat?post=39215"},{"taxonomy":"product_tag","embeddable":true,"href":"https:\/\/singuli.wpress.me\/index.php\/wp-json\/wp\/v2\/product_tag?post=39215"}],"curies":[{"name":"wp","href":"https:\/\/api.w.org\/{rel}","templated":true}]}}