{"id":39254,"date":"2026-04-19T02:23:00","date_gmt":"2026-04-19T02:23:00","guid":{"rendered":"https:\/\/singuli.wpress.me\/index.php\/proizvod\/braun-series-3-300-brijaci-aparat-zeleni\/"},"modified":"2026-04-21T00:26:59","modified_gmt":"2026-04-21T00:26:59","slug":"braun-series-3-300-brijaci-aparat-zeleni","status":"publish","type":"product","link":"https:\/\/singuli.wpress.me\/index.php\/proizvod\/braun-series-3-300-brijaci-aparat-zeleni\/","title":{"rendered":"BRAUN Series 3 300, brija\u0107i aparat, zeleni"},"content":{"rendered":"<p>Braun Series 3 300 elektri\u010dni aparat za brijanje s tri podesive o\u0161trice<br \/>\n&#8211; Elektri\u010dni aparat za brijanje s tri elementa za brijanje osjetljiva na pritisak koji omogu\u0107uju u\u010dinkovitost i ugodu na ko\u017ei<br \/>\n&#8211; Izdr\u017eljivi elektri\u010dni aparat za brijanje za be\u017ei\u010dnu upotrebu, periv vodom<br \/>\n&#8211; Dvije dugotrajne punjive Ni-MH baterije<br \/>\n&#8211; Dizajnirao i proizveo Braun, Njema\u010dka<br \/>\n&#8211; Sadr\u017eaj: elektri\u010dni aparat za brijanje Braun Series 3, za\u0161titna kapica, pametni utika\u010d za automatsko pode\u0161avanje napona 100-240 V (2-polni EU utika\u010d)<\/p>\n","protected":false},"excerpt":{"rendered":"<p>Opremljen je 3-Flex glavom za u\u010dinkovitost i ugodu na ko\u017ei.<br \/>\nDvije dugotrajne punjive Ni-MH baterije.<br \/>\nSigurno i jednostavno \u010di\u0161\u0107enje vodom.<\/p>\n","protected":false},"featured_media":39255,"template":"","meta":{"_seopress_robots_primary_cat":"","_seopress_titles_title":"","_seopress_titles_desc":"","_seopress_robots_index":"","iawp_total_views":0},"product_brand":[144],"product_cat":[280,192,279],"product_tag":[],"class_list":{"0":"post-39254","1":"product","2":"type-product","3":"status-publish","4":"has-post-thumbnail","6":"product_brand-braun","7":"product_cat-aparati-za-muskarce-279","8":"product_cat-aparati-za-osobnu-njegu","9":"product_cat-brijanje-i-sisanje-192","11":"first","12":"outofstock","13":"shipping-taxable","14":"purchasable","15":"product-type-simple"},"_links":{"self":[{"href":"https:\/\/singuli.wpress.me\/index.php\/wp-json\/wp\/v2\/product\/39254","targetHints":{"allow":["GET"]}}],"collection":[{"href":"https:\/\/singuli.wpress.me\/index.php\/wp-json\/wp\/v2\/product"}],"about":[{"href":"https:\/\/singuli.wpress.me\/index.php\/wp-json\/wp\/v2\/types\/product"}],"version-history":[{"count":0,"href":"https:\/\/singuli.wpress.me\/index.php\/wp-json\/wp\/v2\/product\/39254\/revisions"}],"wp:featuredmedia":[{"embeddable":true,"href":"https:\/\/singuli.wpress.me\/index.php\/wp-json\/wp\/v2\/media\/39255"}],"wp:attachment":[{"href":"https:\/\/singuli.wpress.me\/index.php\/wp-json\/wp\/v2\/media?parent=39254"}],"wp:term":[{"taxonomy":"product_brand","embeddable":true,"href":"https:\/\/singuli.wpress.me\/index.php\/wp-json\/wp\/v2\/product_brand?post=39254"},{"taxonomy":"product_cat","embeddable":true,"href":"https:\/\/singuli.wpress.me\/index.php\/wp-json\/wp\/v2\/product_cat?post=39254"},{"taxonomy":"product_tag","embeddable":true,"href":"https:\/\/singuli.wpress.me\/index.php\/wp-json\/wp\/v2\/product_tag?post=39254"}],"curies":[{"name":"wp","href":"https:\/\/api.w.org\/{rel}","templated":true}]}}